{"id":14102,"date":"2025-10-27T11:18:21","date_gmt":"2025-10-27T11:18:21","guid":{"rendered":"https:\/\/enlineabarcelona.com\/producto\/butaca-mikado\/"},"modified":"2025-10-27T11:18:23","modified_gmt":"2025-10-27T11:18:23","slug":"butaca-mikado","status":"publish","type":"product","link":"https:\/\/enlineabarcelona.com\/ca\/producto\/butaca-mikado\/","title":{"rendered":"Butaca Mikado"},"content":{"rendered":"\n<p>Con una presencia serena pero imponente, la silla Mikado no solo intenta impresionar por su forma, sino tambi\u00e9n por su inigualable confort. La sensaci\u00f3n al sentarse en Mikado viene definida por el acolchado, que cubre todos los lados, as\u00ed como por el movimiento din\u00e1mico del respaldo. Un ingenioso mecanismo muy sencillo oculto bajo el asiento permite que el respaldo siga el movimiento del usuario y se incline ligeramente para una mayor comodidad. Mikado est\u00e1 disponible en dos variantes: sill\u00f3n y silla auxiliar. Los laterales del respaldo redondeado de la Mikado Side Chair no se prolongan tanto hacia delante como los de la variante Armchair. Las fundas de la silla Mikado no est\u00e1n encoladas y se pueden extraer para su limpieza o sustituci\u00f3n. Las patas pueden sustituirse por separado o cambiarse por otra opci\u00f3n de un material diferente, como madera o aluminio reciclado. El panel interior del asiento tiene una gran proporci\u00f3n de aluminio reciclado y la carcasa del respaldo es de polipropileno reciclado posconsumo, que puede separarse f\u00e1cilmente del relleno de espuma durante el reciclado. El concepto de un simple intercambio de componentes confiere a Mikado versatilidad a largo plazo, lo que garantiza su longevidad.<\/p>\n\n\n\n<p><\/p>\n","protected":false},"excerpt":{"rendered":"<p>Con una presencia serena pero imponente, la silla Mikado no solo intenta impresionar por su forma, sino tambi\u00e9n por su inigualable confort. La sensaci\u00f3n al sentarse en Mikado viene definida por el acolchado, que cubre todos los lados, as\u00ed como por el movimiento din\u00e1mico del respaldo. Un ingenioso mecanismo muy sencillo oculto bajo el asiento &#8230; <a title=\"Butaca Mikado\" class=\"read-more\" href=\"https:\/\/enlineabarcelona.com\/ca\/producto\/butaca-mikado\/\" aria-label=\"M\u00e9s informaci\u00f3 sobre Butaca Mikado\">Llegiu m\u00e9s<\/a><\/p>\n","protected":false},"featured_media":9818,"comment_status":"closed","ping_status":"open","template":"","meta":{"_acf_changed":false},"product_cat":[1145,298],"product_tag":[],"disenadores":[856],"marca":[26],"class_list":{"0":"post-14102","1":"product","2":"type-product","3":"status-publish","4":"has-post-thumbnail","6":"product_cat-butacas","7":"product_cat-mobiliario","8":"disenadores-edward-barber-jay-osgerby","9":"marca-vitra","10":"sales-flash-overlay","11":"woocommerce-text-align-center","12":"woocommerce-image-align-center","13":"do-quantity-buttons","14":"wc-has-gallery","16":"first","17":"instock","18":"purchasable","19":"product-type-simple"},"acf":[],"_links":{"self":[{"href":"https:\/\/enlineabarcelona.com\/ca\/wp-json\/wp\/v2\/product\/14102","targetHints":{"allow":["GET"]}}],"collection":[{"href":"https:\/\/enlineabarcelona.com\/ca\/wp-json\/wp\/v2\/product"}],"about":[{"href":"https:\/\/enlineabarcelona.com\/ca\/wp-json\/wp\/v2\/types\/product"}],"replies":[{"embeddable":true,"href":"https:\/\/enlineabarcelona.com\/ca\/wp-json\/wp\/v2\/comments?post=14102"}],"wp:featuredmedia":[{"embeddable":true,"href":"https:\/\/enlineabarcelona.com\/ca\/wp-json\/wp\/v2\/media\/9818"}],"wp:attachment":[{"href":"https:\/\/enlineabarcelona.com\/ca\/wp-json\/wp\/v2\/media?parent=14102"}],"wp:term":[{"taxonomy":"product_cat","embeddable":true,"href":"https:\/\/enlineabarcelona.com\/ca\/wp-json\/wp\/v2\/product_cat?post=14102"},{"taxonomy":"product_tag","embeddable":true,"href":"https:\/\/enlineabarcelona.com\/ca\/wp-json\/wp\/v2\/product_tag?post=14102"},{"taxonomy":"disenadores","embeddable":true,"href":"https:\/\/enlineabarcelona.com\/ca\/wp-json\/wp\/v2\/disenadores?post=14102"},{"taxonomy":"marca","embeddable":true,"href":"https:\/\/enlineabarcelona.com\/ca\/wp-json\/wp\/v2\/marca?post=14102"}],"curies":[{"name":"wp","href":"https:\/\/api.w.org\/{rel}","templated":true}]}}