{"id":14103,"date":"2025-10-27T11:18:21","date_gmt":"2025-10-27T11:18:21","guid":{"rendered":"https:\/\/enlineabarcelona.com\/producto\/silla-mr-side-rattan\/"},"modified":"2025-10-27T11:18:23","modified_gmt":"2025-10-27T11:18:23","slug":"silla-mr-side-rattan","status":"publish","type":"product","link":"https:\/\/enlineabarcelona.com\/ca\/producto\/silla-mr-side-rattan\/","title":{"rendered":"Silla MR Side &#8211; Rattan"},"content":{"rendered":"\n<p>Influenciado por su colega y maestro de la Bauhaus, Marcel Breuer, Ludwig Mies van der Rohe r\u00e1pidamente reconoci\u00f3 las ventajas del acero tubular. Combinando este material moderno con la forma cl\u00e1sica de las mecedoras de hierro del siglo XIX, cre\u00f3 la Silla MR en 1927. Con sus elegantes curvas y su estructura en voladizo, la silla adopta una forma llamativa que se adapta para apoyar c\u00f3modamente los movimientos del usuario. En 1948, Mies otorg\u00f3 a Knoll los derechos exclusivos para producir sus muebles, incluida la Serie MR.<\/p>\n\n\n\n<p><\/p>\n","protected":false},"excerpt":{"rendered":"<p>Influenciado por su colega y maestro de la Bauhaus, Marcel Breuer, Ludwig Mies van der Rohe r\u00e1pidamente reconoci\u00f3 las ventajas del acero tubular. Combinando este material moderno con la forma cl\u00e1sica de las mecedoras de hierro del siglo XIX, cre\u00f3 la Silla MR en 1927. Con sus elegantes curvas y su estructura en voladizo, la &#8230; <a title=\"Silla MR Side &#8211; Rattan\" class=\"read-more\" href=\"https:\/\/enlineabarcelona.com\/ca\/producto\/silla-mr-side-rattan\/\" aria-label=\"M\u00e9s informaci\u00f3 sobre Silla MR Side &#8211; Rattan\">Llegiu m\u00e9s<\/a><\/p>\n","protected":false},"featured_media":9831,"comment_status":"closed","ping_status":"open","template":"","meta":{"_acf_changed":false},"product_cat":[298,1139],"product_tag":[],"disenadores":[978],"marca":[72],"class_list":{"0":"post-14103","1":"product","2":"type-product","3":"status-publish","4":"has-post-thumbnail","6":"product_cat-mobiliario","7":"product_cat-sillas","8":"disenadores-mies-van-der-rohe","9":"marca-knoll","10":"sales-flash-overlay","11":"woocommerce-text-align-center","12":"woocommerce-image-align-center","13":"do-quantity-buttons","14":"wc-has-gallery","16":"first","17":"instock","18":"purchasable","19":"product-type-simple"},"acf":[],"_links":{"self":[{"href":"https:\/\/enlineabarcelona.com\/ca\/wp-json\/wp\/v2\/product\/14103","targetHints":{"allow":["GET"]}}],"collection":[{"href":"https:\/\/enlineabarcelona.com\/ca\/wp-json\/wp\/v2\/product"}],"about":[{"href":"https:\/\/enlineabarcelona.com\/ca\/wp-json\/wp\/v2\/types\/product"}],"replies":[{"embeddable":true,"href":"https:\/\/enlineabarcelona.com\/ca\/wp-json\/wp\/v2\/comments?post=14103"}],"wp:featuredmedia":[{"embeddable":true,"href":"https:\/\/enlineabarcelona.com\/ca\/wp-json\/wp\/v2\/media\/9831"}],"wp:attachment":[{"href":"https:\/\/enlineabarcelona.com\/ca\/wp-json\/wp\/v2\/media?parent=14103"}],"wp:term":[{"taxonomy":"product_cat","embeddable":true,"href":"https:\/\/enlineabarcelona.com\/ca\/wp-json\/wp\/v2\/product_cat?post=14103"},{"taxonomy":"product_tag","embeddable":true,"href":"https:\/\/enlineabarcelona.com\/ca\/wp-json\/wp\/v2\/product_tag?post=14103"},{"taxonomy":"disenadores","embeddable":true,"href":"https:\/\/enlineabarcelona.com\/ca\/wp-json\/wp\/v2\/disenadores?post=14103"},{"taxonomy":"marca","embeddable":true,"href":"https:\/\/enlineabarcelona.com\/ca\/wp-json\/wp\/v2\/marca?post=14103"}],"curies":[{"name":"wp","href":"https:\/\/api.w.org\/{rel}","templated":true}]}}