{"id":14106,"date":"2025-10-27T11:18:21","date_gmt":"2025-10-27T11:18:21","guid":{"rendered":"https:\/\/enlineabarcelona.com\/producto\/ottoman-womb-medium\/"},"modified":"2025-10-27T11:18:26","modified_gmt":"2025-10-27T11:18:26","slug":"ottoman-womb-medium","status":"publish","type":"product","link":"https:\/\/enlineabarcelona.com\/ca\/producto\/ottoman-womb-medium\/","title":{"rendered":"Ottoman Womb\u2122 Medium"},"content":{"rendered":"\n<p>Dise\u00f1ada por Eero Saarinen en 1948, la innovadora Silla Womb desafi\u00f3 las convenciones de su \u00e9poca sobre lo que una silla pod\u00eda ser, tanto en las t\u00e9cnicas y tecnolog\u00edas que permitieron su forma, como, en \u00faltima instancia, en su funci\u00f3n no prescriptiva. Su capacidad para aceptar todas las posturas evoca el confort primigenio del \u00fatero, esa seguridad que, seg\u00fan Eero, las personas anhelan. Al lanzarla, el dise\u00f1ador coment\u00f3: &#8220;Ahora, m\u00e1s que nunca, necesitamos relajarnos&#8221;. Sus palabras, y la Silla Womb, siguen siendo tan relevantes hoy como entonces.<\/p>\n\n\n\n<p><\/p>\n","protected":false},"excerpt":{"rendered":"<p>Dise\u00f1ada por Eero Saarinen en 1948, la innovadora Silla Womb desafi\u00f3 las convenciones de su \u00e9poca sobre lo que una silla pod\u00eda ser, tanto en las t\u00e9cnicas y tecnolog\u00edas que permitieron su forma, como, en \u00faltima instancia, en su funci\u00f3n no prescriptiva. Su capacidad para aceptar todas las posturas evoca el confort primigenio del \u00fatero, &#8230; <a title=\"Ottoman Womb\u2122 Medium\" class=\"read-more\" href=\"https:\/\/enlineabarcelona.com\/ca\/producto\/ottoman-womb-medium\/\" aria-label=\"M\u00e9s informaci\u00f3 sobre Ottoman Womb\u2122 Medium\">Llegiu m\u00e9s<\/a><\/p>\n","protected":false},"featured_media":9882,"comment_status":"closed","ping_status":"open","template":"","meta":{"_acf_changed":false},"product_cat":[298,285],"product_tag":[],"disenadores":[],"marca":[72],"class_list":{"0":"post-14106","1":"product","2":"type-product","3":"status-publish","4":"has-post-thumbnail","6":"product_cat-mobiliario","7":"product_cat-poufs","8":"marca-knoll","9":"sales-flash-overlay","10":"woocommerce-text-align-center","11":"woocommerce-image-align-center","12":"do-quantity-buttons","13":"wc-has-gallery","15":"first","16":"instock","17":"purchasable","18":"product-type-simple"},"acf":[],"_links":{"self":[{"href":"https:\/\/enlineabarcelona.com\/ca\/wp-json\/wp\/v2\/product\/14106","targetHints":{"allow":["GET"]}}],"collection":[{"href":"https:\/\/enlineabarcelona.com\/ca\/wp-json\/wp\/v2\/product"}],"about":[{"href":"https:\/\/enlineabarcelona.com\/ca\/wp-json\/wp\/v2\/types\/product"}],"replies":[{"embeddable":true,"href":"https:\/\/enlineabarcelona.com\/ca\/wp-json\/wp\/v2\/comments?post=14106"}],"wp:featuredmedia":[{"embeddable":true,"href":"https:\/\/enlineabarcelona.com\/ca\/wp-json\/wp\/v2\/media\/9882"}],"wp:attachment":[{"href":"https:\/\/enlineabarcelona.com\/ca\/wp-json\/wp\/v2\/media?parent=14106"}],"wp:term":[{"taxonomy":"product_cat","embeddable":true,"href":"https:\/\/enlineabarcelona.com\/ca\/wp-json\/wp\/v2\/product_cat?post=14106"},{"taxonomy":"product_tag","embeddable":true,"href":"https:\/\/enlineabarcelona.com\/ca\/wp-json\/wp\/v2\/product_tag?post=14106"},{"taxonomy":"disenadores","embeddable":true,"href":"https:\/\/enlineabarcelona.com\/ca\/wp-json\/wp\/v2\/disenadores?post=14106"},{"taxonomy":"marca","embeddable":true,"href":"https:\/\/enlineabarcelona.com\/ca\/wp-json\/wp\/v2\/marca?post=14106"}],"curies":[{"name":"wp","href":"https:\/\/api.w.org\/{rel}","templated":true}]}}