{"id":14107,"date":"2025-10-27T11:18:21","date_gmt":"2025-10-27T11:18:21","guid":{"rendered":"https:\/\/enlineabarcelona.com\/producto\/sillon-barcelona\/"},"modified":"2025-10-27T11:18:26","modified_gmt":"2025-10-27T11:18:26","slug":"sillon-barcelona","status":"publish","type":"product","link":"https:\/\/enlineabarcelona.com\/ca\/producto\/sillon-barcelona\/","title":{"rendered":"Sill\u00f3n Barcelona"},"content":{"rendered":"\n<p>Creada por Ludwig Mies van der Rohe para su Pabell\u00f3n Alem\u00e1n de 1929 en la Exposici\u00f3n Internacional de Barcelona, la Colecci\u00f3n Barcelona, con su composici\u00f3n pura, lleg\u00f3 a simbolizar la arquitectura moderna. Desde el marco pulido a mano hasta los cuadrados de cuero individuales, ensamblados con maestr\u00eda y cosidos a mano, cada Silla Barcelona es un homenaje a la artesan\u00eda tradicional y a la meticulosa atenci\u00f3n al detalle.<\/p>\n\n\n\n<p><\/p>\n","protected":false},"excerpt":{"rendered":"<p>Creada por Ludwig Mies van der Rohe para su Pabell\u00f3n Alem\u00e1n de 1929 en la Exposici\u00f3n Internacional de Barcelona, la Colecci\u00f3n Barcelona, con su composici\u00f3n pura, lleg\u00f3 a simbolizar la arquitectura moderna. Desde el marco pulido a mano hasta los cuadrados de cuero individuales, ensamblados con maestr\u00eda y cosidos a mano, cada Silla Barcelona es &#8230; <a title=\"Sill\u00f3n Barcelona\" class=\"read-more\" href=\"https:\/\/enlineabarcelona.com\/ca\/producto\/sillon-barcelona\/\" aria-label=\"M\u00e9s informaci\u00f3 sobre Sill\u00f3n Barcelona\">Llegiu m\u00e9s<\/a><\/p>\n","protected":false},"featured_media":9889,"comment_status":"closed","ping_status":"open","template":"","meta":{"_acf_changed":false},"product_cat":[1145,298],"product_tag":[],"disenadores":[978],"marca":[72],"class_list":{"0":"post-14107","1":"product","2":"type-product","3":"status-publish","4":"has-post-thumbnail","6":"product_cat-butacas","7":"product_cat-mobiliario","8":"disenadores-mies-van-der-rohe","9":"marca-knoll","10":"sales-flash-overlay","11":"woocommerce-text-align-center","12":"woocommerce-image-align-center","13":"do-quantity-buttons","14":"wc-has-gallery","16":"first","17":"instock","18":"purchasable","19":"product-type-simple"},"acf":[],"_links":{"self":[{"href":"https:\/\/enlineabarcelona.com\/ca\/wp-json\/wp\/v2\/product\/14107","targetHints":{"allow":["GET"]}}],"collection":[{"href":"https:\/\/enlineabarcelona.com\/ca\/wp-json\/wp\/v2\/product"}],"about":[{"href":"https:\/\/enlineabarcelona.com\/ca\/wp-json\/wp\/v2\/types\/product"}],"replies":[{"embeddable":true,"href":"https:\/\/enlineabarcelona.com\/ca\/wp-json\/wp\/v2\/comments?post=14107"}],"wp:featuredmedia":[{"embeddable":true,"href":"https:\/\/enlineabarcelona.com\/ca\/wp-json\/wp\/v2\/media\/9889"}],"wp:attachment":[{"href":"https:\/\/enlineabarcelona.com\/ca\/wp-json\/wp\/v2\/media?parent=14107"}],"wp:term":[{"taxonomy":"product_cat","embeddable":true,"href":"https:\/\/enlineabarcelona.com\/ca\/wp-json\/wp\/v2\/product_cat?post=14107"},{"taxonomy":"product_tag","embeddable":true,"href":"https:\/\/enlineabarcelona.com\/ca\/wp-json\/wp\/v2\/product_tag?post=14107"},{"taxonomy":"disenadores","embeddable":true,"href":"https:\/\/enlineabarcelona.com\/ca\/wp-json\/wp\/v2\/disenadores?post=14107"},{"taxonomy":"marca","embeddable":true,"href":"https:\/\/enlineabarcelona.com\/ca\/wp-json\/wp\/v2\/marca?post=14107"}],"curies":[{"name":"wp","href":"https:\/\/api.w.org\/{rel}","templated":true}]}}