{"id":14108,"date":"2025-10-27T11:18:21","date_gmt":"2025-10-27T11:18:21","guid":{"rendered":"https:\/\/enlineabarcelona.com\/producto\/lampara-fragile\/"},"modified":"2025-10-27T11:18:27","modified_gmt":"2025-10-27T11:18:27","slug":"lampara-fragile","status":"publish","type":"product","link":"https:\/\/enlineabarcelona.com\/ca\/producto\/lampara-fragile\/","title":{"rendered":"L\u00e1mpara Fragile"},"content":{"rendered":"\n<p>Fascinado por el dise\u00f1o atemporal, el dise\u00f1ador Jaume Ram\u00edrez se interesa en la l\u00e1mpara de mesa arquet\u00edpica en la que una pantalla distribuye la luz en todas direcciones. Este es el punto de partida desde el cual reflexiona y experimenta para proponer un nuevo dise\u00f1o en vidrio, con formas m\u00e1s estilizadas. La l\u00e1mpara Fragile es una mezcla de formas geom\u00e9tricas. Un cono y una esfera est\u00e1n dispuestos para sostener un cilindro que emite luz ambiental desde abajo.<\/p>\n\n\n\n<p>En su forma, encontramos reminiscencias del pasado; en el material, encontramos emoci\u00f3n. El vidrio no solo revela la fuente de luz, sino que tambi\u00e9n habla de pureza, ligereza y de c\u00f3mo este dise\u00f1o se integra con su entorno. Su estructura parece sostenerse sin esfuerzo, un logro muy serio en el que todo est\u00e1 a la vista. El cilindro matiza su luz c\u00e1lida, difusa y gradual.<\/p>\n\n\n\n<p>Fragile sintetiza pasado y presente. Evoca elementos distintivos del pasado, como las l\u00e1mparas de aceite, que tambi\u00e9n iluminan de abajo hacia arriba, o las velas; sin embargo, su dise\u00f1ador utiliza el lenguaje del vidrio para expresar la fragilidad del momento presente. Por eso, este nuevo dise\u00f1o est\u00e1 destinado a ser un homenaje a la l\u00e1mpara de mesa, un accesorio con una larga historia que, con la aplicaci\u00f3n de un material como el vidrio, vuelve a sorprendernos con la delicadeza de sus formas.<\/p>\n","protected":false},"excerpt":{"rendered":"<p>Fascinado por el dise\u00f1o atemporal, el dise\u00f1ador Jaume Ram\u00edrez se interesa en la l\u00e1mpara de mesa arquet\u00edpica en la que una pantalla distribuye la luz en todas direcciones. Este es el punto de partida desde el cual reflexiona y experimenta para proponer un nuevo dise\u00f1o en vidrio, con formas m\u00e1s estilizadas. La l\u00e1mpara Fragile es &#8230; <a title=\"L\u00e1mpara Fragile\" class=\"read-more\" href=\"https:\/\/enlineabarcelona.com\/ca\/producto\/lampara-fragile\/\" aria-label=\"M\u00e9s informaci\u00f3 sobre L\u00e1mpara Fragile\">Llegiu m\u00e9s<\/a><\/p>\n","protected":false},"featured_media":9908,"comment_status":"closed","ping_status":"open","template":"","meta":{"_acf_changed":false},"product_cat":[1156],"product_tag":[],"disenadores":[810],"marca":[1188],"class_list":{"0":"post-14108","1":"product","2":"type-product","3":"status-publish","4":"has-post-thumbnail","6":"product_cat-iluminacion","7":"disenadores-jaume-ramirez","8":"marca-marset","9":"sales-flash-overlay","10":"woocommerce-text-align-center","11":"woocommerce-image-align-center","12":"do-quantity-buttons","13":"wc-has-gallery","15":"first","16":"instock","17":"purchasable","18":"product-type-simple"},"acf":[],"_links":{"self":[{"href":"https:\/\/enlineabarcelona.com\/ca\/wp-json\/wp\/v2\/product\/14108","targetHints":{"allow":["GET"]}}],"collection":[{"href":"https:\/\/enlineabarcelona.com\/ca\/wp-json\/wp\/v2\/product"}],"about":[{"href":"https:\/\/enlineabarcelona.com\/ca\/wp-json\/wp\/v2\/types\/product"}],"replies":[{"embeddable":true,"href":"https:\/\/enlineabarcelona.com\/ca\/wp-json\/wp\/v2\/comments?post=14108"}],"wp:featuredmedia":[{"embeddable":true,"href":"https:\/\/enlineabarcelona.com\/ca\/wp-json\/wp\/v2\/media\/9908"}],"wp:attachment":[{"href":"https:\/\/enlineabarcelona.com\/ca\/wp-json\/wp\/v2\/media?parent=14108"}],"wp:term":[{"taxonomy":"product_cat","embeddable":true,"href":"https:\/\/enlineabarcelona.com\/ca\/wp-json\/wp\/v2\/product_cat?post=14108"},{"taxonomy":"product_tag","embeddable":true,"href":"https:\/\/enlineabarcelona.com\/ca\/wp-json\/wp\/v2\/product_tag?post=14108"},{"taxonomy":"disenadores","embeddable":true,"href":"https:\/\/enlineabarcelona.com\/ca\/wp-json\/wp\/v2\/disenadores?post=14108"},{"taxonomy":"marca","embeddable":true,"href":"https:\/\/enlineabarcelona.com\/ca\/wp-json\/wp\/v2\/marca?post=14108"}],"curies":[{"name":"wp","href":"https:\/\/api.w.org\/{rel}","templated":true}]}}