{"id":14109,"date":"2025-10-27T11:18:21","date_gmt":"2025-10-27T11:18:21","guid":{"rendered":"https:\/\/enlineabarcelona.com\/producto\/lampara-ambrosia\/"},"modified":"2025-10-27T11:18:28","modified_gmt":"2025-10-27T11:18:28","slug":"lampara-ambrosia","status":"publish","type":"product","link":"https:\/\/enlineabarcelona.com\/ca\/producto\/lampara-ambrosia\/","title":{"rendered":"L\u00e1mpara Ambrosia"},"content":{"rendered":"\n<p>Ambrosia es, esencialmente, una l\u00ednea de luz que puede convertirse en un sistema modular, capaz de extender la iluminaci\u00f3n que ofrece para adaptarse a cualquier espacio. Un dise\u00f1o que recupera y reinterpreta la luz tubular, atemporal, actualiz\u00e1ndola para que su estructura sencilla y su iluminaci\u00f3n difusa aporten belleza a cualquier entorno. Esta colecci\u00f3n ampl\u00eda sus posibilidades al proponer un cambio en el plano de la luz, pasando de horizontal a vertical.<\/p>\n\n\n\n<p>Este nuevo estilo de l\u00e1mpara est\u00e1 disponible en dos versiones, ambas como l\u00e1mparas colgantes. Primero, la Ambrosia V2, una estructura vertical de 235 cm de altura que consta de dos tubos de luz de diferentes longitudes. Una l\u00ednea de luz interrumpida, un detalle que aporta ligereza y car\u00e1cter a la l\u00e1mpara. Su dise\u00f1o permite elegir la direcci\u00f3n de la iluminaci\u00f3n, ya sea hacia la pared para una luz indirecta o hacia el espacio principal para una luz directa. Este dise\u00f1o est\u00e9tico y funcional tambi\u00e9n se adapta bien a entornos dom\u00e9sticos.<\/p>\n\n\n\n<p>La otra versi\u00f3n vertical, Ambrosia V3, combina tres tubos de luz dispuestos a distintas alturas, formando un conjunto escult\u00f3rico. Esta opci\u00f3n puede proporcionar una gran cantidad de luz y, por lo tanto, incluye un sistema de regulaci\u00f3n para facilitar el control de la iluminaci\u00f3n. Est\u00e1 disponible en dos alturas: 130 y 175 cm. Ambos tama\u00f1os pueden conectarse el\u00e9ctricamente mediante la roseta del techo o un enchufe en el suelo.<\/p>\n\n\n\n<p>La nueva Ambrosia permite crear composiciones de iluminaci\u00f3n vertical, combinando diferentes tama\u00f1os en repetici\u00f3n para iluminar grandes espacios. Al instalarse individualmente, llena el ambiente de luz y calidez. Su dise\u00f1o esbelto crea la escena perfecta en cualquier habitaci\u00f3n. Una perspectiva totalmente nueva para este sistema de iluminaci\u00f3n flexible, que logra una expresi\u00f3n m\u00e1xima de luz con una estructura minimalista.<\/p>\n\n\n\n<p><\/p>\n","protected":false},"excerpt":{"rendered":"<p>Ambrosia es, esencialmente, una l\u00ednea de luz que puede convertirse en un sistema modular, capaz de extender la iluminaci\u00f3n que ofrece para adaptarse a cualquier espacio. Un dise\u00f1o que recupera y reinterpreta la luz tubular, atemporal, actualiz\u00e1ndola para que su estructura sencilla y su iluminaci\u00f3n difusa aporten belleza a cualquier entorno. Esta colecci\u00f3n ampl\u00eda sus &#8230; <a title=\"L\u00e1mpara Ambrosia\" class=\"read-more\" href=\"https:\/\/enlineabarcelona.com\/ca\/producto\/lampara-ambrosia\/\" aria-label=\"M\u00e9s informaci\u00f3 sobre L\u00e1mpara Ambrosia\">Llegiu m\u00e9s<\/a><\/p>\n","protected":false},"featured_media":9927,"comment_status":"closed","ping_status":"open","template":"","meta":{"_acf_changed":false},"product_cat":[1156],"product_tag":[],"disenadores":[776],"marca":[1188],"class_list":{"0":"post-14109","1":"product","2":"type-product","3":"status-publish","4":"has-post-thumbnail","6":"product_cat-iluminacion","7":"disenadores-ciszak-dalmas","8":"marca-marset","9":"sales-flash-overlay","10":"woocommerce-text-align-center","11":"woocommerce-image-align-center","12":"do-quantity-buttons","13":"wc-has-gallery","15":"first","16":"instock","17":"purchasable","18":"product-type-simple"},"acf":[],"_links":{"self":[{"href":"https:\/\/enlineabarcelona.com\/ca\/wp-json\/wp\/v2\/product\/14109","targetHints":{"allow":["GET"]}}],"collection":[{"href":"https:\/\/enlineabarcelona.com\/ca\/wp-json\/wp\/v2\/product"}],"about":[{"href":"https:\/\/enlineabarcelona.com\/ca\/wp-json\/wp\/v2\/types\/product"}],"replies":[{"embeddable":true,"href":"https:\/\/enlineabarcelona.com\/ca\/wp-json\/wp\/v2\/comments?post=14109"}],"wp:featuredmedia":[{"embeddable":true,"href":"https:\/\/enlineabarcelona.com\/ca\/wp-json\/wp\/v2\/media\/9927"}],"wp:attachment":[{"href":"https:\/\/enlineabarcelona.com\/ca\/wp-json\/wp\/v2\/media?parent=14109"}],"wp:term":[{"taxonomy":"product_cat","embeddable":true,"href":"https:\/\/enlineabarcelona.com\/ca\/wp-json\/wp\/v2\/product_cat?post=14109"},{"taxonomy":"product_tag","embeddable":true,"href":"https:\/\/enlineabarcelona.com\/ca\/wp-json\/wp\/v2\/product_tag?post=14109"},{"taxonomy":"disenadores","embeddable":true,"href":"https:\/\/enlineabarcelona.com\/ca\/wp-json\/wp\/v2\/disenadores?post=14109"},{"taxonomy":"marca","embeddable":true,"href":"https:\/\/enlineabarcelona.com\/ca\/wp-json\/wp\/v2\/marca?post=14109"}],"curies":[{"name":"wp","href":"https:\/\/api.w.org\/{rel}","templated":true}]}}