{"id":14110,"date":"2025-10-27T11:18:21","date_gmt":"2025-10-27T11:18:21","guid":{"rendered":"https:\/\/enlineabarcelona.com\/producto\/lampara-bicoca\/"},"modified":"2025-10-27T11:18:29","modified_gmt":"2025-10-27T11:18:29","slug":"lampara-bicoca","status":"publish","type":"product","link":"https:\/\/enlineabarcelona.com\/ca\/producto\/lampara-bicoca\/","title":{"rendered":"L\u00e1mpara Bicoca"},"content":{"rendered":"\n<p>La Bicoca nace con el optimismo de iluminar la vida y acompa\u00f1ar los buenos momentos, dondequiera que vayas. Esta l\u00e1mpara port\u00e1til, colorida y ligera, proyecta una luz \u00edntima que aporta calidez a todos tus espacios personales.<\/p>\n\n\n\n<p>Fabricada en policarbonato, Bicoca comienza con una superposici\u00f3n de figuras geom\u00e9tricas b\u00e1sicas y cuenta con una pantalla inclinable para dirigir la luz. Un accesorio adicional aumenta la aplicabilidad y versatilidad de la l\u00e1mpara: un accesorio para sillones que se coloca sobre los reposabrazos, respaldos de sof\u00e1s o cabeceros, permitiendo llevar la Bicoca a todos tus espacios personales de lectura.<\/p>\n\n\n\n<p>La amplia gama de colores de la pantalla ofrece una opci\u00f3n para cada gusto y cada espacio. Bicoca es peque\u00f1a, manejable, vers\u00e1til y aut\u00f3noma.<\/p>\n","protected":false},"excerpt":{"rendered":"<p>La Bicoca nace con el optimismo de iluminar la vida y acompa\u00f1ar los buenos momentos, dondequiera que vayas. Esta l\u00e1mpara port\u00e1til, colorida y ligera, proyecta una luz \u00edntima que aporta calidez a todos tus espacios personales. Fabricada en policarbonato, Bicoca comienza con una superposici\u00f3n de figuras geom\u00e9tricas b\u00e1sicas y cuenta con una pantalla inclinable para &#8230; <a title=\"L\u00e1mpara Bicoca\" class=\"read-more\" href=\"https:\/\/enlineabarcelona.com\/ca\/producto\/lampara-bicoca\/\" aria-label=\"M\u00e9s informaci\u00f3 sobre L\u00e1mpara Bicoca\">Llegiu m\u00e9s<\/a><\/p>\n","protected":false},"featured_media":9946,"comment_status":"closed","ping_status":"open","template":"","meta":{"_acf_changed":false},"product_cat":[1156,1206],"product_tag":[],"disenadores":[786],"marca":[1188],"class_list":{"0":"post-14110","1":"product","2":"type-product","3":"status-publish","4":"has-post-thumbnail","6":"product_cat-iluminacion","7":"product_cat-lamparas-portatiles","8":"disenadores-christophe-mathieu","9":"marca-marset","10":"sales-flash-overlay","11":"woocommerce-text-align-center","12":"woocommerce-image-align-center","13":"do-quantity-buttons","14":"wc-has-gallery","16":"first","17":"instock","18":"purchasable","19":"product-type-simple"},"acf":[],"_links":{"self":[{"href":"https:\/\/enlineabarcelona.com\/ca\/wp-json\/wp\/v2\/product\/14110","targetHints":{"allow":["GET"]}}],"collection":[{"href":"https:\/\/enlineabarcelona.com\/ca\/wp-json\/wp\/v2\/product"}],"about":[{"href":"https:\/\/enlineabarcelona.com\/ca\/wp-json\/wp\/v2\/types\/product"}],"replies":[{"embeddable":true,"href":"https:\/\/enlineabarcelona.com\/ca\/wp-json\/wp\/v2\/comments?post=14110"}],"wp:featuredmedia":[{"embeddable":true,"href":"https:\/\/enlineabarcelona.com\/ca\/wp-json\/wp\/v2\/media\/9946"}],"wp:attachment":[{"href":"https:\/\/enlineabarcelona.com\/ca\/wp-json\/wp\/v2\/media?parent=14110"}],"wp:term":[{"taxonomy":"product_cat","embeddable":true,"href":"https:\/\/enlineabarcelona.com\/ca\/wp-json\/wp\/v2\/product_cat?post=14110"},{"taxonomy":"product_tag","embeddable":true,"href":"https:\/\/enlineabarcelona.com\/ca\/wp-json\/wp\/v2\/product_tag?post=14110"},{"taxonomy":"disenadores","embeddable":true,"href":"https:\/\/enlineabarcelona.com\/ca\/wp-json\/wp\/v2\/disenadores?post=14110"},{"taxonomy":"marca","embeddable":true,"href":"https:\/\/enlineabarcelona.com\/ca\/wp-json\/wp\/v2\/marca?post=14110"}],"curies":[{"name":"wp","href":"https:\/\/api.w.org\/{rel}","templated":true}]}}