{"id":14111,"date":"2025-10-27T11:18:21","date_gmt":"2025-10-27T11:18:21","guid":{"rendered":"https:\/\/enlineabarcelona.com\/producto\/lampara-ph5-mini\/"},"modified":"2025-10-27T11:18:30","modified_gmt":"2025-10-27T11:18:30","slug":"lampara-ph5-mini","status":"publish","type":"product","link":"https:\/\/enlineabarcelona.com\/ca\/producto\/lampara-ph5-mini\/","title":{"rendered":"L\u00e1mpara PH5 Mini"},"content":{"rendered":"\n<p>Poul Henningsen dise\u00f1\u00f3 el PH 5 en 1958 como una reacci\u00f3n en contra de las muchas alteraciones que los fabricantes de bombillas hac\u00edan a la forma y el tama\u00f1o de las bombillas incandescentes en ese momento, que Henningsen consideraba completamente insensatas. El PH 5 se adaptaba a todos los tipos de fuentes de luz al convertir todo en una iluminaci\u00f3n amable. Esto hizo que el PH 5 se hiciera tan famoso que se convirti\u00f3 en sin\u00f3nimo de &#8220;la luz PH&#8221;, que a\u00fan hoy ilumina incluso los interiores m\u00e1s contempor\u00e1neos, al igual que el PH 5 Mini. <\/p>\n\n\n\n<p>La versi\u00f3n m\u00e1s peque\u00f1a del PH 5 se introdujo en 2017 y se cre\u00f3 de acuerdo con el dise\u00f1o original de Poul Henningsen, con una pantalla superior de aproximadamente 30 cm de di\u00e1metro. Henningsen ten\u00eda un enfoque cient\u00edfico distintivo hacia la luz y dise\u00f1\u00f3 numerosas luminarias basadas en el sistema de tres pantallas que invent\u00f3 en 1925 para lograr una excelente iluminaci\u00f3n sin deslumbramiento. Utiliz\u00f3 la espiral logar\u00edtmica como base y logr\u00f3 una distribuci\u00f3n uniforme de la luz con el sistema de m\u00faltiples pantallas, lo que permiti\u00f3 reducir el deslumbramiento y las sombras. En 2020, se introdujo la serie PH 5 Mini Monochrome para enfatizar este dise\u00f1o impactante y ofrecer un aspecto m\u00e1s actual. Las pantallas de metal pintadas en mate est\u00e1n disponibles en negro, blanco y azul ultra para el decorador m\u00e1s audaz.<\/p>\n\n\n\n<p><\/p>\n","protected":false},"excerpt":{"rendered":"<p>Poul Henningsen dise\u00f1\u00f3 el PH 5 en 1958 como una reacci\u00f3n en contra de las muchas alteraciones que los fabricantes de bombillas hac\u00edan a la forma y el tama\u00f1o de las bombillas incandescentes en ese momento, que Henningsen consideraba completamente insensatas. El PH 5 se adaptaba a todos los tipos de fuentes de luz al &#8230; <a title=\"L\u00e1mpara PH5 Mini\" class=\"read-more\" href=\"https:\/\/enlineabarcelona.com\/ca\/producto\/lampara-ph5-mini\/\" aria-label=\"M\u00e9s informaci\u00f3 sobre L\u00e1mpara PH5 Mini\">Llegiu m\u00e9s<\/a><\/p>\n","protected":false},"featured_media":9965,"comment_status":"closed","ping_status":"open","template":"","meta":{"_acf_changed":false},"product_cat":[1156],"product_tag":[],"disenadores":[946],"marca":[67],"class_list":{"0":"post-14111","1":"product","2":"type-product","3":"status-publish","4":"has-post-thumbnail","6":"product_cat-iluminacion","7":"disenadores-poul-henningsen","8":"marca-louis-poulsen","9":"sales-flash-overlay","10":"woocommerce-text-align-center","11":"woocommerce-image-align-center","12":"do-quantity-buttons","13":"wc-has-gallery","15":"first","16":"instock","17":"purchasable","18":"product-type-simple"},"acf":[],"_links":{"self":[{"href":"https:\/\/enlineabarcelona.com\/ca\/wp-json\/wp\/v2\/product\/14111","targetHints":{"allow":["GET"]}}],"collection":[{"href":"https:\/\/enlineabarcelona.com\/ca\/wp-json\/wp\/v2\/product"}],"about":[{"href":"https:\/\/enlineabarcelona.com\/ca\/wp-json\/wp\/v2\/types\/product"}],"replies":[{"embeddable":true,"href":"https:\/\/enlineabarcelona.com\/ca\/wp-json\/wp\/v2\/comments?post=14111"}],"wp:featuredmedia":[{"embeddable":true,"href":"https:\/\/enlineabarcelona.com\/ca\/wp-json\/wp\/v2\/media\/9965"}],"wp:attachment":[{"href":"https:\/\/enlineabarcelona.com\/ca\/wp-json\/wp\/v2\/media?parent=14111"}],"wp:term":[{"taxonomy":"product_cat","embeddable":true,"href":"https:\/\/enlineabarcelona.com\/ca\/wp-json\/wp\/v2\/product_cat?post=14111"},{"taxonomy":"product_tag","embeddable":true,"href":"https:\/\/enlineabarcelona.com\/ca\/wp-json\/wp\/v2\/product_tag?post=14111"},{"taxonomy":"disenadores","embeddable":true,"href":"https:\/\/enlineabarcelona.com\/ca\/wp-json\/wp\/v2\/disenadores?post=14111"},{"taxonomy":"marca","embeddable":true,"href":"https:\/\/enlineabarcelona.com\/ca\/wp-json\/wp\/v2\/marca?post=14111"}],"curies":[{"name":"wp","href":"https:\/\/api.w.org\/{rel}","templated":true}]}}