{"id":14112,"date":"2025-10-27T11:18:21","date_gmt":"2025-10-27T11:18:21","guid":{"rendered":"https:\/\/enlineabarcelona.com\/producto\/lampara-de-suspension-vl-45-radiohus\/"},"modified":"2025-10-27T11:18:30","modified_gmt":"2025-10-27T11:18:30","slug":"lampara-de-suspension-vl-45-radiohus","status":"publish","type":"product","link":"https:\/\/enlineabarcelona.com\/ca\/producto\/lampara-de-suspension-vl-45-radiohus\/","title":{"rendered":"L\u00e1mpara de suspensi\u00f3n VL 45 Radiohus"},"content":{"rendered":"\n<p>La l\u00e1mpara de suspensi\u00f3n VL 45 Radiohus fue dise\u00f1ada originalmente por el arquitecto dan\u00e9s Vilhelm Lauritzen para su gesamtkunstwerk en la Casa Danesa de Radiodifusi\u00f3n, tambi\u00e9n conocida como Radiohuset. El dise\u00f1o original de la d\u00e9cada de 1940 presenta una suspensi\u00f3n de lat\u00f3n y una pantalla de vidrio soplado a boca en tres capas de color blanco lechoso, una combinaci\u00f3n cl\u00e1sica y elegante que fue reintroducida por Louis Poulsen en 2016. Un giro en el dise\u00f1o ic\u00f3nico, la l\u00e1mpara de suspensi\u00f3n VL 45 Pale Rose presenta un vidrio soplado a boca de cuatro capas de color rosa p\u00e1lido combinado con la suspensi\u00f3n de lat\u00f3n cepillado, un sutil gui\u00f1o a las tendencias contempor\u00e1neas de interior.<\/p>\n\n\n\n<p><\/p>\n","protected":false},"excerpt":{"rendered":"<p>La l\u00e1mpara de suspensi\u00f3n VL 45 Radiohus fue dise\u00f1ada originalmente por el arquitecto dan\u00e9s Vilhelm Lauritzen para su gesamtkunstwerk en la Casa Danesa de Radiodifusi\u00f3n, tambi\u00e9n conocida como Radiohuset. El dise\u00f1o original de la d\u00e9cada de 1940 presenta una suspensi\u00f3n de lat\u00f3n y una pantalla de vidrio soplado a boca en tres capas de color &#8230; <a title=\"L\u00e1mpara de suspensi\u00f3n VL 45 Radiohus\" class=\"read-more\" href=\"https:\/\/enlineabarcelona.com\/ca\/producto\/lampara-de-suspension-vl-45-radiohus\/\" aria-label=\"M\u00e9s informaci\u00f3 sobre L\u00e1mpara de suspensi\u00f3n VL 45 Radiohus\">Llegiu m\u00e9s<\/a><\/p>\n","protected":false},"featured_media":9981,"comment_status":"closed","ping_status":"open","template":"","meta":{"_acf_changed":false},"product_cat":[1156,1197],"product_tag":[],"disenadores":[813],"marca":[67],"class_list":{"0":"post-14112","1":"product","2":"type-product","3":"status-publish","4":"has-post-thumbnail","6":"product_cat-iluminacion","7":"product_cat-lamparas-de-suspension","8":"disenadores-vilhelm-lauritzen","9":"marca-louis-poulsen","10":"sales-flash-overlay","11":"woocommerce-text-align-center","12":"woocommerce-image-align-center","13":"do-quantity-buttons","14":"wc-has-gallery","16":"first","17":"instock","18":"purchasable","19":"product-type-simple"},"acf":[],"_links":{"self":[{"href":"https:\/\/enlineabarcelona.com\/ca\/wp-json\/wp\/v2\/product\/14112","targetHints":{"allow":["GET"]}}],"collection":[{"href":"https:\/\/enlineabarcelona.com\/ca\/wp-json\/wp\/v2\/product"}],"about":[{"href":"https:\/\/enlineabarcelona.com\/ca\/wp-json\/wp\/v2\/types\/product"}],"replies":[{"embeddable":true,"href":"https:\/\/enlineabarcelona.com\/ca\/wp-json\/wp\/v2\/comments?post=14112"}],"wp:featuredmedia":[{"embeddable":true,"href":"https:\/\/enlineabarcelona.com\/ca\/wp-json\/wp\/v2\/media\/9981"}],"wp:attachment":[{"href":"https:\/\/enlineabarcelona.com\/ca\/wp-json\/wp\/v2\/media?parent=14112"}],"wp:term":[{"taxonomy":"product_cat","embeddable":true,"href":"https:\/\/enlineabarcelona.com\/ca\/wp-json\/wp\/v2\/product_cat?post=14112"},{"taxonomy":"product_tag","embeddable":true,"href":"https:\/\/enlineabarcelona.com\/ca\/wp-json\/wp\/v2\/product_tag?post=14112"},{"taxonomy":"disenadores","embeddable":true,"href":"https:\/\/enlineabarcelona.com\/ca\/wp-json\/wp\/v2\/disenadores?post=14112"},{"taxonomy":"marca","embeddable":true,"href":"https:\/\/enlineabarcelona.com\/ca\/wp-json\/wp\/v2\/marca?post=14112"}],"curies":[{"name":"wp","href":"https:\/\/api.w.org\/{rel}","templated":true}]}}