{"id":14113,"date":"2025-10-27T11:18:21","date_gmt":"2025-10-27T11:18:21","guid":{"rendered":"https:\/\/enlineabarcelona.com\/producto\/lampara-moonsetter\/"},"modified":"2025-10-27T11:18:31","modified_gmt":"2025-10-27T11:18:31","slug":"lampara-moonsetter","status":"publish","type":"product","link":"https:\/\/enlineabarcelona.com\/ca\/producto\/lampara-moonsetter\/","title":{"rendered":"L\u00e1mpara Moonsetter"},"content":{"rendered":"\n<p>Moonsetter, de la arquitecta y dise\u00f1adora Anne Boysen, fue el dise\u00f1o ganador del concurso Next Danish Design Classic, transmitido por la televisi\u00f3n nacional danesa en 2020. Los jueces del concurso reconocieron de inmediato las cualidades de Moonsetter, con su dise\u00f1o simple, l\u00edneas limpias y una sensaci\u00f3n atemporal. El dise\u00f1o de Moonsetter se basa en formas geom\u00e9tricas b\u00e1sicas, fusionando el c\u00edrculo, el cuadrado y el cilindro en una configuraci\u00f3n \u00fanica y art\u00edstica. Despu\u00e9s de crear el primer prototipo de la l\u00e1mpara de pie para el concurso de dise\u00f1o, Anne Boysen estableci\u00f3 una asociaci\u00f3n con Louis Poulsen para continuar con las iteraciones del dise\u00f1o. En 2021, la l\u00e1mpara fue presentada en Dinamarca en ediciones numeradas de 100 piezas.<\/p>\n\n\n\n<p>La est\u00e9tica escult\u00f3rica de la l\u00e1mpara de pie ocupa un lugar central en cualquier interior, casi como una obra de arte. Su disco rotatorio de 360\u00b0, que tiene un acabado diferente en cada lado, nos permite jugar y decidir c\u00f3mo se debe reflejar la luz en la habitaci\u00f3n y exactamente c\u00f3mo la habitaci\u00f3n debe reflejarse en la superficie espejo de la l\u00e1mpara. Moonsetter nos invita a interactuar y explorar, viendo no solo la calidad del dise\u00f1o, sino tambi\u00e9n sinti\u00e9ndola y percibi\u00e9ndola. Moonsetter difumina las l\u00edneas entre escultura y fuente de luz, cumpliendo una funci\u00f3n est\u00e9tica y funcional. El tama\u00f1o impactante de Moonsetter atrae naturalmente la atenci\u00f3n y crea una habitaci\u00f3n dentro de la habitaci\u00f3n que puede ser moldeada a trav\u00e9s de reflexiones y luz. Las l\u00e1mparas est\u00e1n numeradas en ediciones de 100 piezas por edici\u00f3n y ser\u00e1n grabadas con el n\u00famero de edici\u00f3n y un n\u00famero secuencial \u00fanico del 1 al 100.<\/p>\n\n\n\n<p><\/p>\n","protected":false},"excerpt":{"rendered":"<p>Moonsetter, de la arquitecta y dise\u00f1adora Anne Boysen, fue el dise\u00f1o ganador del concurso Next Danish Design Classic, transmitido por la televisi\u00f3n nacional danesa en 2020. Los jueces del concurso reconocieron de inmediato las cualidades de Moonsetter, con su dise\u00f1o simple, l\u00edneas limpias y una sensaci\u00f3n atemporal. El dise\u00f1o de Moonsetter se basa en formas &#8230; <a title=\"L\u00e1mpara Moonsetter\" class=\"read-more\" href=\"https:\/\/enlineabarcelona.com\/ca\/producto\/lampara-moonsetter\/\" aria-label=\"M\u00e9s informaci\u00f3 sobre L\u00e1mpara Moonsetter\">Llegiu m\u00e9s<\/a><\/p>\n","protected":false},"featured_media":10000,"comment_status":"closed","ping_status":"open","template":"","meta":{"_acf_changed":false},"product_cat":[1156],"product_tag":[],"disenadores":[877],"marca":[67],"class_list":{"0":"post-14113","1":"product","2":"type-product","3":"status-publish","4":"has-post-thumbnail","6":"product_cat-iluminacion","7":"disenadores-anne-boysen","8":"marca-louis-poulsen","9":"sales-flash-overlay","10":"woocommerce-text-align-center","11":"woocommerce-image-align-center","12":"do-quantity-buttons","13":"wc-has-gallery","15":"first","16":"instock","17":"purchasable","18":"product-type-simple"},"acf":[],"_links":{"self":[{"href":"https:\/\/enlineabarcelona.com\/ca\/wp-json\/wp\/v2\/product\/14113","targetHints":{"allow":["GET"]}}],"collection":[{"href":"https:\/\/enlineabarcelona.com\/ca\/wp-json\/wp\/v2\/product"}],"about":[{"href":"https:\/\/enlineabarcelona.com\/ca\/wp-json\/wp\/v2\/types\/product"}],"replies":[{"embeddable":true,"href":"https:\/\/enlineabarcelona.com\/ca\/wp-json\/wp\/v2\/comments?post=14113"}],"wp:featuredmedia":[{"embeddable":true,"href":"https:\/\/enlineabarcelona.com\/ca\/wp-json\/wp\/v2\/media\/10000"}],"wp:attachment":[{"href":"https:\/\/enlineabarcelona.com\/ca\/wp-json\/wp\/v2\/media?parent=14113"}],"wp:term":[{"taxonomy":"product_cat","embeddable":true,"href":"https:\/\/enlineabarcelona.com\/ca\/wp-json\/wp\/v2\/product_cat?post=14113"},{"taxonomy":"product_tag","embeddable":true,"href":"https:\/\/enlineabarcelona.com\/ca\/wp-json\/wp\/v2\/product_tag?post=14113"},{"taxonomy":"disenadores","embeddable":true,"href":"https:\/\/enlineabarcelona.com\/ca\/wp-json\/wp\/v2\/disenadores?post=14113"},{"taxonomy":"marca","embeddable":true,"href":"https:\/\/enlineabarcelona.com\/ca\/wp-json\/wp\/v2\/marca?post=14113"}],"curies":[{"name":"wp","href":"https:\/\/api.w.org\/{rel}","templated":true}]}}