{"id":14114,"date":"2025-10-27T11:18:21","date_gmt":"2025-10-27T11:18:21","guid":{"rendered":"https:\/\/enlineabarcelona.com\/producto\/lampara-bohemia\/"},"modified":"2025-10-27T11:18:32","modified_gmt":"2025-10-27T11:18:32","slug":"lampara-bohemia","status":"publish","type":"product","link":"https:\/\/enlineabarcelona.com\/ca\/producto\/lampara-bohemia\/","title":{"rendered":"L\u00e1mpara Bohemia"},"content":{"rendered":"\n<p>La Bohemia es \u00fanica. A primera vista, parece estar hecha de vidrio soplado, pero su tama\u00f1o hizo inviable esta opci\u00f3n. Su dise\u00f1ador, Joan Gaspar, super\u00f3 este desaf\u00edo eligiendo en su lugar el policarbonato.<\/p>\n\n\n\n<p>El resultado es un perfil org\u00e1nico, emocionante y transl\u00facido que integra dos vol\u00famenes en una sola forma. Esto permite una gran pantalla en diferentes colores que no interfieren con el interior, siempre blanco, ofreciendo una iluminaci\u00f3n impecable sin mezcla de color. Est\u00e1 disponible en \u00e1mbar, verde y, como novedad, en un acabado ahumado. Este \u00faltimo color ofrece menos contraste, con una apariencia monocrom\u00e1tica m\u00e1s discreta, permitiendo que la forma sea la protagonista en lugar del color.<\/p>\n\n\n\n<p>Cuando est\u00e1 encendida, la Bohemia emite una luz blanca hacia abajo, realzando la pantalla con sutiles matices y sombras. Este juego entre sombra y luz define los dos vol\u00famenes. La Bohemia es luminosa e impactante, con una luz excepcional que busca sorprender a todos los espectadores.<\/p>\n","protected":false},"excerpt":{"rendered":"<p>La Bohemia es \u00fanica. A primera vista, parece estar hecha de vidrio soplado, pero su tama\u00f1o hizo inviable esta opci\u00f3n. Su dise\u00f1ador, Joan Gaspar, super\u00f3 este desaf\u00edo eligiendo en su lugar el policarbonato. El resultado es un perfil org\u00e1nico, emocionante y transl\u00facido que integra dos vol\u00famenes en una sola forma. Esto permite una gran pantalla &#8230; <a title=\"L\u00e1mpara Bohemia\" class=\"read-more\" href=\"https:\/\/enlineabarcelona.com\/ca\/producto\/lampara-bohemia\/\" aria-label=\"M\u00e9s informaci\u00f3 sobre L\u00e1mpara Bohemia\">Llegiu m\u00e9s<\/a><\/p>\n","protected":false},"featured_media":10016,"comment_status":"closed","ping_status":"open","template":"","meta":{"_acf_changed":false},"product_cat":[1156],"product_tag":[],"disenadores":[990],"marca":[1188],"class_list":{"0":"post-14114","1":"product","2":"type-product","3":"status-publish","4":"has-post-thumbnail","6":"product_cat-iluminacion","7":"disenadores-joan-gaspar-en","8":"marca-marset","9":"sales-flash-overlay","10":"woocommerce-text-align-center","11":"woocommerce-image-align-center","12":"do-quantity-buttons","13":"wc-has-gallery","15":"first","16":"instock","17":"purchasable","18":"product-type-simple"},"acf":[],"_links":{"self":[{"href":"https:\/\/enlineabarcelona.com\/ca\/wp-json\/wp\/v2\/product\/14114","targetHints":{"allow":["GET"]}}],"collection":[{"href":"https:\/\/enlineabarcelona.com\/ca\/wp-json\/wp\/v2\/product"}],"about":[{"href":"https:\/\/enlineabarcelona.com\/ca\/wp-json\/wp\/v2\/types\/product"}],"replies":[{"embeddable":true,"href":"https:\/\/enlineabarcelona.com\/ca\/wp-json\/wp\/v2\/comments?post=14114"}],"wp:featuredmedia":[{"embeddable":true,"href":"https:\/\/enlineabarcelona.com\/ca\/wp-json\/wp\/v2\/media\/10016"}],"wp:attachment":[{"href":"https:\/\/enlineabarcelona.com\/ca\/wp-json\/wp\/v2\/media?parent=14114"}],"wp:term":[{"taxonomy":"product_cat","embeddable":true,"href":"https:\/\/enlineabarcelona.com\/ca\/wp-json\/wp\/v2\/product_cat?post=14114"},{"taxonomy":"product_tag","embeddable":true,"href":"https:\/\/enlineabarcelona.com\/ca\/wp-json\/wp\/v2\/product_tag?post=14114"},{"taxonomy":"disenadores","embeddable":true,"href":"https:\/\/enlineabarcelona.com\/ca\/wp-json\/wp\/v2\/disenadores?post=14114"},{"taxonomy":"marca","embeddable":true,"href":"https:\/\/enlineabarcelona.com\/ca\/wp-json\/wp\/v2\/marca?post=14114"}],"curies":[{"name":"wp","href":"https:\/\/api.w.org\/{rel}","templated":true}]}}