{"id":14115,"date":"2025-10-27T11:18:21","date_gmt":"2025-10-27T11:18:21","guid":{"rendered":"https:\/\/enlineabarcelona.com\/producto\/lampara-cala\/"},"modified":"2025-10-27T11:18:32","modified_gmt":"2025-10-27T11:18:32","slug":"lampara-cala","status":"publish","type":"product","link":"https:\/\/enlineabarcelona.com\/ca\/producto\/lampara-cala\/","title":{"rendered":"L\u00e1mpara Cala"},"content":{"rendered":"\n<p>La belleza de la colecci\u00f3n Cala proviene de su forma simple y esencial: una pantalla que abraza la luz sin restringirla, permitiendo que proyecte su calidez por todo el espacio. Su estructura de madera de roble es ligera pero resistente, y est\u00e1 inspirada en el cl\u00e1sico caballete de pintor. Un dise\u00f1o ic\u00f3nico de Marset, definido por esa combinaci\u00f3n tan valiosa: forma y funci\u00f3n.<\/p>\n\n\n\n<p>Una l\u00e1mpara altamente funcional, perfecta como iluminaci\u00f3n general para espacios amplios.<\/p>\n\n\n\n<p>La colecci\u00f3n Cala tambi\u00e9n est\u00e1 disponible en una versi\u00f3n para exteriores y en una versi\u00f3n de metal.<\/p>\n","protected":false},"excerpt":{"rendered":"<p>La belleza de la colecci\u00f3n Cala proviene de su forma simple y esencial: una pantalla que abraza la luz sin restringirla, permitiendo que proyecte su calidez por todo el espacio. Su estructura de madera de roble es ligera pero resistente, y est\u00e1 inspirada en el cl\u00e1sico caballete de pintor. Un dise\u00f1o ic\u00f3nico de Marset, definido &#8230; <a title=\"L\u00e1mpara Cala\" class=\"read-more\" href=\"https:\/\/enlineabarcelona.com\/ca\/producto\/lampara-cala\/\" aria-label=\"M\u00e9s informaci\u00f3 sobre L\u00e1mpara Cala\">Llegiu m\u00e9s<\/a><\/p>\n","protected":false},"featured_media":10029,"comment_status":"closed","ping_status":"open","template":"","meta":{"_acf_changed":false},"product_cat":[1156],"product_tag":[],"disenadores":[990],"marca":[1188],"class_list":{"0":"post-14115","1":"product","2":"type-product","3":"status-publish","4":"has-post-thumbnail","6":"product_cat-iluminacion","7":"disenadores-joan-gaspar-en","8":"marca-marset","9":"sales-flash-overlay","10":"woocommerce-text-align-center","11":"woocommerce-image-align-center","12":"do-quantity-buttons","13":"wc-has-gallery","15":"first","16":"instock","17":"purchasable","18":"product-type-simple"},"acf":[],"_links":{"self":[{"href":"https:\/\/enlineabarcelona.com\/ca\/wp-json\/wp\/v2\/product\/14115","targetHints":{"allow":["GET"]}}],"collection":[{"href":"https:\/\/enlineabarcelona.com\/ca\/wp-json\/wp\/v2\/product"}],"about":[{"href":"https:\/\/enlineabarcelona.com\/ca\/wp-json\/wp\/v2\/types\/product"}],"replies":[{"embeddable":true,"href":"https:\/\/enlineabarcelona.com\/ca\/wp-json\/wp\/v2\/comments?post=14115"}],"wp:featuredmedia":[{"embeddable":true,"href":"https:\/\/enlineabarcelona.com\/ca\/wp-json\/wp\/v2\/media\/10029"}],"wp:attachment":[{"href":"https:\/\/enlineabarcelona.com\/ca\/wp-json\/wp\/v2\/media?parent=14115"}],"wp:term":[{"taxonomy":"product_cat","embeddable":true,"href":"https:\/\/enlineabarcelona.com\/ca\/wp-json\/wp\/v2\/product_cat?post=14115"},{"taxonomy":"product_tag","embeddable":true,"href":"https:\/\/enlineabarcelona.com\/ca\/wp-json\/wp\/v2\/product_tag?post=14115"},{"taxonomy":"disenadores","embeddable":true,"href":"https:\/\/enlineabarcelona.com\/ca\/wp-json\/wp\/v2\/disenadores?post=14115"},{"taxonomy":"marca","embeddable":true,"href":"https:\/\/enlineabarcelona.com\/ca\/wp-json\/wp\/v2\/marca?post=14115"}],"curies":[{"name":"wp","href":"https:\/\/api.w.org\/{rel}","templated":true}]}}