{"id":14116,"date":"2025-10-27T11:18:21","date_gmt":"2025-10-27T11:18:21","guid":{"rendered":"https:\/\/enlineabarcelona.com\/producto\/lampara-portatil-dipping-light\/"},"modified":"2025-10-27T11:18:33","modified_gmt":"2025-10-27T11:18:33","slug":"lampara-portatil-dipping-light","status":"publish","type":"product","link":"https:\/\/enlineabarcelona.com\/ca\/producto\/lampara-portatil-dipping-light\/","title":{"rendered":"L\u00e1mpara port\u00e1til Dipping Light"},"content":{"rendered":"\n<p>La historia de la Dipping Light acaba de comenzar. Marset no se conform\u00f3 solo con las dos versiones de l\u00e1mpara de mesa que ha tenido hasta ahora. Su luz m\u00e1s po\u00e9tica expande sus usos y ahora se ofrece como l\u00e1mpara port\u00e1til, l\u00e1mpara de suspensi\u00f3n, aplique de pared y una l\u00e1mpara de mesa de tama\u00f1o \u2013\u00f820 cm\u2013 que cubre el espacio entre los tama\u00f1os peque\u00f1o y grande. Los colores siguen siendo los mismos, con una gama ampliada de modelos.<\/p>\n\n\n\n<p>La Dipping Light port\u00e1til funciona con bater\u00eda, eliminando la necesidad de cable. Tiene un interruptor en la base y, como otras l\u00e1mparas port\u00e1tiles de Marset, cuenta con un regulador para ajustar la intensidad de la luz en tres niveles. Peque\u00f1os pero importantes cambios para hacerla completamente m\u00f3vil. Tambi\u00e9n puede adquirirse con una base de metal para colocarla sobre una mesa.<\/p>\n\n\n\n<p><\/p>\n","protected":false},"excerpt":{"rendered":"<p>La historia de la Dipping Light acaba de comenzar. Marset no se conform\u00f3 solo con las dos versiones de l\u00e1mpara de mesa que ha tenido hasta ahora. Su luz m\u00e1s po\u00e9tica expande sus usos y ahora se ofrece como l\u00e1mpara port\u00e1til, l\u00e1mpara de suspensi\u00f3n, aplique de pared y una l\u00e1mpara de mesa de tama\u00f1o \u2013\u00f820 &#8230; <a title=\"L\u00e1mpara port\u00e1til Dipping Light\" class=\"read-more\" href=\"https:\/\/enlineabarcelona.com\/ca\/producto\/lampara-portatil-dipping-light\/\" aria-label=\"M\u00e9s informaci\u00f3 sobre L\u00e1mpara port\u00e1til Dipping Light\">Llegiu m\u00e9s<\/a><\/p>\n","protected":false},"featured_media":10048,"comment_status":"closed","ping_status":"open","template":"","meta":{"_acf_changed":false},"product_cat":[1156,1206],"product_tag":[],"disenadores":[841],"marca":[1188],"class_list":{"0":"post-14116","1":"product","2":"type-product","3":"status-publish","4":"has-post-thumbnail","6":"product_cat-iluminacion","7":"product_cat-lamparas-portatiles","8":"disenadores-jordi-canudas","9":"marca-marset","10":"sales-flash-overlay","11":"woocommerce-text-align-center","12":"woocommerce-image-align-center","13":"do-quantity-buttons","14":"wc-has-gallery","16":"first","17":"instock","18":"purchasable","19":"product-type-simple"},"acf":[],"_links":{"self":[{"href":"https:\/\/enlineabarcelona.com\/ca\/wp-json\/wp\/v2\/product\/14116","targetHints":{"allow":["GET"]}}],"collection":[{"href":"https:\/\/enlineabarcelona.com\/ca\/wp-json\/wp\/v2\/product"}],"about":[{"href":"https:\/\/enlineabarcelona.com\/ca\/wp-json\/wp\/v2\/types\/product"}],"replies":[{"embeddable":true,"href":"https:\/\/enlineabarcelona.com\/ca\/wp-json\/wp\/v2\/comments?post=14116"}],"wp:featuredmedia":[{"embeddable":true,"href":"https:\/\/enlineabarcelona.com\/ca\/wp-json\/wp\/v2\/media\/10048"}],"wp:attachment":[{"href":"https:\/\/enlineabarcelona.com\/ca\/wp-json\/wp\/v2\/media?parent=14116"}],"wp:term":[{"taxonomy":"product_cat","embeddable":true,"href":"https:\/\/enlineabarcelona.com\/ca\/wp-json\/wp\/v2\/product_cat?post=14116"},{"taxonomy":"product_tag","embeddable":true,"href":"https:\/\/enlineabarcelona.com\/ca\/wp-json\/wp\/v2\/product_tag?post=14116"},{"taxonomy":"disenadores","embeddable":true,"href":"https:\/\/enlineabarcelona.com\/ca\/wp-json\/wp\/v2\/disenadores?post=14116"},{"taxonomy":"marca","embeddable":true,"href":"https:\/\/enlineabarcelona.com\/ca\/wp-json\/wp\/v2\/marca?post=14116"}],"curies":[{"name":"wp","href":"https:\/\/api.w.org\/{rel}","templated":true}]}}