{"id":14117,"date":"2025-10-27T11:18:21","date_gmt":"2025-10-27T11:18:21","guid":{"rendered":"https:\/\/enlineabarcelona.com\/producto\/lampara-portatil-followme\/"},"modified":"2025-10-27T11:18:34","modified_gmt":"2025-10-27T11:18:34","slug":"lampara-portatil-followme","status":"publish","type":"product","link":"https:\/\/enlineabarcelona.com\/ca\/producto\/lampara-portatil-followme\/","title":{"rendered":"L\u00e1mpara port\u00e1til FollowMe"},"content":{"rendered":"\n<p>Pocas l\u00e1mparas han generado tanto revuelo como FollowMe. Este audaz pionero de la iluminaci\u00f3n port\u00e1til se ha convertido en un \u00edcono del dise\u00f1o en pocos a\u00f1os.<\/p>\n\n\n\n<p>Sus l\u00edneas simples y aireadas, su pantalla inclinable y su variada intensidad de luz la han establecido como una l\u00e1mpara hermosa y pr\u00e1ctica. Ahora, FollowMe da un paso m\u00e1s al ofrecer una colecci\u00f3n ampliada con varios colores: rosa, azul, terracota y verde. El mango sigue siendo de madera, pintado en este caso.<\/p>\n\n\n\n<p>Los colores de FollowMe proporcionan m\u00faltiples posibilidades: el rosa y el azul, cuyos suaves tonos y luz tenue invitan a la serenidad, son ideales para habitaciones infantiles o temas de dise\u00f1o en pasteles, mientras que el verde y el terracota, m\u00e1s intensos y sofisticados, a\u00f1aden un toque de color audaz a cualquier entorno.<\/p>\n\n\n\n<p>Una colecci\u00f3n divertida y colorida de esta carism\u00e1tica l\u00e1mpara, donde lo m\u00e1s dif\u00edcil puede ser decidir cu\u00e1l te gusta m\u00e1s.<\/p>\n\n\n\n<p>FollowMe Plus complementa a su predecesora. Mientras que el original es un objeto de formato peque\u00f1o, el Plus reproduce su misma forma y calidez, pero en un tama\u00f1o m\u00e1s grande. Esta versi\u00f3n se destaca por su capacidad de crear atm\u00f3sferas completas como l\u00e1mpara de mesa, o incluso en el suelo.<\/p>\n\n\n\n<p>El mango de roble te invita a recogerla. Ambas tienen la cl\u00e1sica pantalla blanca de policarbonato inclinable que ofrece luz directa para leer. Cuentan con un regulador de tres posiciones para regular la intensidad. Aut\u00f3nomas y sin cable, funcionan con una bater\u00eda de iones de litio de alta eficiencia que les proporciona de 5 a 20 horas de funcionamiento, y tienen una entrada USB-C para facilitar la carga.<\/p>\n","protected":false},"excerpt":{"rendered":"<p>Pocas l\u00e1mparas han generado tanto revuelo como FollowMe. Este audaz pionero de la iluminaci\u00f3n port\u00e1til se ha convertido en un \u00edcono del dise\u00f1o en pocos a\u00f1os. Sus l\u00edneas simples y aireadas, su pantalla inclinable y su variada intensidad de luz la han establecido como una l\u00e1mpara hermosa y pr\u00e1ctica. Ahora, FollowMe da un paso m\u00e1s &#8230; <a title=\"L\u00e1mpara port\u00e1til FollowMe\" class=\"read-more\" href=\"https:\/\/enlineabarcelona.com\/ca\/producto\/lampara-portatil-followme\/\" aria-label=\"M\u00e9s informaci\u00f3 sobre L\u00e1mpara port\u00e1til FollowMe\">Llegiu m\u00e9s<\/a><\/p>\n","protected":false},"featured_media":10067,"comment_status":"closed","ping_status":"open","template":"","meta":{"_acf_changed":false},"product_cat":[251,1207,1208],"product_tag":[],"disenadores":[859],"marca":[1188],"class_list":{"0":"post-14117","1":"product","2":"type-product","3":"status-publish","4":"has-post-thumbnail","6":"product_cat-exterior","7":"product_cat-iluminacioniluminacion","8":"product_cat-lamparas-portatiles","9":"disenadores-inma-bermudez","10":"marca-marset","11":"sales-flash-overlay","12":"woocommerce-text-align-center","13":"woocommerce-image-align-center","14":"do-quantity-buttons","15":"wc-has-gallery","17":"first","18":"instock","19":"purchasable","20":"product-type-simple"},"acf":[],"_links":{"self":[{"href":"https:\/\/enlineabarcelona.com\/ca\/wp-json\/wp\/v2\/product\/14117","targetHints":{"allow":["GET"]}}],"collection":[{"href":"https:\/\/enlineabarcelona.com\/ca\/wp-json\/wp\/v2\/product"}],"about":[{"href":"https:\/\/enlineabarcelona.com\/ca\/wp-json\/wp\/v2\/types\/product"}],"replies":[{"embeddable":true,"href":"https:\/\/enlineabarcelona.com\/ca\/wp-json\/wp\/v2\/comments?post=14117"}],"wp:featuredmedia":[{"embeddable":true,"href":"https:\/\/enlineabarcelona.com\/ca\/wp-json\/wp\/v2\/media\/10067"}],"wp:attachment":[{"href":"https:\/\/enlineabarcelona.com\/ca\/wp-json\/wp\/v2\/media?parent=14117"}],"wp:term":[{"taxonomy":"product_cat","embeddable":true,"href":"https:\/\/enlineabarcelona.com\/ca\/wp-json\/wp\/v2\/product_cat?post=14117"},{"taxonomy":"product_tag","embeddable":true,"href":"https:\/\/enlineabarcelona.com\/ca\/wp-json\/wp\/v2\/product_tag?post=14117"},{"taxonomy":"disenadores","embeddable":true,"href":"https:\/\/enlineabarcelona.com\/ca\/wp-json\/wp\/v2\/disenadores?post=14117"},{"taxonomy":"marca","embeddable":true,"href":"https:\/\/enlineabarcelona.com\/ca\/wp-json\/wp\/v2\/marca?post=14117"}],"curies":[{"name":"wp","href":"https:\/\/api.w.org\/{rel}","templated":true}]}}