{"id":14118,"date":"2025-10-27T11:18:21","date_gmt":"2025-10-27T11:18:21","guid":{"rendered":"https:\/\/enlineabarcelona.com\/producto\/lampara-funiculi\/"},"modified":"2025-10-27T11:18:34","modified_gmt":"2025-10-27T11:18:34","slug":"lampara-funiculi","status":"publish","type":"product","link":"https:\/\/enlineabarcelona.com\/ca\/producto\/lampara-funiculi\/","title":{"rendered":"L\u00e1mpara Funicul\u00ed"},"content":{"rendered":"\n<p>Para Llu\u00eds Porqueras, dise\u00f1ar consist\u00eda en eliminar lo superfluo hasta que quedara un objeto esencial: hermoso, \u00fatil y simple. Este fue el caso de la Funicul\u00ed, una l\u00e1mpara de 1979 que Marset reedit\u00f3 en 2013 y que se ha convertido en un emblema de la colecci\u00f3n.<\/p>\n\n\n\n<p>Ligera, ocupa casi ning\u00fan espacio y puede funcionar como l\u00e1mpara ambiental o para luz directa, dependiendo de c\u00f3mo se dirija el haz. Su dise\u00f1ador liber\u00f3 la pantalla para otorgarle m\u00e1xima movilidad. Puede girar 360 grados para enfocar la luz donde desees y tambi\u00e9n cuenta con un sistema de doble abrazadera para ajustar la altura. Para la Funicul\u00ed, cuarenta a\u00f1os no son nada; ha resistido la prueba del tiempo y ahora se presenta en nuevos colores que ampl\u00edan a\u00fan m\u00e1s sus posibilidades. Ya no est\u00e1 disponible solo en los neutros gris musgo, negro y blanco roto.<\/p>\n\n\n\n<p>Los nuevos colores \u2013verde, terracota y mostaza\u2013 son intensos. Son declaraciones de dise\u00f1o que destacan las formas de la Funicul\u00ed y aportan cromatismo al espacio. Las nuevas pantallas son alegres y v\u00edvidas, transmitiendo que el color tambi\u00e9n puede ser esencial.<\/p>\n","protected":false},"excerpt":{"rendered":"<p>Para Llu\u00eds Porqueras, dise\u00f1ar consist\u00eda en eliminar lo superfluo hasta que quedara un objeto esencial: hermoso, \u00fatil y simple. Este fue el caso de la Funicul\u00ed, una l\u00e1mpara de 1979 que Marset reedit\u00f3 en 2013 y que se ha convertido en un emblema de la colecci\u00f3n. Ligera, ocupa casi ning\u00fan espacio y puede funcionar como &#8230; <a title=\"L\u00e1mpara Funicul\u00ed\" class=\"read-more\" href=\"https:\/\/enlineabarcelona.com\/ca\/producto\/lampara-funiculi\/\" aria-label=\"M\u00e9s informaci\u00f3 sobre L\u00e1mpara Funicul\u00ed\">Llegiu m\u00e9s<\/a><\/p>\n","protected":false},"featured_media":10086,"comment_status":"closed","ping_status":"open","template":"","meta":{"_acf_changed":false},"product_cat":[1156],"product_tag":[],"disenadores":[761],"marca":[1188],"class_list":{"0":"post-14118","1":"product","2":"type-product","3":"status-publish","4":"has-post-thumbnail","6":"product_cat-iluminacion","7":"disenadores-lluis-porqueras","8":"marca-marset","9":"sales-flash-overlay","10":"woocommerce-text-align-center","11":"woocommerce-image-align-center","12":"do-quantity-buttons","13":"wc-has-gallery","15":"first","16":"instock","17":"purchasable","18":"product-type-simple"},"acf":[],"_links":{"self":[{"href":"https:\/\/enlineabarcelona.com\/ca\/wp-json\/wp\/v2\/product\/14118","targetHints":{"allow":["GET"]}}],"collection":[{"href":"https:\/\/enlineabarcelona.com\/ca\/wp-json\/wp\/v2\/product"}],"about":[{"href":"https:\/\/enlineabarcelona.com\/ca\/wp-json\/wp\/v2\/types\/product"}],"replies":[{"embeddable":true,"href":"https:\/\/enlineabarcelona.com\/ca\/wp-json\/wp\/v2\/comments?post=14118"}],"wp:featuredmedia":[{"embeddable":true,"href":"https:\/\/enlineabarcelona.com\/ca\/wp-json\/wp\/v2\/media\/10086"}],"wp:attachment":[{"href":"https:\/\/enlineabarcelona.com\/ca\/wp-json\/wp\/v2\/media?parent=14118"}],"wp:term":[{"taxonomy":"product_cat","embeddable":true,"href":"https:\/\/enlineabarcelona.com\/ca\/wp-json\/wp\/v2\/product_cat?post=14118"},{"taxonomy":"product_tag","embeddable":true,"href":"https:\/\/enlineabarcelona.com\/ca\/wp-json\/wp\/v2\/product_tag?post=14118"},{"taxonomy":"disenadores","embeddable":true,"href":"https:\/\/enlineabarcelona.com\/ca\/wp-json\/wp\/v2\/disenadores?post=14118"},{"taxonomy":"marca","embeddable":true,"href":"https:\/\/enlineabarcelona.com\/ca\/wp-json\/wp\/v2\/marca?post=14118"}],"curies":[{"name":"wp","href":"https:\/\/api.w.org\/{rel}","templated":true}]}}