{"id":14119,"date":"2025-10-27T11:18:21","date_gmt":"2025-10-27T11:18:21","guid":{"rendered":"https:\/\/enlineabarcelona.com\/producto\/lampara-portatil-ginger\/"},"modified":"2025-10-27T11:18:35","modified_gmt":"2025-10-27T11:18:35","slug":"lampara-portatil-ginger","status":"publish","type":"product","link":"https:\/\/enlineabarcelona.com\/ca\/producto\/lampara-portatil-ginger\/","title":{"rendered":"L\u00e1mpara port\u00e1til Ginger"},"content":{"rendered":"\n<p>La madera es un gran aliado de la iluminaci\u00f3n acogedora. Es un material dif\u00edcil de moldear, un desaf\u00edo que la colecci\u00f3n Ginger resuelve de manera elegante. La combinaci\u00f3n de l\u00e1minas de madera, papel y resinas prensadas a alta presi\u00f3n logra un laminado que parece casi completamente plano, iluminando discretamente los espacios con luz indirecta.<\/p>\n\n\n\n<p>Esta colecci\u00f3n ha ido expandi\u00e9ndose con el tiempo para proporcionar soluciones a diferentes necesidades de iluminaci\u00f3n: diferentes tama\u00f1os para modelos colgantes, de mesa (incluida una versi\u00f3n port\u00e1til) y de suelo, dos versiones de pared con brazo m\u00f3vil, y cuatro tama\u00f1os de apliques que son sencillos pero formales y que pueden combinarse entre s\u00ed. Estos \u00faltimos presentan una extraordinaria simplicidad estructural y pueden combinarse con gran efecto.<\/p>\n\n\n\n<p>Gracias a una bater\u00eda de iones de litio recargable, la nueva versi\u00f3n port\u00e1til de mesa de Ginger permite iluminar espacios de manera independiente con total libertad y sin necesidad de cables.<\/p>\n\n\n\n<p>La versi\u00f3n de Ginger en metal ofrece la misma luz reflejada, c\u00e1lida y sin deslumbramiento que ayuda a acentuar los espacios. Este material se aplica a algunos modelos de la colecci\u00f3n con diferentes acabados: oro, negro y blanco por fuera, y oro y blanco por dentro. Una nueva opci\u00f3n m\u00e1s ligera que es refinada, casi como una escultura. Con estos dos materiales tan diversos\u2014madera y metal\u2014la colecci\u00f3n Ginger se convierte en una colecci\u00f3n vers\u00e1til, completando el c\u00edrculo y ofreciendo una l\u00e1mpara para cada necesidad de iluminaci\u00f3n y decoraci\u00f3n.<\/p>\n\n\n\n<p><\/p>\n\n\n\n<p><\/p>\n\n\n\n<p><\/p>\n","protected":false},"excerpt":{"rendered":"<p>La madera es un gran aliado de la iluminaci\u00f3n acogedora. Es un material dif\u00edcil de moldear, un desaf\u00edo que la colecci\u00f3n Ginger resuelve de manera elegante. La combinaci\u00f3n de l\u00e1minas de madera, papel y resinas prensadas a alta presi\u00f3n logra un laminado que parece casi completamente plano, iluminando discretamente los espacios con luz indirecta. Esta &#8230; <a title=\"L\u00e1mpara port\u00e1til Ginger\" class=\"read-more\" href=\"https:\/\/enlineabarcelona.com\/ca\/producto\/lampara-portatil-ginger\/\" aria-label=\"M\u00e9s informaci\u00f3 sobre L\u00e1mpara port\u00e1til Ginger\">Llegiu m\u00e9s<\/a><\/p>\n","protected":false},"featured_media":10102,"comment_status":"closed","ping_status":"open","template":"","meta":{"_acf_changed":false},"product_cat":[1156,1206],"product_tag":[],"disenadores":[990],"marca":[1188],"class_list":{"0":"post-14119","1":"product","2":"type-product","3":"status-publish","4":"has-post-thumbnail","6":"product_cat-iluminacion","7":"product_cat-lamparas-portatiles","8":"disenadores-joan-gaspar-en","9":"marca-marset","10":"sales-flash-overlay","11":"woocommerce-text-align-center","12":"woocommerce-image-align-center","13":"do-quantity-buttons","14":"wc-has-gallery","16":"first","17":"instock","18":"purchasable","19":"product-type-simple"},"acf":[],"_links":{"self":[{"href":"https:\/\/enlineabarcelona.com\/ca\/wp-json\/wp\/v2\/product\/14119","targetHints":{"allow":["GET"]}}],"collection":[{"href":"https:\/\/enlineabarcelona.com\/ca\/wp-json\/wp\/v2\/product"}],"about":[{"href":"https:\/\/enlineabarcelona.com\/ca\/wp-json\/wp\/v2\/types\/product"}],"replies":[{"embeddable":true,"href":"https:\/\/enlineabarcelona.com\/ca\/wp-json\/wp\/v2\/comments?post=14119"}],"wp:featuredmedia":[{"embeddable":true,"href":"https:\/\/enlineabarcelona.com\/ca\/wp-json\/wp\/v2\/media\/10102"}],"wp:attachment":[{"href":"https:\/\/enlineabarcelona.com\/ca\/wp-json\/wp\/v2\/media?parent=14119"}],"wp:term":[{"taxonomy":"product_cat","embeddable":true,"href":"https:\/\/enlineabarcelona.com\/ca\/wp-json\/wp\/v2\/product_cat?post=14119"},{"taxonomy":"product_tag","embeddable":true,"href":"https:\/\/enlineabarcelona.com\/ca\/wp-json\/wp\/v2\/product_tag?post=14119"},{"taxonomy":"disenadores","embeddable":true,"href":"https:\/\/enlineabarcelona.com\/ca\/wp-json\/wp\/v2\/disenadores?post=14119"},{"taxonomy":"marca","embeddable":true,"href":"https:\/\/enlineabarcelona.com\/ca\/wp-json\/wp\/v2\/marca?post=14119"}],"curies":[{"name":"wp","href":"https:\/\/api.w.org\/{rel}","templated":true}]}}