{"id":14120,"date":"2025-10-27T11:18:39","date_gmt":"2025-10-27T11:18:39","guid":{"rendered":"https:\/\/enlineabarcelona.com\/producto\/vl-38-floor-lamp\/"},"modified":"2025-10-27T11:18:39","modified_gmt":"2025-10-27T11:18:39","slug":"vl-38-floor-lamp","status":"publish","type":"product","link":"https:\/\/enlineabarcelona.com\/ca\/producto\/vl-38-floor-lamp\/","title":{"rendered":"L\u00e1mpara de pie VL 38"},"content":{"rendered":"\n<p>La l\u00e1mpara de pie VL38 est\u00e1 basada en el dise\u00f1o original de la l\u00e1mpara de mesa VL38. La l\u00e1mpara de mesa VL38 fue dise\u00f1ada originalmente a finales de la d\u00e9cada de 1930 por Vilhelm Lauritzen en colaboraci\u00f3n con Louis Poulsen para la construcci\u00f3n del edificio Radiohuset (la casa de radiodifusi\u00f3n danesa) en Copenhague (actualmente la Real Academia Danesa de M\u00fasica). El dise\u00f1o de la l\u00e1mpara de Vilhelm Lauritzen, la VL38 y la l\u00e1mpara colgante VL45, ambas creadas para Radiohuset, comenzaron a aparecer en los cat\u00e1logos de Louis Poulsen despu\u00e9s de la Segunda Guerra Mundial, a mediados de los a\u00f1os 40. La versi\u00f3n en blanco\/lat\u00f3n de la VL38 se relanz\u00f3 en oto\u00f1o de 2016. Para adaptarse a los avances contempor\u00e1neos en tecnolog\u00eda de iluminaci\u00f3n y eficiencia energ\u00e9tica, las luminarias han sido equipadas con LED. La edici\u00f3n negra de la VL38, presentada en oto\u00f1o de 2017, tiene un contorno m\u00e1s definido que la versi\u00f3n original en blanco, aunque mantiene el amado aspecto retro y la suave y curvada expresi\u00f3n del dise\u00f1o original.<\/p>\n\n\n\n<p><\/p>\n","protected":false},"excerpt":{"rendered":"<p>La l\u00e1mpara de pie VL38 est\u00e1 basada en el dise\u00f1o original de la l\u00e1mpara de mesa VL38. La l\u00e1mpara de mesa VL38 fue dise\u00f1ada originalmente a finales de la d\u00e9cada de 1930 por Vilhelm Lauritzen en colaboraci\u00f3n con Louis Poulsen para la construcci\u00f3n del edificio Radiohuset (la casa de radiodifusi\u00f3n danesa) en Copenhague (actualmente la &#8230; <a title=\"L\u00e1mpara de pie VL 38\" class=\"read-more\" href=\"https:\/\/enlineabarcelona.com\/ca\/producto\/vl-38-floor-lamp\/\" aria-label=\"M\u00e9s informaci\u00f3 sobre L\u00e1mpara de pie VL 38\">Llegiu m\u00e9s<\/a><\/p>\n","protected":false},"featured_media":10121,"comment_status":"closed","ping_status":"open","template":"","meta":{"_acf_changed":false},"product_cat":[1156,1200],"product_tag":[],"disenadores":[813],"marca":[67],"class_list":{"0":"post-14120","1":"product","2":"type-product","3":"status-publish","4":"has-post-thumbnail","6":"product_cat-iluminacion","7":"product_cat-lamparas-de-pie","8":"disenadores-vilhelm-lauritzen","9":"marca-louis-poulsen","10":"sales-flash-overlay","11":"woocommerce-text-align-center","12":"woocommerce-image-align-center","13":"do-quantity-buttons","14":"wc-has-gallery","16":"first","17":"instock","18":"purchasable","19":"product-type-simple"},"acf":[],"_links":{"self":[{"href":"https:\/\/enlineabarcelona.com\/ca\/wp-json\/wp\/v2\/product\/14120","targetHints":{"allow":["GET"]}}],"collection":[{"href":"https:\/\/enlineabarcelona.com\/ca\/wp-json\/wp\/v2\/product"}],"about":[{"href":"https:\/\/enlineabarcelona.com\/ca\/wp-json\/wp\/v2\/types\/product"}],"replies":[{"embeddable":true,"href":"https:\/\/enlineabarcelona.com\/ca\/wp-json\/wp\/v2\/comments?post=14120"}],"wp:featuredmedia":[{"embeddable":true,"href":"https:\/\/enlineabarcelona.com\/ca\/wp-json\/wp\/v2\/media\/10121"}],"wp:attachment":[{"href":"https:\/\/enlineabarcelona.com\/ca\/wp-json\/wp\/v2\/media?parent=14120"}],"wp:term":[{"taxonomy":"product_cat","embeddable":true,"href":"https:\/\/enlineabarcelona.com\/ca\/wp-json\/wp\/v2\/product_cat?post=14120"},{"taxonomy":"product_tag","embeddable":true,"href":"https:\/\/enlineabarcelona.com\/ca\/wp-json\/wp\/v2\/product_tag?post=14120"},{"taxonomy":"disenadores","embeddable":true,"href":"https:\/\/enlineabarcelona.com\/ca\/wp-json\/wp\/v2\/disenadores?post=14120"},{"taxonomy":"marca","embeddable":true,"href":"https:\/\/enlineabarcelona.com\/ca\/wp-json\/wp\/v2\/marca?post=14120"}],"curies":[{"name":"wp","href":"https:\/\/api.w.org\/{rel}","templated":true}]}}