{"id":14121,"date":"2025-10-27T11:18:39","date_gmt":"2025-10-27T11:18:39","guid":{"rendered":"https:\/\/enlineabarcelona.com\/producto\/lampara-portatil-panthella-160\/"},"modified":"2025-10-27T11:18:40","modified_gmt":"2025-10-27T11:18:40","slug":"lampara-portatil-panthella-160","status":"publish","type":"product","link":"https:\/\/enlineabarcelona.com\/ca\/producto\/lampara-portatil-panthella-160\/","title":{"rendered":"L\u00e1mpara Port\u00e1til Panthella 160"},"content":{"rendered":"\n<p>El dise\u00f1o de la l\u00e1mpara Panthella es uno de los dise\u00f1os m\u00e1s significativos de Verner Panton, que refleja la personalidad m\u00e1s grande que la vida del arquitecto dan\u00e9s. Su objetivo era crear una l\u00e1mpara de forma org\u00e1nica que proporcionara una luz 100 % antideslumbrante, con el soporte y la pantalla que sirvieran como reflectores de luz. Panton lo consigui\u00f3 fabricando la l\u00e1mpara Panthella con Louis Poulsen en 1971. La forma caracter\u00edstica de la l\u00e1mpara y su capacidad para reflejar la luz suave desde su base en forma de trompeta han consolidado su estatus como icono del dise\u00f1o. La l\u00e1mpara Panthella 160 Portable es una versi\u00f3n reducida del dise\u00f1o original. La l\u00e1mpara tiene solo 160 mm de di\u00e1metro, por lo que es el tama\u00f1o perfecto para llevarla de una habitaci\u00f3n a otra o al aire libre en el balc\u00f3n o el jard\u00edn, donde tendr\u00e1 un aspecto incre\u00edble y crear\u00e1 un ambiente maravilloso.<\/p>\n\n\n\n<p><\/p>\n","protected":false},"excerpt":{"rendered":"<p>El dise\u00f1o de la l\u00e1mpara Panthella es uno de los dise\u00f1os m\u00e1s significativos de Verner Panton, que refleja la personalidad m\u00e1s grande que la vida del arquitecto dan\u00e9s. Su objetivo era crear una l\u00e1mpara de forma org\u00e1nica que proporcionara una luz 100 % antideslumbrante, con el soporte y la pantalla que sirvieran como reflectores de &#8230; <a title=\"L\u00e1mpara Port\u00e1til Panthella 160\" class=\"read-more\" href=\"https:\/\/enlineabarcelona.com\/ca\/producto\/lampara-portatil-panthella-160\/\" aria-label=\"M\u00e9s informaci\u00f3 sobre L\u00e1mpara Port\u00e1til Panthella 160\">Llegiu m\u00e9s<\/a><\/p>\n","protected":false},"featured_media":10137,"comment_status":"closed","ping_status":"open","template":"","meta":{"_acf_changed":false},"product_cat":[1156,1206],"product_tag":[],"disenadores":[1162],"marca":[67],"class_list":{"0":"post-14121","1":"product","2":"type-product","3":"status-publish","4":"has-post-thumbnail","6":"product_cat-iluminacion","7":"product_cat-lamparas-portatiles","8":"disenadores-verner-panton","9":"marca-louis-poulsen","10":"sales-flash-overlay","11":"woocommerce-text-align-center","12":"woocommerce-image-align-center","13":"do-quantity-buttons","14":"wc-has-gallery","16":"first","17":"instock","18":"purchasable","19":"product-type-simple"},"acf":[],"_links":{"self":[{"href":"https:\/\/enlineabarcelona.com\/ca\/wp-json\/wp\/v2\/product\/14121","targetHints":{"allow":["GET"]}}],"collection":[{"href":"https:\/\/enlineabarcelona.com\/ca\/wp-json\/wp\/v2\/product"}],"about":[{"href":"https:\/\/enlineabarcelona.com\/ca\/wp-json\/wp\/v2\/types\/product"}],"replies":[{"embeddable":true,"href":"https:\/\/enlineabarcelona.com\/ca\/wp-json\/wp\/v2\/comments?post=14121"}],"wp:featuredmedia":[{"embeddable":true,"href":"https:\/\/enlineabarcelona.com\/ca\/wp-json\/wp\/v2\/media\/10137"}],"wp:attachment":[{"href":"https:\/\/enlineabarcelona.com\/ca\/wp-json\/wp\/v2\/media?parent=14121"}],"wp:term":[{"taxonomy":"product_cat","embeddable":true,"href":"https:\/\/enlineabarcelona.com\/ca\/wp-json\/wp\/v2\/product_cat?post=14121"},{"taxonomy":"product_tag","embeddable":true,"href":"https:\/\/enlineabarcelona.com\/ca\/wp-json\/wp\/v2\/product_tag?post=14121"},{"taxonomy":"disenadores","embeddable":true,"href":"https:\/\/enlineabarcelona.com\/ca\/wp-json\/wp\/v2\/disenadores?post=14121"},{"taxonomy":"marca","embeddable":true,"href":"https:\/\/enlineabarcelona.com\/ca\/wp-json\/wp\/v2\/marca?post=14121"}],"curies":[{"name":"wp","href":"https:\/\/api.w.org\/{rel}","templated":true}]}}