{"id":14122,"date":"2025-10-27T11:18:39","date_gmt":"2025-10-27T11:18:39","guid":{"rendered":"https:\/\/enlineabarcelona.com\/producto\/lampara-sobremesa-mini-aj\/"},"modified":"2025-10-27T11:18:41","modified_gmt":"2025-10-27T11:18:41","slug":"lampara-sobremesa-mini-aj","status":"publish","type":"product","link":"https:\/\/enlineabarcelona.com\/ca\/producto\/lampara-sobremesa-mini-aj\/","title":{"rendered":"L\u00e1mpara Sobremesa Mini AJ"},"content":{"rendered":"\n<p>Arne Jacobsen dise\u00f1\u00f3 esta l\u00e1mpara, entre otras muchas caracter\u00edsticas, para el Hotel SAS Royal en Copenhague, en 1957. La l\u00e1mpara de mesa mini emite una agradable luz dirigida hacia abajo gracias a su pantalla interior pintada de blanco. Adem\u00e1s, la pantalla se puede inclinar para ajustar la distribuci\u00f3n de la luz. <\/p>\n\n\n\n<p>La familia de l\u00e1mparas AJ es considerada el dise\u00f1o por el que Jacobsen es m\u00e1s famoso a nivel mundial. Aparte de la AJ Mini Table, la familia AJ inclu\u00eda una l\u00e1mpara de mesa, una l\u00e1mpara de pie, una l\u00e1mpara de pared y una l\u00e1mpara de mesa montada, que se encontraban por todo el Hotel SAS Royal despu\u00e9s de su inauguraci\u00f3n en 1960. <\/p>\n\n\n\n<p>Louis Poulsen reintrodujo la AJ Mini Table para celebrar el 60\u00ba aniversario del hotel en 2020. Adem\u00e1s, como parte de la celebraci\u00f3n y en el esp\u00edritu de Arne Jacobsen, todas las l\u00e1mparas AJ volvieron a estar disponibles en sus elegantes versiones originales de acero inoxidable. Hoy en d\u00eda, la elegante AJ Mini Table complementa cualquier alf\u00e9izar, estanter\u00eda o mesa peque\u00f1a, proporcionando una iluminaci\u00f3n de alta calidad y confort.<\/p>\n","protected":false},"excerpt":{"rendered":"<p>Arne Jacobsen dise\u00f1\u00f3 esta l\u00e1mpara, entre otras muchas caracter\u00edsticas, para el Hotel SAS Royal en Copenhague, en 1957. La l\u00e1mpara de mesa mini emite una agradable luz dirigida hacia abajo gracias a su pantalla interior pintada de blanco. Adem\u00e1s, la pantalla se puede inclinar para ajustar la distribuci\u00f3n de la luz. La familia de l\u00e1mparas &#8230; <a title=\"L\u00e1mpara Sobremesa Mini AJ\" class=\"read-more\" href=\"https:\/\/enlineabarcelona.com\/ca\/producto\/lampara-sobremesa-mini-aj\/\" aria-label=\"M\u00e9s informaci\u00f3 sobre L\u00e1mpara Sobremesa Mini AJ\">Llegiu m\u00e9s<\/a><\/p>\n","protected":false},"featured_media":10156,"comment_status":"closed","ping_status":"open","template":"","meta":{"_acf_changed":false},"product_cat":[1156,1198],"product_tag":[],"disenadores":[757],"marca":[67],"class_list":{"0":"post-14122","1":"product","2":"type-product","3":"status-publish","4":"has-post-thumbnail","6":"product_cat-iluminacion","7":"product_cat-lamparas-de-sobremesa","8":"disenadores-arne-jacobsen","9":"marca-louis-poulsen","10":"sales-flash-overlay","11":"woocommerce-text-align-center","12":"woocommerce-image-align-center","13":"do-quantity-buttons","14":"wc-has-gallery","16":"first","17":"instock","18":"purchasable","19":"product-type-simple"},"acf":[],"_links":{"self":[{"href":"https:\/\/enlineabarcelona.com\/ca\/wp-json\/wp\/v2\/product\/14122","targetHints":{"allow":["GET"]}}],"collection":[{"href":"https:\/\/enlineabarcelona.com\/ca\/wp-json\/wp\/v2\/product"}],"about":[{"href":"https:\/\/enlineabarcelona.com\/ca\/wp-json\/wp\/v2\/types\/product"}],"replies":[{"embeddable":true,"href":"https:\/\/enlineabarcelona.com\/ca\/wp-json\/wp\/v2\/comments?post=14122"}],"wp:featuredmedia":[{"embeddable":true,"href":"https:\/\/enlineabarcelona.com\/ca\/wp-json\/wp\/v2\/media\/10156"}],"wp:attachment":[{"href":"https:\/\/enlineabarcelona.com\/ca\/wp-json\/wp\/v2\/media?parent=14122"}],"wp:term":[{"taxonomy":"product_cat","embeddable":true,"href":"https:\/\/enlineabarcelona.com\/ca\/wp-json\/wp\/v2\/product_cat?post=14122"},{"taxonomy":"product_tag","embeddable":true,"href":"https:\/\/enlineabarcelona.com\/ca\/wp-json\/wp\/v2\/product_tag?post=14122"},{"taxonomy":"disenadores","embeddable":true,"href":"https:\/\/enlineabarcelona.com\/ca\/wp-json\/wp\/v2\/disenadores?post=14122"},{"taxonomy":"marca","embeddable":true,"href":"https:\/\/enlineabarcelona.com\/ca\/wp-json\/wp\/v2\/marca?post=14122"}],"curies":[{"name":"wp","href":"https:\/\/api.w.org\/{rel}","templated":true}]}}