{"id":14123,"date":"2025-10-27T11:18:39","date_gmt":"2025-10-27T11:18:39","guid":{"rendered":"https:\/\/enlineabarcelona.com\/producto\/lampara-sobremesa-mercer\/"},"modified":"2025-10-27T11:18:42","modified_gmt":"2025-10-27T11:18:42","slug":"lampara-sobremesa-mercer","status":"publish","type":"product","link":"https:\/\/enlineabarcelona.com\/ca\/producto\/lampara-sobremesa-mercer\/","title":{"rendered":"L\u00e1mpara Sobremesa Mercer"},"content":{"rendered":"\n<p>La belleza de la Mercer proviene no solo de su forma esencial sino tambi\u00e9n de c\u00f3mo se fusionan sus materiales. La estructura de cristal soplado transparente envuelve la pantalla textil, parece que \u00e9sta flote, transmitiendo ligereza y sofisticaci\u00f3n.<\/p>\n\n\n\n<p>El tejido del difusor interior est\u00e1 disponible en dos acabados: en cinta de algod\u00f3n crudo, y en una versi\u00f3n m\u00e1s moderna y minimalista, en blanco perla.<\/p>\n\n\n\n<p><\/p>\n","protected":false},"excerpt":{"rendered":"<p>La belleza de la Mercer proviene no solo de su forma esencial sino tambi\u00e9n de c\u00f3mo se fusionan sus materiales. La estructura de cristal soplado transparente envuelve la pantalla textil, parece que \u00e9sta flote, transmitiendo ligereza y sofisticaci\u00f3n. El tejido del difusor interior est\u00e1 disponible en dos acabados: en cinta de algod\u00f3n crudo, y en &#8230; <a title=\"L\u00e1mpara Sobremesa Mercer\" class=\"read-more\" href=\"https:\/\/enlineabarcelona.com\/ca\/producto\/lampara-sobremesa-mercer\/\" aria-label=\"M\u00e9s informaci\u00f3 sobre L\u00e1mpara Sobremesa Mercer\">Llegiu m\u00e9s<\/a><\/p>\n","protected":false},"featured_media":10181,"comment_status":"closed","ping_status":"open","template":"","meta":{"_acf_changed":false},"product_cat":[1193,1192,1209],"product_tag":[],"disenadores":[990],"marca":[1188],"class_list":{"0":"post-14123","1":"product","2":"type-product","3":"status-publish","4":"has-post-thumbnail","6":"product_cat-iluminacion","7":"product_cat-iluminacionexterior","8":"product_cat-lamparas-sobremesa","9":"disenadores-joan-gaspar","10":"marca-marset","11":"sales-flash-overlay","12":"woocommerce-text-align-center","13":"woocommerce-image-align-center","14":"do-quantity-buttons","15":"wc-has-gallery","17":"first","18":"instock","19":"purchasable","20":"product-type-simple"},"acf":[],"_links":{"self":[{"href":"https:\/\/enlineabarcelona.com\/ca\/wp-json\/wp\/v2\/product\/14123","targetHints":{"allow":["GET"]}}],"collection":[{"href":"https:\/\/enlineabarcelona.com\/ca\/wp-json\/wp\/v2\/product"}],"about":[{"href":"https:\/\/enlineabarcelona.com\/ca\/wp-json\/wp\/v2\/types\/product"}],"replies":[{"embeddable":true,"href":"https:\/\/enlineabarcelona.com\/ca\/wp-json\/wp\/v2\/comments?post=14123"}],"wp:featuredmedia":[{"embeddable":true,"href":"https:\/\/enlineabarcelona.com\/ca\/wp-json\/wp\/v2\/media\/10181"}],"wp:attachment":[{"href":"https:\/\/enlineabarcelona.com\/ca\/wp-json\/wp\/v2\/media?parent=14123"}],"wp:term":[{"taxonomy":"product_cat","embeddable":true,"href":"https:\/\/enlineabarcelona.com\/ca\/wp-json\/wp\/v2\/product_cat?post=14123"},{"taxonomy":"product_tag","embeddable":true,"href":"https:\/\/enlineabarcelona.com\/ca\/wp-json\/wp\/v2\/product_tag?post=14123"},{"taxonomy":"disenadores","embeddable":true,"href":"https:\/\/enlineabarcelona.com\/ca\/wp-json\/wp\/v2\/disenadores?post=14123"},{"taxonomy":"marca","embeddable":true,"href":"https:\/\/enlineabarcelona.com\/ca\/wp-json\/wp\/v2\/marca?post=14123"}],"curies":[{"name":"wp","href":"https:\/\/api.w.org\/{rel}","templated":true}]}}