{"id":14124,"date":"2025-10-27T11:18:39","date_gmt":"2025-10-27T11:18:39","guid":{"rendered":"https:\/\/enlineabarcelona.com\/producto\/sofa-perron-pillo\/"},"modified":"2025-10-27T11:18:42","modified_gmt":"2025-10-27T11:18:42","slug":"sofa-perron-pillo","status":"publish","type":"product","link":"https:\/\/enlineabarcelona.com\/ca\/producto\/sofa-perron-pillo\/","title":{"rendered":"Sof\u00e1 Perron Pillo"},"content":{"rendered":"\n<p>El sof\u00e1 Perron Pillo, creado en colaboraci\u00f3n con el dise\u00f1ador multidisciplinar franco-canadiense Willo Perron, aporta un alto grado de comodidad y adaptabilidad. Su perspectiva distintiva se traduce en una forma inesperada que ofrece un confort inolvidable. Willo Perron dijo de su enfoque del dise\u00f1o: \u00abTodo lo que hago tiene algo de humor. Quer\u00eda que el sof\u00e1 evocara sorpresa y emoci\u00f3n\u00bb. La forma del Sof\u00e1 Perron Pillo es vanguardista, pero su comodidad integral resulta familiar y acogedora. Con asientos profundos dise\u00f1ados para sentarse en ellos, no sobre ellos, la pieza sirve de refugio e invita a sentarse, acurrucarse y relajarse. Al mismo tiempo, es una colecci\u00f3n muy flexible: los componentes individuales pueden combinarse de innumerables maneras y reconfigurarse a medida que cambian las necesidades y las ubicaciones. Adem\u00e1s, el sof\u00e1 puede personalizarse a\u00fan m\u00e1s mediante una gama de tapizados. Cada elemento es independiente y puede utilizarse como modelo independiente. Si desea configurar su propio sof\u00e1 Perron Pillo y no puede ver la configuraci\u00f3n elegida, p\u00f3ngase en contacto con nosotros para obtener ayuda o un presupuesto. Hay disponible un kit opcional de placas de conexi\u00f3n que permite fijar los asientos entre s\u00ed. Cada kit conecta dos asientos adyacentes.<\/p>\n\n\n\n<p><\/p>\n","protected":false},"excerpt":{"rendered":"<p>El sof\u00e1 Perron Pillo, creado en colaboraci\u00f3n con el dise\u00f1ador multidisciplinar franco-canadiense Willo Perron, aporta un alto grado de comodidad y adaptabilidad. Su perspectiva distintiva se traduce en una forma inesperada que ofrece un confort inolvidable. Willo Perron dijo de su enfoque del dise\u00f1o: \u00abTodo lo que hago tiene algo de humor. Quer\u00eda que el &#8230; <a title=\"Sof\u00e1 Perron Pillo\" class=\"read-more\" href=\"https:\/\/enlineabarcelona.com\/ca\/producto\/sofa-perron-pillo\/\" aria-label=\"M\u00e9s informaci\u00f3 sobre Sof\u00e1 Perron Pillo\">Llegiu m\u00e9s<\/a><\/p>\n","protected":false},"featured_media":10191,"comment_status":"closed","ping_status":"open","template":"","meta":{"_acf_changed":false},"product_cat":[298,1147],"product_tag":[],"disenadores":[814],"marca":[72],"class_list":{"0":"post-14124","1":"product","2":"type-product","3":"status-publish","4":"has-post-thumbnail","6":"product_cat-mobiliario","7":"product_cat-sofas","8":"disenadores-willo-perron","9":"marca-knoll","10":"sales-flash-overlay","11":"woocommerce-text-align-center","12":"woocommerce-image-align-center","13":"do-quantity-buttons","14":"wc-has-gallery","16":"first","17":"instock","18":"purchasable","19":"product-type-simple"},"acf":[],"_links":{"self":[{"href":"https:\/\/enlineabarcelona.com\/ca\/wp-json\/wp\/v2\/product\/14124","targetHints":{"allow":["GET"]}}],"collection":[{"href":"https:\/\/enlineabarcelona.com\/ca\/wp-json\/wp\/v2\/product"}],"about":[{"href":"https:\/\/enlineabarcelona.com\/ca\/wp-json\/wp\/v2\/types\/product"}],"replies":[{"embeddable":true,"href":"https:\/\/enlineabarcelona.com\/ca\/wp-json\/wp\/v2\/comments?post=14124"}],"wp:featuredmedia":[{"embeddable":true,"href":"https:\/\/enlineabarcelona.com\/ca\/wp-json\/wp\/v2\/media\/10191"}],"wp:attachment":[{"href":"https:\/\/enlineabarcelona.com\/ca\/wp-json\/wp\/v2\/media?parent=14124"}],"wp:term":[{"taxonomy":"product_cat","embeddable":true,"href":"https:\/\/enlineabarcelona.com\/ca\/wp-json\/wp\/v2\/product_cat?post=14124"},{"taxonomy":"product_tag","embeddable":true,"href":"https:\/\/enlineabarcelona.com\/ca\/wp-json\/wp\/v2\/product_tag?post=14124"},{"taxonomy":"disenadores","embeddable":true,"href":"https:\/\/enlineabarcelona.com\/ca\/wp-json\/wp\/v2\/disenadores?post=14124"},{"taxonomy":"marca","embeddable":true,"href":"https:\/\/enlineabarcelona.com\/ca\/wp-json\/wp\/v2\/marca?post=14124"}],"curies":[{"name":"wp","href":"https:\/\/api.w.org\/{rel}","templated":true}]}}