{"id":14125,"date":"2025-10-27T11:18:39","date_gmt":"2025-10-27T11:18:39","guid":{"rendered":"https:\/\/enlineabarcelona.com\/producto\/mesa-allure-o\/"},"modified":"2026-02-16T12:22:30","modified_gmt":"2026-02-16T12:22:30","slug":"mesa-allure-o","status":"publish","type":"product","link":"https:\/\/enlineabarcelona.com\/ca\/producto\/mesa-allure-o\/","title":{"rendered":"Mesa Allure O&#8217;"},"content":{"rendered":"\n<p>La mesa Allure O&#8217; se presenta como un sentido homenaje al glamour interpretado en estilo contempor\u00e1neo.\u200e La fuerza gr\u00e1cil de su dise\u00f1o se aprecia claramente en la forma del tablero y en el equilibrio entre el control de las l\u00edneas rectas y la sinuosidad de las curvas.\u200e En un juego de formas geom\u00e9tricas el\u00edpticas que recuerda al espejo Madison, dise\u00f1ado por Monica Armani en 2017, esta pieza renueva la referencia de la forma de las ic\u00f3nicas gafas de Jackie O.\u200e Allure O&#8217; transforma la tradici\u00f3n de sentarse a la mesa en un presente, m\u00e1s all\u00e1 de la nostalgia y hacia una nueva forma de experimentar el lujo dom\u00e9stico con un allure reinterpretado.\u200e\u00a0<br>Allure O&#8217; est\u00e1 disponible con tablero cuadrado o rectangular, ambos con bordes biselados, y en dos tama\u00f1os para sentar a cuatro, seis o incluso ocho personas.\u200e Las versiones m\u00e1s peque\u00f1as sugieren un ambiente \u00edntimo, y las mesas m\u00e1s grandes son adecuadas para situaciones que requieren una mise en place de prestigio.\u200e La secci\u00f3n de la base troncopiramidal reproduce el riguroso equilibrio del tablero con delicadas proporciones para crear un nivel de armon\u00eda que garantice la estabilidad estructural y visual.\u200e\u00a0<br>Los acabados subrayan la sofisticada elegancia del inspirador concepto que hay detr\u00e1s.\u200e Estas piezas est\u00e1n disponibles en acabados pintados brillantes y mates en 18 colores, y tambi\u00e9n en madera de roble claro y negro.\u200e Para quienes deseen un toque extra de dinamismo, el tablero y la base pueden acabarse en combinaciones de distintos colores.\u200e La mesa tambi\u00e9n puede realzarse con un tablero superior de m\u00e1rmol blanco de Carrara o m\u00e1rmol negro Marquina, o con un sofisticado cristal negro brillante.\u200e\u00a0<\/p>\n","protected":false},"excerpt":{"rendered":"<p>La mesa Allure O&#8217; se presenta como un sentido homenaje al glamour interpretado en estilo contempor\u00e1neo.\u200e La fuerza gr\u00e1cil de su dise\u00f1o se aprecia claramente en la forma del tablero y en el equilibrio entre el control de las l\u00edneas rectas y la sinuosidad de las curvas.\u200e En un juego de formas geom\u00e9tricas el\u00edpticas que &#8230; <a title=\"Mesa Allure O&#8217;\" class=\"read-more\" href=\"https:\/\/enlineabarcelona.com\/ca\/producto\/mesa-allure-o\/\" aria-label=\"M\u00e9s informaci\u00f3 sobre Mesa Allure O&#8217;\">Llegiu m\u00e9s<\/a><\/p>\n","protected":false},"featured_media":10225,"comment_status":"closed","ping_status":"open","template":"","meta":{"_acf_changed":false},"product_cat":[289,298],"product_tag":[],"disenadores":[850],"marca":[37],"class_list":{"0":"post-14125","1":"product","2":"type-product","3":"status-publish","4":"has-post-thumbnail","6":"product_cat-mesas","7":"product_cat-mobiliario","8":"disenadores-monica-armani","9":"marca-bb-italia","10":"sales-flash-overlay","11":"woocommerce-text-align-center","12":"woocommerce-image-align-center","13":"do-quantity-buttons","14":"wc-has-gallery","16":"first","17":"instock","18":"purchasable","19":"product-type-simple"},"acf":[],"_links":{"self":[{"href":"https:\/\/enlineabarcelona.com\/ca\/wp-json\/wp\/v2\/product\/14125","targetHints":{"allow":["GET"]}}],"collection":[{"href":"https:\/\/enlineabarcelona.com\/ca\/wp-json\/wp\/v2\/product"}],"about":[{"href":"https:\/\/enlineabarcelona.com\/ca\/wp-json\/wp\/v2\/types\/product"}],"replies":[{"embeddable":true,"href":"https:\/\/enlineabarcelona.com\/ca\/wp-json\/wp\/v2\/comments?post=14125"}],"wp:featuredmedia":[{"embeddable":true,"href":"https:\/\/enlineabarcelona.com\/ca\/wp-json\/wp\/v2\/media\/10225"}],"wp:attachment":[{"href":"https:\/\/enlineabarcelona.com\/ca\/wp-json\/wp\/v2\/media?parent=14125"}],"wp:term":[{"taxonomy":"product_cat","embeddable":true,"href":"https:\/\/enlineabarcelona.com\/ca\/wp-json\/wp\/v2\/product_cat?post=14125"},{"taxonomy":"product_tag","embeddable":true,"href":"https:\/\/enlineabarcelona.com\/ca\/wp-json\/wp\/v2\/product_tag?post=14125"},{"taxonomy":"disenadores","embeddable":true,"href":"https:\/\/enlineabarcelona.com\/ca\/wp-json\/wp\/v2\/disenadores?post=14125"},{"taxonomy":"marca","embeddable":true,"href":"https:\/\/enlineabarcelona.com\/ca\/wp-json\/wp\/v2\/marca?post=14125"}],"curies":[{"name":"wp","href":"https:\/\/api.w.org\/{rel}","templated":true}]}}