{"id":14127,"date":"2025-10-27T11:18:39","date_gmt":"2025-10-27T11:18:39","guid":{"rendered":"https:\/\/enlineabarcelona.com\/producto\/pouf-capitonne\/"},"modified":"2025-10-27T11:18:45","modified_gmt":"2025-10-27T11:18:45","slug":"pouf-capitonne","status":"publish","type":"product","link":"https:\/\/enlineabarcelona.com\/ca\/producto\/pouf-capitonne\/","title":{"rendered":"Pouf Capitonn\u00e9"},"content":{"rendered":"\n<p>La historia del reposapi\u00e9s Pouf Capitonn\u00e9 es la de un dise\u00f1o vers\u00e1til, que lo convierte en una pieza central desenfadada en cualquier espacio. Como una isla en el centro del sal\u00f3n, puede convertirse en una mesa de centro para libros de arte, revistas y bandejas, pero tambi\u00e9n acomodar a unos cuantos amigos m\u00e1s con el encanto de un sill\u00f3n de dise\u00f1o, convirti\u00e9ndose incluso en un c\u00f3modo reposapi\u00e9s. La tapicer\u00eda de cuero avellana est\u00e1 hecha a mano y no pasa desapercibida, impregnando el sal\u00f3n de un aire brit\u00e1nico. Est\u00e1 disponible en tela o piel, en dos tama\u00f1os y en versi\u00f3n cuadrada o redonda.<\/p>\n\n\n\n<p><\/p>\n","protected":false},"excerpt":{"rendered":"<p>La historia del reposapi\u00e9s Pouf Capitonn\u00e9 es la de un dise\u00f1o vers\u00e1til, que lo convierte en una pieza central desenfadada en cualquier espacio. Como una isla en el centro del sal\u00f3n, puede convertirse en una mesa de centro para libros de arte, revistas y bandejas, pero tambi\u00e9n acomodar a unos cuantos amigos m\u00e1s con el &#8230; <a title=\"Pouf Capitonn\u00e9\" class=\"read-more\" href=\"https:\/\/enlineabarcelona.com\/ca\/producto\/pouf-capitonne\/\" aria-label=\"M\u00e9s informaci\u00f3 sobre Pouf Capitonn\u00e9\">Llegiu m\u00e9s<\/a><\/p>\n","protected":false},"featured_media":10263,"comment_status":"closed","ping_status":"open","template":"","meta":{"_acf_changed":false},"product_cat":[298,285],"product_tag":[],"disenadores":[837],"marca":[51],"class_list":{"0":"post-14127","1":"product","2":"type-product","3":"status-publish","4":"has-post-thumbnail","6":"product_cat-mobiliario","7":"product_cat-poufs","8":"disenadores-depadova","9":"marca-de-padova","10":"sales-flash-overlay","11":"woocommerce-text-align-center","12":"woocommerce-image-align-center","13":"do-quantity-buttons","14":"wc-has-gallery","16":"first","17":"instock","18":"purchasable","19":"product-type-simple"},"acf":[],"_links":{"self":[{"href":"https:\/\/enlineabarcelona.com\/ca\/wp-json\/wp\/v2\/product\/14127","targetHints":{"allow":["GET"]}}],"collection":[{"href":"https:\/\/enlineabarcelona.com\/ca\/wp-json\/wp\/v2\/product"}],"about":[{"href":"https:\/\/enlineabarcelona.com\/ca\/wp-json\/wp\/v2\/types\/product"}],"replies":[{"embeddable":true,"href":"https:\/\/enlineabarcelona.com\/ca\/wp-json\/wp\/v2\/comments?post=14127"}],"wp:featuredmedia":[{"embeddable":true,"href":"https:\/\/enlineabarcelona.com\/ca\/wp-json\/wp\/v2\/media\/10263"}],"wp:attachment":[{"href":"https:\/\/enlineabarcelona.com\/ca\/wp-json\/wp\/v2\/media?parent=14127"}],"wp:term":[{"taxonomy":"product_cat","embeddable":true,"href":"https:\/\/enlineabarcelona.com\/ca\/wp-json\/wp\/v2\/product_cat?post=14127"},{"taxonomy":"product_tag","embeddable":true,"href":"https:\/\/enlineabarcelona.com\/ca\/wp-json\/wp\/v2\/product_tag?post=14127"},{"taxonomy":"disenadores","embeddable":true,"href":"https:\/\/enlineabarcelona.com\/ca\/wp-json\/wp\/v2\/disenadores?post=14127"},{"taxonomy":"marca","embeddable":true,"href":"https:\/\/enlineabarcelona.com\/ca\/wp-json\/wp\/v2\/marca?post=14127"}],"curies":[{"name":"wp","href":"https:\/\/api.w.org\/{rel}","templated":true}]}}