{"id":14128,"date":"2025-10-27T11:18:39","date_gmt":"2025-10-27T11:18:39","guid":{"rendered":"https:\/\/enlineabarcelona.com\/producto\/sofa-zaza-max\/"},"modified":"2025-10-27T11:18:45","modified_gmt":"2025-10-27T11:18:45","slug":"sofa-zaza-max","status":"publish","type":"product","link":"https:\/\/enlineabarcelona.com\/ca\/producto\/sofa-zaza-max\/","title":{"rendered":"Sof\u00e1 Za:Za Max"},"content":{"rendered":"\n<p>Utilizando exclusivamente materiales reciclados y reciclables, Za:Za Max es m\u00e1s que un sof\u00e1: es un manifiesto de responsabilidad ecol\u00f3gica. Gracias a sus dimensiones y a un asiento m\u00e1s profundo para garantizar el m\u00e1ximo confort, este sof\u00e1 cuenta con elementos modulares -dos piezas finales separadas y un puf- que permiten diferentes configuraciones, adem\u00e1s de estimular la creatividad en el dise\u00f1o de interiores.<br><br><\/p>\n","protected":false},"excerpt":{"rendered":"<p>Utilizando exclusivamente materiales reciclados y reciclables, Za:Za Max es m\u00e1s que un sof\u00e1: es un manifiesto de responsabilidad ecol\u00f3gica. Gracias a sus dimensiones y a un asiento m\u00e1s profundo para garantizar el m\u00e1ximo confort, este sof\u00e1 cuenta con elementos modulares -dos piezas finales separadas y un puf- que permiten diferentes configuraciones, adem\u00e1s de estimular la &#8230; <a title=\"Sof\u00e1 Za:Za Max\" class=\"read-more\" href=\"https:\/\/enlineabarcelona.com\/ca\/producto\/sofa-zaza-max\/\" aria-label=\"M\u00e9s informaci\u00f3 sobre Sof\u00e1 Za:Za Max\">Llegiu m\u00e9s<\/a><\/p>\n","protected":false},"featured_media":10279,"comment_status":"closed","ping_status":"open","template":"","meta":{"_acf_changed":false},"product_cat":[298,1147],"product_tag":[],"disenadores":[1210],"marca":[57],"class_list":{"0":"post-14128","1":"product","2":"type-product","3":"status-publish","4":"has-post-thumbnail","6":"product_cat-mobiliario","7":"product_cat-sofas","8":"disenadores-zaven","9":"marca-zanotta","10":"sales-flash-overlay","11":"woocommerce-text-align-center","12":"woocommerce-image-align-center","13":"do-quantity-buttons","14":"wc-has-gallery","16":"first","17":"instock","18":"purchasable","19":"product-type-simple"},"acf":[],"_links":{"self":[{"href":"https:\/\/enlineabarcelona.com\/ca\/wp-json\/wp\/v2\/product\/14128","targetHints":{"allow":["GET"]}}],"collection":[{"href":"https:\/\/enlineabarcelona.com\/ca\/wp-json\/wp\/v2\/product"}],"about":[{"href":"https:\/\/enlineabarcelona.com\/ca\/wp-json\/wp\/v2\/types\/product"}],"replies":[{"embeddable":true,"href":"https:\/\/enlineabarcelona.com\/ca\/wp-json\/wp\/v2\/comments?post=14128"}],"wp:featuredmedia":[{"embeddable":true,"href":"https:\/\/enlineabarcelona.com\/ca\/wp-json\/wp\/v2\/media\/10279"}],"wp:attachment":[{"href":"https:\/\/enlineabarcelona.com\/ca\/wp-json\/wp\/v2\/media?parent=14128"}],"wp:term":[{"taxonomy":"product_cat","embeddable":true,"href":"https:\/\/enlineabarcelona.com\/ca\/wp-json\/wp\/v2\/product_cat?post=14128"},{"taxonomy":"product_tag","embeddable":true,"href":"https:\/\/enlineabarcelona.com\/ca\/wp-json\/wp\/v2\/product_tag?post=14128"},{"taxonomy":"disenadores","embeddable":true,"href":"https:\/\/enlineabarcelona.com\/ca\/wp-json\/wp\/v2\/disenadores?post=14128"},{"taxonomy":"marca","embeddable":true,"href":"https:\/\/enlineabarcelona.com\/ca\/wp-json\/wp\/v2\/marca?post=14128"}],"curies":[{"name":"wp","href":"https:\/\/api.w.org\/{rel}","templated":true}]}}