{"id":14129,"date":"2025-10-27T11:18:39","date_gmt":"2025-10-27T11:18:39","guid":{"rendered":"https:\/\/enlineabarcelona.com\/producto\/butaca-galeotta\/"},"modified":"2025-10-27T11:18:46","modified_gmt":"2025-10-27T11:18:46","slug":"butaca-galeotta","status":"publish","type":"product","link":"https:\/\/enlineabarcelona.com\/ca\/producto\/butaca-galeotta\/","title":{"rendered":"Butaca Galeotta"},"content":{"rendered":"\n<p><a href=\"https:\/\/www.miliashop.com\/es\/sillones\/49809-galeotta-zanotta-butaca.html\" target=\"_blank\" rel=\"noopener\"><\/a><\/p>\n\n\n\n<p>Galeotta encarna el principio del dise\u00f1o simple y funcional. Dise\u00f1ado por Jonathan De Pas, Donato D&#8217;Urbino y Paolo Lomazzi en 1968, fue un dise\u00f1o innovador y revolucionario desde el principio y ayud\u00f3 a lograr un cambio profundo en los estilos de vida, rompiendo y revolucionando el concepto del sill\u00f3n tradicional al tiempo que introdujo diferentes formas de sentarse y disfrutar del hogar. Zanotta, en colaboraci\u00f3n con el dise\u00f1ador Paolo Lomazzi, ha redise\u00f1ado el sill\u00f3n Galeotta con materiales modernos y dimensiones diferentes en comparaci\u00f3n con el dise\u00f1o original.<br><a href=\"https:\/\/www.miliashop.com\/es\/sillones\/49809-galeotta-zanotta-butaca.html\" target=\"_blank\" rel=\"noopener\"><\/a><\/p>\n\n\n\n<p><\/p>\n","protected":false},"excerpt":{"rendered":"<p>Galeotta encarna el principio del dise\u00f1o simple y funcional. Dise\u00f1ado por Jonathan De Pas, Donato D&#8217;Urbino y Paolo Lomazzi en 1968, fue un dise\u00f1o innovador y revolucionario desde el principio y ayud\u00f3 a lograr un cambio profundo en los estilos de vida, rompiendo y revolucionando el concepto del sill\u00f3n tradicional al tiempo que introdujo diferentes &#8230; <a title=\"Butaca Galeotta\" class=\"read-more\" href=\"https:\/\/enlineabarcelona.com\/ca\/producto\/butaca-galeotta\/\" aria-label=\"M\u00e9s informaci\u00f3 sobre Butaca Galeotta\">Llegiu m\u00e9s<\/a><\/p>\n","protected":false},"featured_media":10292,"comment_status":"closed","ping_status":"open","template":"","meta":{"_acf_changed":false},"product_cat":[1145,298],"product_tag":[],"disenadores":[851],"marca":[57],"class_list":{"0":"post-14129","1":"product","2":"type-product","3":"status-publish","4":"has-post-thumbnail","6":"product_cat-butacas","7":"product_cat-mobiliario","8":"disenadores-de-pas-durbino-lomazzi","9":"marca-zanotta","10":"sales-flash-overlay","11":"woocommerce-text-align-center","12":"woocommerce-image-align-center","13":"do-quantity-buttons","14":"wc-has-gallery","16":"first","17":"instock","18":"purchasable","19":"product-type-simple"},"acf":[],"_links":{"self":[{"href":"https:\/\/enlineabarcelona.com\/ca\/wp-json\/wp\/v2\/product\/14129","targetHints":{"allow":["GET"]}}],"collection":[{"href":"https:\/\/enlineabarcelona.com\/ca\/wp-json\/wp\/v2\/product"}],"about":[{"href":"https:\/\/enlineabarcelona.com\/ca\/wp-json\/wp\/v2\/types\/product"}],"replies":[{"embeddable":true,"href":"https:\/\/enlineabarcelona.com\/ca\/wp-json\/wp\/v2\/comments?post=14129"}],"wp:featuredmedia":[{"embeddable":true,"href":"https:\/\/enlineabarcelona.com\/ca\/wp-json\/wp\/v2\/media\/10292"}],"wp:attachment":[{"href":"https:\/\/enlineabarcelona.com\/ca\/wp-json\/wp\/v2\/media?parent=14129"}],"wp:term":[{"taxonomy":"product_cat","embeddable":true,"href":"https:\/\/enlineabarcelona.com\/ca\/wp-json\/wp\/v2\/product_cat?post=14129"},{"taxonomy":"product_tag","embeddable":true,"href":"https:\/\/enlineabarcelona.com\/ca\/wp-json\/wp\/v2\/product_tag?post=14129"},{"taxonomy":"disenadores","embeddable":true,"href":"https:\/\/enlineabarcelona.com\/ca\/wp-json\/wp\/v2\/disenadores?post=14129"},{"taxonomy":"marca","embeddable":true,"href":"https:\/\/enlineabarcelona.com\/ca\/wp-json\/wp\/v2\/marca?post=14129"}],"curies":[{"name":"wp","href":"https:\/\/api.w.org\/{rel}","templated":true}]}}