{"id":14130,"date":"2025-10-27T11:18:39","date_gmt":"2025-10-27T11:18:39","guid":{"rendered":"https:\/\/enlineabarcelona.com\/producto\/butaquita-giuno\/"},"modified":"2025-10-27T11:18:47","modified_gmt":"2025-10-27T11:18:47","slug":"butaquita-giuno","status":"publish","type":"product","link":"https:\/\/enlineabarcelona.com\/ca\/producto\/butaquita-giuno\/","title":{"rendered":"Butaquita Giuno"},"content":{"rendered":"\n<p>Tapizado en tela, el sill\u00f3n Giuno ofrece un gran confort gracias a su asiento envolvente con un toque de reposabrazos, que lo hace especialmente c\u00f3modo como silla de comedor. La versi\u00f3n con base giratoria a\u00f1ade un elemento de practicidad sin comprometer la pureza de las formas.<\/p>\n","protected":false},"excerpt":{"rendered":"<p>Tapizado en tela, el sill\u00f3n Giuno ofrece un gran confort gracias a su asiento envolvente con un toque de reposabrazos, que lo hace especialmente c\u00f3modo como silla de comedor. La versi\u00f3n con base giratoria a\u00f1ade un elemento de practicidad sin comprometer la pureza de las formas.<\/p>\n","protected":false},"featured_media":10305,"comment_status":"closed","ping_status":"open","template":"","meta":{"_acf_changed":false},"product_cat":[1145,298],"product_tag":[],"disenadores":[],"marca":[57],"class_list":{"0":"post-14130","1":"product","2":"type-product","3":"status-publish","4":"has-post-thumbnail","6":"product_cat-butacas","7":"product_cat-mobiliario","8":"marca-zanotta","9":"sales-flash-overlay","10":"woocommerce-text-align-center","11":"woocommerce-image-align-center","12":"do-quantity-buttons","13":"wc-has-gallery","15":"first","16":"instock","17":"purchasable","18":"product-type-simple"},"acf":[],"_links":{"self":[{"href":"https:\/\/enlineabarcelona.com\/ca\/wp-json\/wp\/v2\/product\/14130","targetHints":{"allow":["GET"]}}],"collection":[{"href":"https:\/\/enlineabarcelona.com\/ca\/wp-json\/wp\/v2\/product"}],"about":[{"href":"https:\/\/enlineabarcelona.com\/ca\/wp-json\/wp\/v2\/types\/product"}],"replies":[{"embeddable":true,"href":"https:\/\/enlineabarcelona.com\/ca\/wp-json\/wp\/v2\/comments?post=14130"}],"wp:featuredmedia":[{"embeddable":true,"href":"https:\/\/enlineabarcelona.com\/ca\/wp-json\/wp\/v2\/media\/10305"}],"wp:attachment":[{"href":"https:\/\/enlineabarcelona.com\/ca\/wp-json\/wp\/v2\/media?parent=14130"}],"wp:term":[{"taxonomy":"product_cat","embeddable":true,"href":"https:\/\/enlineabarcelona.com\/ca\/wp-json\/wp\/v2\/product_cat?post=14130"},{"taxonomy":"product_tag","embeddable":true,"href":"https:\/\/enlineabarcelona.com\/ca\/wp-json\/wp\/v2\/product_tag?post=14130"},{"taxonomy":"disenadores","embeddable":true,"href":"https:\/\/enlineabarcelona.com\/ca\/wp-json\/wp\/v2\/disenadores?post=14130"},{"taxonomy":"marca","embeddable":true,"href":"https:\/\/enlineabarcelona.com\/ca\/wp-json\/wp\/v2\/marca?post=14130"}],"curies":[{"name":"wp","href":"https:\/\/api.w.org\/{rel}","templated":true}]}}