{"id":14133,"date":"2025-10-27T11:18:39","date_gmt":"2025-10-27T11:18:39","guid":{"rendered":"https:\/\/enlineabarcelona.com\/producto\/butaca-pk20\/"},"modified":"2025-10-27T11:18:49","modified_gmt":"2025-10-27T11:18:49","slug":"butaca-pk20","status":"publish","type":"product","link":"https:\/\/enlineabarcelona.com\/ca\/producto\/butaca-pk20\/","title":{"rendered":"Butaca PK20\u2122"},"content":{"rendered":"\n<p>La PK20\u2122 es una butaca relajada y elegante, dise\u00f1ada por Poul Kj\u00e6rholm. Fabricado a mano en mimbre y piel, el sill\u00f3n cuenta con una suave tapicer\u00eda de piel y un reposacabezas reclinable, y descansa sobre una estructura flexible de acero cromado mate para muelles. Con el paso de los a\u00f1os, la PK20 se ha convertido en un cl\u00e1sico de Poul Kj\u00e6rholm, as\u00ed como en un elemento permanente del Victoria and Albert Museum de Londres.<\/p>\n\n\n\n<p><\/p>\n","protected":false},"excerpt":{"rendered":"<p>La PK20\u2122 es una butaca relajada y elegante, dise\u00f1ada por Poul Kj\u00e6rholm. Fabricado a mano en mimbre y piel, el sill\u00f3n cuenta con una suave tapicer\u00eda de piel y un reposacabezas reclinable, y descansa sobre una estructura flexible de acero cromado mate para muelles. Con el paso de los a\u00f1os, la PK20 se ha convertido &#8230; <a title=\"Butaca PK20\u2122\" class=\"read-more\" href=\"https:\/\/enlineabarcelona.com\/ca\/producto\/butaca-pk20\/\" aria-label=\"M\u00e9s informaci\u00f3 sobre Butaca PK20\u2122\">Llegiu m\u00e9s<\/a><\/p>\n","protected":false},"featured_media":10365,"comment_status":"closed","ping_status":"open","template":"","meta":{"_acf_changed":false},"product_cat":[1195,298],"product_tag":[],"disenadores":[838],"marca":[],"class_list":{"0":"post-14133","1":"product","2":"type-product","3":"status-publish","4":"has-post-thumbnail","6":"product_cat-butacasoutlet","7":"product_cat-mobiliario","8":"disenadores-poul-kjaerholm","9":"sales-flash-overlay","10":"woocommerce-text-align-center","11":"woocommerce-image-align-center","12":"do-quantity-buttons","13":"wc-has-gallery","15":"first","16":"instock","17":"purchasable","18":"product-type-simple"},"acf":[],"_links":{"self":[{"href":"https:\/\/enlineabarcelona.com\/ca\/wp-json\/wp\/v2\/product\/14133","targetHints":{"allow":["GET"]}}],"collection":[{"href":"https:\/\/enlineabarcelona.com\/ca\/wp-json\/wp\/v2\/product"}],"about":[{"href":"https:\/\/enlineabarcelona.com\/ca\/wp-json\/wp\/v2\/types\/product"}],"replies":[{"embeddable":true,"href":"https:\/\/enlineabarcelona.com\/ca\/wp-json\/wp\/v2\/comments?post=14133"}],"wp:featuredmedia":[{"embeddable":true,"href":"https:\/\/enlineabarcelona.com\/ca\/wp-json\/wp\/v2\/media\/10365"}],"wp:attachment":[{"href":"https:\/\/enlineabarcelona.com\/ca\/wp-json\/wp\/v2\/media?parent=14133"}],"wp:term":[{"taxonomy":"product_cat","embeddable":true,"href":"https:\/\/enlineabarcelona.com\/ca\/wp-json\/wp\/v2\/product_cat?post=14133"},{"taxonomy":"product_tag","embeddable":true,"href":"https:\/\/enlineabarcelona.com\/ca\/wp-json\/wp\/v2\/product_tag?post=14133"},{"taxonomy":"disenadores","embeddable":true,"href":"https:\/\/enlineabarcelona.com\/ca\/wp-json\/wp\/v2\/disenadores?post=14133"},{"taxonomy":"marca","embeddable":true,"href":"https:\/\/enlineabarcelona.com\/ca\/wp-json\/wp\/v2\/marca?post=14133"}],"curies":[{"name":"wp","href":"https:\/\/api.w.org\/{rel}","templated":true}]}}