{"id":14134,"date":"2025-10-27T11:18:39","date_gmt":"2025-10-27T11:18:39","guid":{"rendered":"https:\/\/enlineabarcelona.com\/producto\/libreria-load-it\/"},"modified":"2025-10-27T11:18:49","modified_gmt":"2025-10-27T11:18:49","slug":"libreria-load-it","status":"publish","type":"product","link":"https:\/\/enlineabarcelona.com\/ca\/producto\/libreria-load-it\/","title":{"rendered":"Librer\u00eda Load-It"},"content":{"rendered":"\n<p>Load-It dise\u00f1ada por Wolfgang Tolk para Porro es una librer\u00eda modular realizada con paneles murales de madera disponibles en diferentes acabados. Estantes en acero, blanco, lat\u00f3n bru\u00f1ido, grigio porfido o rosso antico.<\/p>\n","protected":false},"excerpt":{"rendered":"<p>Load-It dise\u00f1ada por Wolfgang Tolk para Porro es una librer\u00eda modular realizada con paneles murales de madera disponibles en diferentes acabados. Estantes en acero, blanco, lat\u00f3n bru\u00f1ido, grigio porfido o rosso antico.<\/p>\n","protected":false},"featured_media":10381,"comment_status":"closed","ping_status":"open","template":"","meta":{"_acf_changed":false},"product_cat":[1211,298],"product_tag":[],"disenadores":[747],"marca":[21],"class_list":{"0":"post-14134","1":"product","2":"type-product","3":"status-publish","4":"has-post-thumbnail","6":"product_cat-estanteriasoutlet","7":"product_cat-mobiliario","8":"disenadores-wolfgang-tolk","9":"marca-porro","10":"sales-flash-overlay","11":"woocommerce-text-align-center","12":"woocommerce-image-align-center","13":"do-quantity-buttons","14":"wc-has-gallery","16":"first","17":"instock","18":"purchasable","19":"product-type-simple"},"acf":[],"_links":{"self":[{"href":"https:\/\/enlineabarcelona.com\/ca\/wp-json\/wp\/v2\/product\/14134","targetHints":{"allow":["GET"]}}],"collection":[{"href":"https:\/\/enlineabarcelona.com\/ca\/wp-json\/wp\/v2\/product"}],"about":[{"href":"https:\/\/enlineabarcelona.com\/ca\/wp-json\/wp\/v2\/types\/product"}],"replies":[{"embeddable":true,"href":"https:\/\/enlineabarcelona.com\/ca\/wp-json\/wp\/v2\/comments?post=14134"}],"wp:featuredmedia":[{"embeddable":true,"href":"https:\/\/enlineabarcelona.com\/ca\/wp-json\/wp\/v2\/media\/10381"}],"wp:attachment":[{"href":"https:\/\/enlineabarcelona.com\/ca\/wp-json\/wp\/v2\/media?parent=14134"}],"wp:term":[{"taxonomy":"product_cat","embeddable":true,"href":"https:\/\/enlineabarcelona.com\/ca\/wp-json\/wp\/v2\/product_cat?post=14134"},{"taxonomy":"product_tag","embeddable":true,"href":"https:\/\/enlineabarcelona.com\/ca\/wp-json\/wp\/v2\/product_tag?post=14134"},{"taxonomy":"disenadores","embeddable":true,"href":"https:\/\/enlineabarcelona.com\/ca\/wp-json\/wp\/v2\/disenadores?post=14134"},{"taxonomy":"marca","embeddable":true,"href":"https:\/\/enlineabarcelona.com\/ca\/wp-json\/wp\/v2\/marca?post=14134"}],"curies":[{"name":"wp","href":"https:\/\/api.w.org\/{rel}","templated":true}]}}