{"id":14137,"date":"2025-10-27T11:18:39","date_gmt":"2025-10-27T11:18:39","guid":{"rendered":"https:\/\/enlineabarcelona.com\/producto\/mesa-baja-dc\/"},"modified":"2025-10-27T11:18:52","modified_gmt":"2025-10-27T11:18:52","slug":"mesa-baja-dc","status":"publish","type":"product","link":"https:\/\/enlineabarcelona.com\/ca\/producto\/mesa-baja-dc\/","title":{"rendered":"Mesa Baja DC"},"content":{"rendered":"\n<p>Crear elementos que se integren perfectamente en el espacio, combinando flexibilidad y est\u00e9tica, es uno de los retos del dise\u00f1o. La mesa auxiliar DC, dise\u00f1ada en 2010 por Vincenzo De Cotiis, es un excelente ejemplo de ello. Disponible en dos tama\u00f1os, se apoya en una base de lat\u00f3n bru\u00f1ido. El marco de la tapa es de nogal americano macizo, mientras que la tapa puede ser de madera, lat\u00f3n bru\u00f1ido o cristal transparente, bru\u00f1ido o ahumado de 6 mm. Las marcas sinuosas pero limpias resaltan la calidad de los materiales. La mesa auxiliar DC amuebla y organiza el espacio del sal\u00f3n, sola o en composiciones m\u00faltiples.<\/p>\n\n\n\n<p><\/p>\n","protected":false},"excerpt":{"rendered":"<p>Crear elementos que se integren perfectamente en el espacio, combinando flexibilidad y est\u00e9tica, es uno de los retos del dise\u00f1o. La mesa auxiliar DC, dise\u00f1ada en 2010 por Vincenzo De Cotiis, es un excelente ejemplo de ello. Disponible en dos tama\u00f1os, se apoya en una base de lat\u00f3n bru\u00f1ido. El marco de la tapa es &#8230; <a title=\"Mesa Baja DC\" class=\"read-more\" href=\"https:\/\/enlineabarcelona.com\/ca\/producto\/mesa-baja-dc\/\" aria-label=\"M\u00e9s informaci\u00f3 sobre Mesa Baja DC\">Llegiu m\u00e9s<\/a><\/p>\n","protected":false},"featured_media":10444,"comment_status":"closed","ping_status":"open","template":"","meta":{"_acf_changed":false},"product_cat":[1212,298],"product_tag":[],"disenadores":[1108],"marca":[39],"class_list":{"0":"post-14137","1":"product","2":"type-product","3":"status-publish","4":"has-post-thumbnail","6":"product_cat-mesasoutlet","7":"product_cat-mobiliario","8":"disenadores-vincenzo-de-cotiis-en","9":"marca-ceccotti","10":"sales-flash-overlay","11":"woocommerce-text-align-center","12":"woocommerce-image-align-center","13":"do-quantity-buttons","14":"wc-has-gallery","16":"first","17":"instock","18":"purchasable","19":"product-type-simple"},"acf":[],"_links":{"self":[{"href":"https:\/\/enlineabarcelona.com\/ca\/wp-json\/wp\/v2\/product\/14137","targetHints":{"allow":["GET"]}}],"collection":[{"href":"https:\/\/enlineabarcelona.com\/ca\/wp-json\/wp\/v2\/product"}],"about":[{"href":"https:\/\/enlineabarcelona.com\/ca\/wp-json\/wp\/v2\/types\/product"}],"replies":[{"embeddable":true,"href":"https:\/\/enlineabarcelona.com\/ca\/wp-json\/wp\/v2\/comments?post=14137"}],"wp:featuredmedia":[{"embeddable":true,"href":"https:\/\/enlineabarcelona.com\/ca\/wp-json\/wp\/v2\/media\/10444"}],"wp:attachment":[{"href":"https:\/\/enlineabarcelona.com\/ca\/wp-json\/wp\/v2\/media?parent=14137"}],"wp:term":[{"taxonomy":"product_cat","embeddable":true,"href":"https:\/\/enlineabarcelona.com\/ca\/wp-json\/wp\/v2\/product_cat?post=14137"},{"taxonomy":"product_tag","embeddable":true,"href":"https:\/\/enlineabarcelona.com\/ca\/wp-json\/wp\/v2\/product_tag?post=14137"},{"taxonomy":"disenadores","embeddable":true,"href":"https:\/\/enlineabarcelona.com\/ca\/wp-json\/wp\/v2\/disenadores?post=14137"},{"taxonomy":"marca","embeddable":true,"href":"https:\/\/enlineabarcelona.com\/ca\/wp-json\/wp\/v2\/marca?post=14137"}],"curies":[{"name":"wp","href":"https:\/\/api.w.org\/{rel}","templated":true}]}}