{"id":14138,"date":"2025-10-27T11:18:39","date_gmt":"2025-10-27T11:18:39","guid":{"rendered":"https:\/\/enlineabarcelona.com\/producto\/sofa-asolo\/"},"modified":"2026-02-23T12:46:24","modified_gmt":"2026-02-23T12:46:24","slug":"sofa-asolo","status":"publish","type":"product","link":"https:\/\/enlineabarcelona.com\/ca\/producto\/sofa-asolo\/","title":{"rendered":"Sof\u00e1 Asolo"},"content":{"rendered":"\n<p>El sof\u00e1 Asolo ha sido dise\u00f1ado para ofrecer una experiencia de gran confort. Sus proporciones generosas y a la vez equilibradas, la confecci\u00f3n artesanal de la tapicer\u00eda y la atenci\u00f3n a los detalles de construcci\u00f3n son caracter\u00edsticas t\u00edpicas del estilo Flexform por excelencia, caracterizado por una elegancia relajada.<\/p>\n\n\n\n<p>Presenta una agregaci\u00f3n de elementos suaves y sin aristas y cojines amplios y mullidos, cuyo relleno en fibra de poli\u00e9ster soplada y plum\u00f3n de ganso favorecen la relajaci\u00f3n absoluta.<\/p>\n\n\n\n<p>El reposabrazos disponible en dos anchos es un elemento distintivo del sof\u00e1 Asolo, que se caracteriza por un refinado dobladillo, una atenci\u00f3n est\u00e9tico-formal que revela la capacidad de confeccionar de forma impecable los detalles m\u00e1s complejos.<\/p>\n\n\n\n<p>El sof\u00e1 Asolo descansa sobre una esencial base met\u00e1lica pintada en gris plata.<\/p>\n\n\n\n<p>Acogedor, refinado e informal a la vez, Asolo es un sof\u00e1 vers\u00e1til que puede encajar con estilo y elegancia en cualquier entorno, cl\u00e1sico o contempor\u00e1neo, y que puede vestir con igual desenvoltura todas las telas y pieles de la amplia colecci\u00f3n Flexform.<\/p>\n","protected":false},"excerpt":{"rendered":"<p>El sof\u00e1 Asolo ha sido dise\u00f1ado para ofrecer una experiencia de gran confort. Sus proporciones generosas y a la vez equilibradas, la confecci\u00f3n artesanal de la tapicer\u00eda y la atenci\u00f3n a los detalles de construcci\u00f3n son caracter\u00edsticas t\u00edpicas del estilo Flexform por excelencia, caracterizado por una elegancia relajada. Presenta una agregaci\u00f3n de elementos suaves y &#8230; <a title=\"Sof\u00e1 Asolo\" class=\"read-more\" href=\"https:\/\/enlineabarcelona.com\/ca\/producto\/sofa-asolo\/\" aria-label=\"M\u00e9s informaci\u00f3 sobre Sof\u00e1 Asolo\">Llegiu m\u00e9s<\/a><\/p>\n","protected":false},"featured_media":10466,"comment_status":"closed","ping_status":"open","template":"","meta":{"_acf_changed":false},"product_cat":[1137,1201],"product_tag":[],"disenadores":[884],"marca":[],"class_list":{"0":"post-14138","1":"product","2":"type-product","3":"status-publish","4":"has-post-thumbnail","6":"product_cat-outletmobiliario","7":"product_cat-sofas","8":"disenadores-antonio-citterio","9":"sales-flash-overlay","10":"woocommerce-text-align-center","11":"woocommerce-image-align-center","12":"do-quantity-buttons","13":"wc-has-gallery","15":"first","16":"instock","17":"purchasable","18":"product-type-simple"},"acf":[],"_links":{"self":[{"href":"https:\/\/enlineabarcelona.com\/ca\/wp-json\/wp\/v2\/product\/14138","targetHints":{"allow":["GET"]}}],"collection":[{"href":"https:\/\/enlineabarcelona.com\/ca\/wp-json\/wp\/v2\/product"}],"about":[{"href":"https:\/\/enlineabarcelona.com\/ca\/wp-json\/wp\/v2\/types\/product"}],"replies":[{"embeddable":true,"href":"https:\/\/enlineabarcelona.com\/ca\/wp-json\/wp\/v2\/comments?post=14138"}],"wp:featuredmedia":[{"embeddable":true,"href":"https:\/\/enlineabarcelona.com\/ca\/wp-json\/wp\/v2\/media\/10466"}],"wp:attachment":[{"href":"https:\/\/enlineabarcelona.com\/ca\/wp-json\/wp\/v2\/media?parent=14138"}],"wp:term":[{"taxonomy":"product_cat","embeddable":true,"href":"https:\/\/enlineabarcelona.com\/ca\/wp-json\/wp\/v2\/product_cat?post=14138"},{"taxonomy":"product_tag","embeddable":true,"href":"https:\/\/enlineabarcelona.com\/ca\/wp-json\/wp\/v2\/product_tag?post=14138"},{"taxonomy":"disenadores","embeddable":true,"href":"https:\/\/enlineabarcelona.com\/ca\/wp-json\/wp\/v2\/disenadores?post=14138"},{"taxonomy":"marca","embeddable":true,"href":"https:\/\/enlineabarcelona.com\/ca\/wp-json\/wp\/v2\/marca?post=14138"}],"curies":[{"name":"wp","href":"https:\/\/api.w.org\/{rel}","templated":true}]}}