{"id":14139,"date":"2025-10-27T11:18:39","date_gmt":"2025-10-27T11:18:39","guid":{"rendered":"https:\/\/enlineabarcelona.com\/producto\/butaca-utrecht\/"},"modified":"2025-10-27T11:18:53","modified_gmt":"2025-10-27T11:18:53","slug":"butaca-utrecht","status":"publish","type":"product","link":"https:\/\/enlineabarcelona.com\/ca\/producto\/butaca-utrecht\/","title":{"rendered":"Butaca Utrecht"},"content":{"rendered":"\n<p>Combinando experimentaci\u00f3n y comodidad, Gerrit Thomas Rietveld firma este c\u00e9lebre sill\u00f3n de dise\u00f1o en 1935 para los grandes almacenes Metz &amp; Co de \u00c1msterdam.<\/p>\n\n\n\n<p>La yuxtaposici\u00f3n de \u00e1ngulos rectos -respaldo y asiento que se unen en el suelo y reposabrazos que se transforman en piezas de apoyo- son rasgos distintivos del sill\u00f3n Utrecht, que se convirti\u00f3 en un s\u00edmbolo del movimiento neopl\u00e1stico.<\/p>\n","protected":false},"excerpt":{"rendered":"<p>Combinando experimentaci\u00f3n y comodidad, Gerrit Thomas Rietveld firma este c\u00e9lebre sill\u00f3n de dise\u00f1o en 1935 para los grandes almacenes Metz &amp; Co de \u00c1msterdam. La yuxtaposici\u00f3n de \u00e1ngulos rectos -respaldo y asiento que se unen en el suelo y reposabrazos que se transforman en piezas de apoyo- son rasgos distintivos del sill\u00f3n Utrecht, que se &#8230; <a title=\"Butaca Utrecht\" class=\"read-more\" href=\"https:\/\/enlineabarcelona.com\/ca\/producto\/butaca-utrecht\/\" aria-label=\"M\u00e9s informaci\u00f3 sobre Butaca Utrecht\">Llegiu m\u00e9s<\/a><\/p>\n","protected":false},"featured_media":10479,"comment_status":"closed","ping_status":"open","template":"","meta":{"_acf_changed":false},"product_cat":[1137,1213],"product_tag":[],"disenadores":[879],"marca":[],"class_list":{"0":"post-14139","1":"product","2":"type-product","3":"status-publish","4":"has-post-thumbnail","6":"product_cat-outletmobiliario","7":"product_cat-taburetes","8":"disenadores-gerrit-thomas-rietveld","9":"sales-flash-overlay","10":"woocommerce-text-align-center","11":"woocommerce-image-align-center","12":"do-quantity-buttons","13":"wc-has-gallery","15":"first","16":"instock","17":"sale","18":"purchasable","19":"product-type-simple"},"acf":[],"_links":{"self":[{"href":"https:\/\/enlineabarcelona.com\/ca\/wp-json\/wp\/v2\/product\/14139","targetHints":{"allow":["GET"]}}],"collection":[{"href":"https:\/\/enlineabarcelona.com\/ca\/wp-json\/wp\/v2\/product"}],"about":[{"href":"https:\/\/enlineabarcelona.com\/ca\/wp-json\/wp\/v2\/types\/product"}],"replies":[{"embeddable":true,"href":"https:\/\/enlineabarcelona.com\/ca\/wp-json\/wp\/v2\/comments?post=14139"}],"wp:featuredmedia":[{"embeddable":true,"href":"https:\/\/enlineabarcelona.com\/ca\/wp-json\/wp\/v2\/media\/10479"}],"wp:attachment":[{"href":"https:\/\/enlineabarcelona.com\/ca\/wp-json\/wp\/v2\/media?parent=14139"}],"wp:term":[{"taxonomy":"product_cat","embeddable":true,"href":"https:\/\/enlineabarcelona.com\/ca\/wp-json\/wp\/v2\/product_cat?post=14139"},{"taxonomy":"product_tag","embeddable":true,"href":"https:\/\/enlineabarcelona.com\/ca\/wp-json\/wp\/v2\/product_tag?post=14139"},{"taxonomy":"disenadores","embeddable":true,"href":"https:\/\/enlineabarcelona.com\/ca\/wp-json\/wp\/v2\/disenadores?post=14139"},{"taxonomy":"marca","embeddable":true,"href":"https:\/\/enlineabarcelona.com\/ca\/wp-json\/wp\/v2\/marca?post=14139"}],"curies":[{"name":"wp","href":"https:\/\/api.w.org\/{rel}","templated":true}]}}