{"id":14141,"date":"2025-10-27T11:18:56","date_gmt":"2025-10-27T11:18:56","guid":{"rendered":"https:\/\/enlineabarcelona.com\/producto\/butaca-dcw\/"},"modified":"2025-10-27T11:18:57","modified_gmt":"2025-10-27T11:18:57","slug":"butaca-dcw","status":"publish","type":"product","link":"https:\/\/enlineabarcelona.com\/ca\/producto\/butaca-dcw\/","title":{"rendered":"Butaca DCW"},"content":{"rendered":"\n<p>La DCW (Dining Chair Wood) es una muestra m\u00e1s del \u00e9xito alcanzado por los experimentos iniciales de Charles y Ray Eames con contrachapado de madera moldeado en formas complejas. Realizada \u00edntegramente en madera, el aspecto de esta ic\u00f3nica silla sigue siendo tan contempor\u00e1neo ahora como cuando fue dise\u00f1ada.<\/p>\n\n\n\n<p><\/p>\n","protected":false},"excerpt":{"rendered":"<p>La DCW (Dining Chair Wood) es una muestra m\u00e1s del \u00e9xito alcanzado por los experimentos iniciales de Charles y Ray Eames con contrachapado de madera moldeado en formas complejas. Realizada \u00edntegramente en madera, el aspecto de esta ic\u00f3nica silla sigue siendo tan contempor\u00e1neo ahora como cuando fue dise\u00f1ada.<\/p>\n","protected":false},"featured_media":10517,"comment_status":"closed","ping_status":"open","template":"","meta":{"_acf_changed":false},"product_cat":[1195,298],"product_tag":[],"disenadores":[957],"marca":[26],"class_list":{"0":"post-14141","1":"product","2":"type-product","3":"status-publish","4":"has-post-thumbnail","6":"product_cat-butacasoutlet","7":"product_cat-mobiliario","8":"disenadores-charles-ray-eames","9":"marca-vitra","10":"sales-flash-overlay","11":"woocommerce-text-align-center","12":"woocommerce-image-align-center","13":"do-quantity-buttons","14":"wc-has-gallery","16":"first","17":"instock","18":"purchasable","19":"product-type-simple"},"acf":[],"_links":{"self":[{"href":"https:\/\/enlineabarcelona.com\/ca\/wp-json\/wp\/v2\/product\/14141","targetHints":{"allow":["GET"]}}],"collection":[{"href":"https:\/\/enlineabarcelona.com\/ca\/wp-json\/wp\/v2\/product"}],"about":[{"href":"https:\/\/enlineabarcelona.com\/ca\/wp-json\/wp\/v2\/types\/product"}],"replies":[{"embeddable":true,"href":"https:\/\/enlineabarcelona.com\/ca\/wp-json\/wp\/v2\/comments?post=14141"}],"wp:featuredmedia":[{"embeddable":true,"href":"https:\/\/enlineabarcelona.com\/ca\/wp-json\/wp\/v2\/media\/10517"}],"wp:attachment":[{"href":"https:\/\/enlineabarcelona.com\/ca\/wp-json\/wp\/v2\/media?parent=14141"}],"wp:term":[{"taxonomy":"product_cat","embeddable":true,"href":"https:\/\/enlineabarcelona.com\/ca\/wp-json\/wp\/v2\/product_cat?post=14141"},{"taxonomy":"product_tag","embeddable":true,"href":"https:\/\/enlineabarcelona.com\/ca\/wp-json\/wp\/v2\/product_tag?post=14141"},{"taxonomy":"disenadores","embeddable":true,"href":"https:\/\/enlineabarcelona.com\/ca\/wp-json\/wp\/v2\/disenadores?post=14141"},{"taxonomy":"marca","embeddable":true,"href":"https:\/\/enlineabarcelona.com\/ca\/wp-json\/wp\/v2\/marca?post=14141"}],"curies":[{"name":"wp","href":"https:\/\/api.w.org\/{rel}","templated":true}]}}