{"id":14142,"date":"2025-10-27T11:18:56","date_gmt":"2025-10-27T11:18:56","guid":{"rendered":"https:\/\/enlineabarcelona.com\/producto\/sillas-wire-chair-dkr\/"},"modified":"2025-10-27T11:18:57","modified_gmt":"2025-10-27T11:18:57","slug":"sillas-wire-chair-dkr","status":"publish","type":"product","link":"https:\/\/enlineabarcelona.com\/ca\/producto\/sillas-wire-chair-dkr\/","title":{"rendered":"Sillas Wire Chair DKR"},"content":{"rendered":"\n<p>Dise\u00f1ada por Charles y Ray Eames, la carcasa de asiento de la Wire Chair imita la forma de la Eames Plastic Side Chair. Montada sobre la legendaria base de \u00abtorre Eiffel\u00bb, la DKR combina transparencia y funcionalidad. La versi\u00f3n con acabado con revestimiento en polvo tambi\u00e9n es adecuada para su uso en jardines y terrazas. La silla DKR est\u00e1 disponible opcionalmente con un coj\u00edn de asiento o con un dos piezas de asiento y respaldo tapizados en tela o cuero.<\/p>\n\n\n\n<p><\/p>\n","protected":false},"excerpt":{"rendered":"<p>Dise\u00f1ada por Charles y Ray Eames, la carcasa de asiento de la Wire Chair imita la forma de la Eames Plastic Side Chair. Montada sobre la legendaria base de \u00abtorre Eiffel\u00bb, la DKR combina transparencia y funcionalidad. La versi\u00f3n con acabado con revestimiento en polvo tambi\u00e9n es adecuada para su uso en jardines y terrazas. &#8230; <a title=\"Sillas Wire Chair DKR\" class=\"read-more\" href=\"https:\/\/enlineabarcelona.com\/ca\/producto\/sillas-wire-chair-dkr\/\" aria-label=\"M\u00e9s informaci\u00f3 sobre Sillas Wire Chair DKR\">Llegiu m\u00e9s<\/a><\/p>\n","protected":false},"featured_media":10530,"comment_status":"closed","ping_status":"open","template":"","meta":{"_acf_changed":false},"product_cat":[1137,1215,1214],"product_tag":[],"disenadores":[957],"marca":[26],"class_list":{"0":"post-14142","1":"product","2":"type-product","3":"status-publish","4":"has-post-thumbnail","6":"product_cat-outletmobiliario","7":"product_cat-sillas","8":"product_cat-sillasexterior","9":"disenadores-charles-ray-eames","10":"marca-vitra","11":"sales-flash-overlay","12":"woocommerce-text-align-center","13":"woocommerce-image-align-center","14":"do-quantity-buttons","15":"wc-has-gallery","17":"first","18":"instock","19":"purchasable","20":"product-type-simple"},"acf":[],"_links":{"self":[{"href":"https:\/\/enlineabarcelona.com\/ca\/wp-json\/wp\/v2\/product\/14142","targetHints":{"allow":["GET"]}}],"collection":[{"href":"https:\/\/enlineabarcelona.com\/ca\/wp-json\/wp\/v2\/product"}],"about":[{"href":"https:\/\/enlineabarcelona.com\/ca\/wp-json\/wp\/v2\/types\/product"}],"replies":[{"embeddable":true,"href":"https:\/\/enlineabarcelona.com\/ca\/wp-json\/wp\/v2\/comments?post=14142"}],"wp:featuredmedia":[{"embeddable":true,"href":"https:\/\/enlineabarcelona.com\/ca\/wp-json\/wp\/v2\/media\/10530"}],"wp:attachment":[{"href":"https:\/\/enlineabarcelona.com\/ca\/wp-json\/wp\/v2\/media?parent=14142"}],"wp:term":[{"taxonomy":"product_cat","embeddable":true,"href":"https:\/\/enlineabarcelona.com\/ca\/wp-json\/wp\/v2\/product_cat?post=14142"},{"taxonomy":"product_tag","embeddable":true,"href":"https:\/\/enlineabarcelona.com\/ca\/wp-json\/wp\/v2\/product_tag?post=14142"},{"taxonomy":"disenadores","embeddable":true,"href":"https:\/\/enlineabarcelona.com\/ca\/wp-json\/wp\/v2\/disenadores?post=14142"},{"taxonomy":"marca","embeddable":true,"href":"https:\/\/enlineabarcelona.com\/ca\/wp-json\/wp\/v2\/marca?post=14142"}],"curies":[{"name":"wp","href":"https:\/\/api.w.org\/{rel}","templated":true}]}}