{"id":14143,"date":"2025-10-27T11:18:56","date_gmt":"2025-10-27T11:18:56","guid":{"rendered":"https:\/\/enlineabarcelona.com\/producto\/silla-dsw-tapizada\/"},"modified":"2025-10-27T11:18:58","modified_gmt":"2025-10-27T11:18:58","slug":"silla-dsw-tapizada","status":"publish","type":"product","link":"https:\/\/enlineabarcelona.com\/ca\/producto\/silla-dsw-tapizada\/","title":{"rendered":"Silla DSW Tapizada"},"content":{"rendered":"\n<p>Para la silla DSW (Dining Height Side Chair Wood Base), Charles y Ray Eames combinaron la carcasa de asiento de forma org\u00e1nica \u2013fabricada hoy por Vitra con pl\u00e1stico reciclado posconsumo\u2013 con una base de madera de cuatro patas. El contraste entre el pl\u00e1stico y la madera da a este dise\u00f1o cl\u00e1sico un atractivo c\u00e1lido y desenfadado. Las carcasas de asiento pueden completarse con cojines o con tapizado completo; la gran selecci\u00f3n de colores para la tela permite multitud de configuraciones individuales.<br><\/p>\n\n\n\n<p>La b\u00fasqueda de materiales alternativos llev\u00f3 a Charles y Ray Eames a la resina de poli\u00e9ster reforzada con fibra de vidrio, un material que hasta entonces pr\u00e1cticamente solo se utilizaba en aplicaciones militares, como los radomos o las cabinas de los aviones. Los Eames estudiaron y explotaron al m\u00e1ximo las ventajas de la fibra de vidrio: moldeabilidad, rigidez y buenas propiedades para la fabricaci\u00f3n industrial. Este material, antes desconocido en la industria del mueble, les permiti\u00f3 crear un asiento moldeado que pod\u00eda fabricarse en serie: hab\u00eda nacido la Fiberglass Chair. La fibra de vidrio ofrec\u00eda la ventaja de ser agradable al tacto y permitir una forma perfectamente moldeada para lograr un confort extraordinario. La comercializaci\u00f3n de las Fiberglass Chairs en 1950 supuso la introducci\u00f3n de una tipolog\u00eda de mobiliario que desde entonces se ha hecho omnipresente: la silla multifuncional cuya carcasa puede combinarse con diferentes bases en funci\u00f3n del uso. Como respuesta a la enorme popularidad de esta silla, pronto se ampliaron las opciones de bases y colores. Durante la d\u00e9cada siguiente, las Fiberglass Chairs se convirtieron en uno de los dise\u00f1os de muebles m\u00e1s conocidos del siglo XX.<\/p>\n","protected":false},"excerpt":{"rendered":"<p>Para la silla DSW (Dining Height Side Chair Wood Base), Charles y Ray Eames combinaron la carcasa de asiento de forma org\u00e1nica \u2013fabricada hoy por Vitra con pl\u00e1stico reciclado posconsumo\u2013 con una base de madera de cuatro patas. El contraste entre el pl\u00e1stico y la madera da a este dise\u00f1o cl\u00e1sico un atractivo c\u00e1lido y &#8230; <a title=\"Silla DSW Tapizada\" class=\"read-more\" href=\"https:\/\/enlineabarcelona.com\/ca\/producto\/silla-dsw-tapizada\/\" aria-label=\"M\u00e9s informaci\u00f3 sobre Silla DSW Tapizada\">Llegiu m\u00e9s<\/a><\/p>\n","protected":false},"featured_media":10549,"comment_status":"closed","ping_status":"open","template":"","meta":{"_acf_changed":false},"product_cat":[1137,1138],"product_tag":[],"disenadores":[957],"marca":[26],"class_list":{"0":"post-14143","1":"product","2":"type-product","3":"status-publish","4":"has-post-thumbnail","6":"product_cat-outletmobiliario","7":"product_cat-sillas","8":"disenadores-charles-ray-eames","9":"marca-vitra","10":"sales-flash-overlay","11":"woocommerce-text-align-center","12":"woocommerce-image-align-center","13":"do-quantity-buttons","14":"wc-has-gallery","16":"first","17":"instock","18":"purchasable","19":"product-type-simple"},"acf":[],"_links":{"self":[{"href":"https:\/\/enlineabarcelona.com\/ca\/wp-json\/wp\/v2\/product\/14143","targetHints":{"allow":["GET"]}}],"collection":[{"href":"https:\/\/enlineabarcelona.com\/ca\/wp-json\/wp\/v2\/product"}],"about":[{"href":"https:\/\/enlineabarcelona.com\/ca\/wp-json\/wp\/v2\/types\/product"}],"replies":[{"embeddable":true,"href":"https:\/\/enlineabarcelona.com\/ca\/wp-json\/wp\/v2\/comments?post=14143"}],"wp:featuredmedia":[{"embeddable":true,"href":"https:\/\/enlineabarcelona.com\/ca\/wp-json\/wp\/v2\/media\/10549"}],"wp:attachment":[{"href":"https:\/\/enlineabarcelona.com\/ca\/wp-json\/wp\/v2\/media?parent=14143"}],"wp:term":[{"taxonomy":"product_cat","embeddable":true,"href":"https:\/\/enlineabarcelona.com\/ca\/wp-json\/wp\/v2\/product_cat?post=14143"},{"taxonomy":"product_tag","embeddable":true,"href":"https:\/\/enlineabarcelona.com\/ca\/wp-json\/wp\/v2\/product_tag?post=14143"},{"taxonomy":"disenadores","embeddable":true,"href":"https:\/\/enlineabarcelona.com\/ca\/wp-json\/wp\/v2\/disenadores?post=14143"},{"taxonomy":"marca","embeddable":true,"href":"https:\/\/enlineabarcelona.com\/ca\/wp-json\/wp\/v2\/marca?post=14143"}],"curies":[{"name":"wp","href":"https:\/\/api.w.org\/{rel}","templated":true}]}}