{"id":14146,"date":"2025-10-27T11:18:56","date_gmt":"2025-10-27T11:18:56","guid":{"rendered":"https:\/\/enlineabarcelona.com\/producto\/butaca-achille\/"},"modified":"2025-10-27T11:19:00","modified_gmt":"2025-10-27T11:19:00","slug":"butaca-achille","status":"publish","type":"product","link":"https:\/\/enlineabarcelona.com\/ca\/producto\/butaca-achille\/","title":{"rendered":"Butaca Achille"},"content":{"rendered":"\n<p>Una silla de dise\u00f1o cuyo indiscutible impacto est\u00e9tico va de la mano de una considerable funcionalidad, lo que la hace apta para muchos entornos: desde residencias privadas a oficinas, desde salas de reuniones a espacios comunitarios. Apilable y pr\u00e1ctica, ofrece muchas opciones de personalizaci\u00f3n: de hecho, hay diferentes revestimientos disponibles, todos ellos totalmente desenfundables. Achille Chair tambi\u00e9n destaca por la b\u00fasqueda estil\u00edstica de Jean Marie Massaud, basada en la esencialidad y la ligereza, capaz de garantizar un confort envolvente.<\/p>\n\n\n\n<p><\/p>\n","protected":false},"excerpt":{"rendered":"<p>Una silla de dise\u00f1o cuyo indiscutible impacto est\u00e9tico va de la mano de una considerable funcionalidad, lo que la hace apta para muchos entornos: desde residencias privadas a oficinas, desde salas de reuniones a espacios comunitarios. Apilable y pr\u00e1ctica, ofrece muchas opciones de personalizaci\u00f3n: de hecho, hay diferentes revestimientos disponibles, todos ellos totalmente desenfundables. Achille &#8230; <a title=\"Butaca Achille\" class=\"read-more\" href=\"https:\/\/enlineabarcelona.com\/ca\/producto\/butaca-achille\/\" aria-label=\"M\u00e9s informaci\u00f3 sobre Butaca Achille\">Llegiu m\u00e9s<\/a><\/p>\n","protected":false},"featured_media":10585,"comment_status":"closed","ping_status":"open","template":"","meta":{"_acf_changed":false},"product_cat":[1195,298],"product_tag":[],"disenadores":[1217],"marca":[32],"class_list":{"0":"post-14146","1":"product","2":"type-product","3":"status-publish","4":"has-post-thumbnail","6":"product_cat-butacasoutlet","7":"product_cat-mobiliario","8":"disenadores-jean-marie-massaud","9":"marca-mdf-italia","10":"sales-flash-overlay","11":"woocommerce-text-align-center","12":"woocommerce-image-align-center","13":"do-quantity-buttons","14":"wc-has-gallery","16":"first","17":"instock","18":"purchasable","19":"product-type-simple"},"acf":[],"_links":{"self":[{"href":"https:\/\/enlineabarcelona.com\/ca\/wp-json\/wp\/v2\/product\/14146","targetHints":{"allow":["GET"]}}],"collection":[{"href":"https:\/\/enlineabarcelona.com\/ca\/wp-json\/wp\/v2\/product"}],"about":[{"href":"https:\/\/enlineabarcelona.com\/ca\/wp-json\/wp\/v2\/types\/product"}],"replies":[{"embeddable":true,"href":"https:\/\/enlineabarcelona.com\/ca\/wp-json\/wp\/v2\/comments?post=14146"}],"wp:featuredmedia":[{"embeddable":true,"href":"https:\/\/enlineabarcelona.com\/ca\/wp-json\/wp\/v2\/media\/10585"}],"wp:attachment":[{"href":"https:\/\/enlineabarcelona.com\/ca\/wp-json\/wp\/v2\/media?parent=14146"}],"wp:term":[{"taxonomy":"product_cat","embeddable":true,"href":"https:\/\/enlineabarcelona.com\/ca\/wp-json\/wp\/v2\/product_cat?post=14146"},{"taxonomy":"product_tag","embeddable":true,"href":"https:\/\/enlineabarcelona.com\/ca\/wp-json\/wp\/v2\/product_tag?post=14146"},{"taxonomy":"disenadores","embeddable":true,"href":"https:\/\/enlineabarcelona.com\/ca\/wp-json\/wp\/v2\/disenadores?post=14146"},{"taxonomy":"marca","embeddable":true,"href":"https:\/\/enlineabarcelona.com\/ca\/wp-json\/wp\/v2\/marca?post=14146"}],"curies":[{"name":"wp","href":"https:\/\/api.w.org\/{rel}","templated":true}]}}