{"id":14148,"date":"2025-10-27T11:18:56","date_gmt":"2025-10-27T11:18:56","guid":{"rendered":"https:\/\/enlineabarcelona.com\/producto\/silla-lavenham-executive-patas-madera\/"},"modified":"2025-10-27T11:19:01","modified_gmt":"2025-10-27T11:19:01","slug":"silla-lavenham-executive-patas-madera","status":"publish","type":"product","link":"https:\/\/enlineabarcelona.com\/ca\/producto\/silla-lavenham-executive-patas-madera\/","title":{"rendered":"Silla Lavenham Executive &#8211; Patas Madera"},"content":{"rendered":"\n<p>La silueta de la silla Lavenham Executive muestra el elegante dise\u00f1o de Patricia Urquiola. Vers\u00e1til y adaptable, es perfecta para despachos y comedores. De hecho, tambi\u00e9n combina muy bien con los escritorios dom\u00e9sticos. Existe una versi\u00f3n giratoria con base de aluminio pulido o pintada en blanco o negro, as\u00ed como una versi\u00f3n est\u00e1tica con patas de madera de nogal negro o fresno te\u00f1ido de roble. El respaldo rezuma car\u00e1cter; su estructura se caracteriza por un motivo acolchado tonal.<br><\/p>\n\n\n\n<p><\/p>\n","protected":false},"excerpt":{"rendered":"<p>La silueta de la silla Lavenham Executive muestra el elegante dise\u00f1o de Patricia Urquiola. Vers\u00e1til y adaptable, es perfecta para despachos y comedores. De hecho, tambi\u00e9n combina muy bien con los escritorios dom\u00e9sticos. Existe una versi\u00f3n giratoria con base de aluminio pulido o pintada en blanco o negro, as\u00ed como una versi\u00f3n est\u00e1tica con patas &#8230; <a title=\"Silla Lavenham Executive &#8211; Patas Madera\" class=\"read-more\" href=\"https:\/\/enlineabarcelona.com\/ca\/producto\/silla-lavenham-executive-patas-madera\/\" aria-label=\"M\u00e9s informaci\u00f3 sobre Silla Lavenham Executive &#8211; Patas Madera\">Llegiu m\u00e9s<\/a><\/p>\n","protected":false},"featured_media":10620,"comment_status":"closed","ping_status":"open","template":"","meta":{"_acf_changed":false},"product_cat":[298,1139],"product_tag":[],"disenadores":[935],"marca":[51],"class_list":{"0":"post-14148","1":"product","2":"type-product","3":"status-publish","4":"has-post-thumbnail","6":"product_cat-mobiliario","7":"product_cat-sillas","8":"disenadores-patricia-urquiola-ca","9":"marca-de-padova","10":"sales-flash-overlay","11":"woocommerce-text-align-center","12":"woocommerce-image-align-center","13":"do-quantity-buttons","14":"wc-has-gallery","16":"first","17":"instock","18":"purchasable","19":"product-type-simple"},"acf":[],"_links":{"self":[{"href":"https:\/\/enlineabarcelona.com\/ca\/wp-json\/wp\/v2\/product\/14148","targetHints":{"allow":["GET"]}}],"collection":[{"href":"https:\/\/enlineabarcelona.com\/ca\/wp-json\/wp\/v2\/product"}],"about":[{"href":"https:\/\/enlineabarcelona.com\/ca\/wp-json\/wp\/v2\/types\/product"}],"replies":[{"embeddable":true,"href":"https:\/\/enlineabarcelona.com\/ca\/wp-json\/wp\/v2\/comments?post=14148"}],"wp:featuredmedia":[{"embeddable":true,"href":"https:\/\/enlineabarcelona.com\/ca\/wp-json\/wp\/v2\/media\/10620"}],"wp:attachment":[{"href":"https:\/\/enlineabarcelona.com\/ca\/wp-json\/wp\/v2\/media?parent=14148"}],"wp:term":[{"taxonomy":"product_cat","embeddable":true,"href":"https:\/\/enlineabarcelona.com\/ca\/wp-json\/wp\/v2\/product_cat?post=14148"},{"taxonomy":"product_tag","embeddable":true,"href":"https:\/\/enlineabarcelona.com\/ca\/wp-json\/wp\/v2\/product_tag?post=14148"},{"taxonomy":"disenadores","embeddable":true,"href":"https:\/\/enlineabarcelona.com\/ca\/wp-json\/wp\/v2\/disenadores?post=14148"},{"taxonomy":"marca","embeddable":true,"href":"https:\/\/enlineabarcelona.com\/ca\/wp-json\/wp\/v2\/marca?post=14148"}],"curies":[{"name":"wp","href":"https:\/\/api.w.org\/{rel}","templated":true}]}}