{"id":14152,"date":"2025-10-27T11:18:56","date_gmt":"2025-10-27T11:18:56","guid":{"rendered":"https:\/\/enlineabarcelona.com\/producto\/mesa-ishi-stone\/"},"modified":"2025-10-27T11:19:04","modified_gmt":"2025-10-27T11:19:04","slug":"mesa-ishi-stone","status":"publish","type":"product","link":"https:\/\/enlineabarcelona.com\/ca\/producto\/mesa-ishi-stone\/","title":{"rendered":"Mesa Ishi Stone"},"content":{"rendered":"\n<h3 class=\"wp-block-heading\"><\/h3>\n\n\n\n<p>Ishi, piedra. La solidez del m\u00e1rmol se combina con la transparencia, convirti\u00e9ndose en la expresi\u00f3n suave y concreta de los equilibrios estil\u00edsticos del dise\u00f1ador Nendo. Vac\u00edos y s\u00f3lidos, diferentes en disposiciones, tama\u00f1os y variaciones de material, celebran 20 a\u00f1os de colaboraci\u00f3n a trav\u00e9s de un objeto que combina est\u00e9tica y funci\u00f3n, forjado en vidrio Ultralight y apoyado en la fuerza de la piedra en las variantes Carrara, Calacatta Oro, Valentine Grey, Grey Stone, Emperador Dark, Grigio Carnico, adem\u00e1s de las nuevas introducciones de Travertino Romano, Verde Alpi y Rosso Lepanto.<\/p>\n","protected":false},"excerpt":{"rendered":"<p>Ishi, piedra. La solidez del m\u00e1rmol se combina con la transparencia, convirti\u00e9ndose en la expresi\u00f3n suave y concreta de los equilibrios estil\u00edsticos del dise\u00f1ador Nendo. Vac\u00edos y s\u00f3lidos, diferentes en disposiciones, tama\u00f1os y variaciones de material, celebran 20 a\u00f1os de colaboraci\u00f3n a trav\u00e9s de un objeto que combina est\u00e9tica y funci\u00f3n, forjado en vidrio Ultralight &#8230; <a title=\"Mesa Ishi Stone\" class=\"read-more\" href=\"https:\/\/enlineabarcelona.com\/ca\/producto\/mesa-ishi-stone\/\" aria-label=\"M\u00e9s informaci\u00f3 sobre Mesa Ishi Stone\">Llegiu m\u00e9s<\/a><\/p>\n","protected":false},"featured_media":10670,"comment_status":"closed","ping_status":"open","template":"","meta":{"_acf_changed":false},"product_cat":[289,298],"product_tag":[],"disenadores":[770],"marca":[51],"class_list":{"0":"post-14152","1":"product","2":"type-product","3":"status-publish","4":"has-post-thumbnail","6":"product_cat-mesas","7":"product_cat-mobiliario","8":"disenadores-nendo","9":"marca-de-padova","10":"sales-flash-overlay","11":"woocommerce-text-align-center","12":"woocommerce-image-align-center","13":"do-quantity-buttons","14":"wc-has-gallery","16":"first","17":"instock","18":"purchasable","19":"product-type-simple"},"acf":[],"_links":{"self":[{"href":"https:\/\/enlineabarcelona.com\/ca\/wp-json\/wp\/v2\/product\/14152","targetHints":{"allow":["GET"]}}],"collection":[{"href":"https:\/\/enlineabarcelona.com\/ca\/wp-json\/wp\/v2\/product"}],"about":[{"href":"https:\/\/enlineabarcelona.com\/ca\/wp-json\/wp\/v2\/types\/product"}],"replies":[{"embeddable":true,"href":"https:\/\/enlineabarcelona.com\/ca\/wp-json\/wp\/v2\/comments?post=14152"}],"wp:featuredmedia":[{"embeddable":true,"href":"https:\/\/enlineabarcelona.com\/ca\/wp-json\/wp\/v2\/media\/10670"}],"wp:attachment":[{"href":"https:\/\/enlineabarcelona.com\/ca\/wp-json\/wp\/v2\/media?parent=14152"}],"wp:term":[{"taxonomy":"product_cat","embeddable":true,"href":"https:\/\/enlineabarcelona.com\/ca\/wp-json\/wp\/v2\/product_cat?post=14152"},{"taxonomy":"product_tag","embeddable":true,"href":"https:\/\/enlineabarcelona.com\/ca\/wp-json\/wp\/v2\/product_tag?post=14152"},{"taxonomy":"disenadores","embeddable":true,"href":"https:\/\/enlineabarcelona.com\/ca\/wp-json\/wp\/v2\/disenadores?post=14152"},{"taxonomy":"marca","embeddable":true,"href":"https:\/\/enlineabarcelona.com\/ca\/wp-json\/wp\/v2\/marca?post=14152"}],"curies":[{"name":"wp","href":"https:\/\/api.w.org\/{rel}","templated":true}]}}