{"id":14153,"date":"2025-10-27T11:18:56","date_gmt":"2025-10-27T11:18:56","guid":{"rendered":"https:\/\/enlineabarcelona.com\/producto\/saintpaul-sistema-de-estantes\/"},"modified":"2025-10-27T11:19:04","modified_gmt":"2025-10-27T11:19:04","slug":"saintpaul-sistema-de-estantes","status":"publish","type":"product","link":"https:\/\/enlineabarcelona.com\/ca\/producto\/saintpaul-sistema-de-estantes\/","title":{"rendered":"Sistema de Estantes SaintPaul"},"content":{"rendered":"\n<p>La evoluci\u00f3n de la funcionalidad. SaintPaul traza los contornos del sistema de estanter\u00edas Wigmore, enriqueci\u00e9ndolo con nuevas caracter\u00edsticas y acabados. Tres tama\u00f1os diferentes para las encimeras de aluminio extruido anodizado y la posibilidad de combinarlas con cristal transparente, Gris Oscuro, Metropolitan, Garage, Rovere Affumicato. Los m\u00f3dulos armario est\u00e1n disponibles en la versi\u00f3n extra\u00edble de dos cajones o con puerta batiente en los acabados Laccato Lucido, Rovere Affumicato, Vetro Nero, Rosso Petra.<\/p>\n\n\n\n<p><\/p>\n","protected":false},"excerpt":{"rendered":"<p>La evoluci\u00f3n de la funcionalidad. SaintPaul traza los contornos del sistema de estanter\u00edas Wigmore, enriqueci\u00e9ndolo con nuevas caracter\u00edsticas y acabados. Tres tama\u00f1os diferentes para las encimeras de aluminio extruido anodizado y la posibilidad de combinarlas con cristal transparente, Gris Oscuro, Metropolitan, Garage, Rovere Affumicato. Los m\u00f3dulos armario est\u00e1n disponibles en la versi\u00f3n extra\u00edble de dos &#8230; <a title=\"Sistema de Estantes SaintPaul\" class=\"read-more\" href=\"https:\/\/enlineabarcelona.com\/ca\/producto\/saintpaul-sistema-de-estantes\/\" aria-label=\"M\u00e9s informaci\u00f3 sobre Sistema de Estantes SaintPaul\">Llegiu m\u00e9s<\/a><\/p>\n","protected":false},"featured_media":10689,"comment_status":"closed","ping_status":"open","template":"","meta":{"_acf_changed":false},"product_cat":[291,298],"product_tag":[],"disenadores":[1221],"marca":[51],"class_list":{"0":"post-14153","1":"product","2":"type-product","3":"status-publish","4":"has-post-thumbnail","6":"product_cat-estanterias","7":"product_cat-mobiliario","8":"disenadores-de-padovac-r-s-de-padova","9":"marca-de-padova","10":"sales-flash-overlay","11":"woocommerce-text-align-center","12":"woocommerce-image-align-center","13":"do-quantity-buttons","14":"wc-has-gallery","16":"first","17":"instock","18":"purchasable","19":"product-type-simple"},"acf":[],"_links":{"self":[{"href":"https:\/\/enlineabarcelona.com\/ca\/wp-json\/wp\/v2\/product\/14153","targetHints":{"allow":["GET"]}}],"collection":[{"href":"https:\/\/enlineabarcelona.com\/ca\/wp-json\/wp\/v2\/product"}],"about":[{"href":"https:\/\/enlineabarcelona.com\/ca\/wp-json\/wp\/v2\/types\/product"}],"replies":[{"embeddable":true,"href":"https:\/\/enlineabarcelona.com\/ca\/wp-json\/wp\/v2\/comments?post=14153"}],"wp:featuredmedia":[{"embeddable":true,"href":"https:\/\/enlineabarcelona.com\/ca\/wp-json\/wp\/v2\/media\/10689"}],"wp:attachment":[{"href":"https:\/\/enlineabarcelona.com\/ca\/wp-json\/wp\/v2\/media?parent=14153"}],"wp:term":[{"taxonomy":"product_cat","embeddable":true,"href":"https:\/\/enlineabarcelona.com\/ca\/wp-json\/wp\/v2\/product_cat?post=14153"},{"taxonomy":"product_tag","embeddable":true,"href":"https:\/\/enlineabarcelona.com\/ca\/wp-json\/wp\/v2\/product_tag?post=14153"},{"taxonomy":"disenadores","embeddable":true,"href":"https:\/\/enlineabarcelona.com\/ca\/wp-json\/wp\/v2\/disenadores?post=14153"},{"taxonomy":"marca","embeddable":true,"href":"https:\/\/enlineabarcelona.com\/ca\/wp-json\/wp\/v2\/marca?post=14153"}],"curies":[{"name":"wp","href":"https:\/\/api.w.org\/{rel}","templated":true}]}}