{"id":14154,"date":"2025-10-27T11:18:56","date_gmt":"2025-10-27T11:18:56","guid":{"rendered":"https:\/\/enlineabarcelona.com\/producto\/mesa-chab-table\/"},"modified":"2025-10-27T11:19:05","modified_gmt":"2025-10-27T11:19:05","slug":"mesa-chab-table","status":"publish","type":"product","link":"https:\/\/enlineabarcelona.com\/ca\/producto\/mesa-chab-table\/","title":{"rendered":"Mesa Chab-Table"},"content":{"rendered":"\n<h3 class=\"wp-block-heading\"><\/h3>\n\n\n\n<p>Delicada en sus equilibrios, Chab-Table Leather est\u00e1 cosida sobre el material. Sostenida por una estructura m\u00ednima de acero pintado de negro, su parte superior circular es una bandeja recubierta de cuero pigmentado con costuras visibles. Homenaje a los 20 a\u00f1os de colaboraci\u00f3n con Nendo, encarna todas las formas esenciales y se mueve en la combinaci\u00f3n del negro -para la parte superior o el borde- con el topo, el cuero natural o el marr\u00f3n.<\/p>\n\n\n\n<p><\/p>\n","protected":false},"excerpt":{"rendered":"<p>Delicada en sus equilibrios, Chab-Table Leather est\u00e1 cosida sobre el material. Sostenida por una estructura m\u00ednima de acero pintado de negro, su parte superior circular es una bandeja recubierta de cuero pigmentado con costuras visibles. Homenaje a los 20 a\u00f1os de colaboraci\u00f3n con Nendo, encarna todas las formas esenciales y se mueve en la combinaci\u00f3n &#8230; <a title=\"Mesa Chab-Table\" class=\"read-more\" href=\"https:\/\/enlineabarcelona.com\/ca\/producto\/mesa-chab-table\/\" aria-label=\"M\u00e9s informaci\u00f3 sobre Mesa Chab-Table\">Llegiu m\u00e9s<\/a><\/p>\n","protected":false},"featured_media":10708,"comment_status":"closed","ping_status":"open","template":"","meta":{"_acf_changed":false},"product_cat":[289,298],"product_tag":[],"disenadores":[770],"marca":[51],"class_list":{"0":"post-14154","1":"product","2":"type-product","3":"status-publish","4":"has-post-thumbnail","6":"product_cat-mesas","7":"product_cat-mobiliario","8":"disenadores-nendo","9":"marca-de-padova","10":"sales-flash-overlay","11":"woocommerce-text-align-center","12":"woocommerce-image-align-center","13":"do-quantity-buttons","14":"wc-has-gallery","16":"first","17":"instock","18":"purchasable","19":"product-type-simple"},"acf":[],"_links":{"self":[{"href":"https:\/\/enlineabarcelona.com\/ca\/wp-json\/wp\/v2\/product\/14154","targetHints":{"allow":["GET"]}}],"collection":[{"href":"https:\/\/enlineabarcelona.com\/ca\/wp-json\/wp\/v2\/product"}],"about":[{"href":"https:\/\/enlineabarcelona.com\/ca\/wp-json\/wp\/v2\/types\/product"}],"replies":[{"embeddable":true,"href":"https:\/\/enlineabarcelona.com\/ca\/wp-json\/wp\/v2\/comments?post=14154"}],"wp:featuredmedia":[{"embeddable":true,"href":"https:\/\/enlineabarcelona.com\/ca\/wp-json\/wp\/v2\/media\/10708"}],"wp:attachment":[{"href":"https:\/\/enlineabarcelona.com\/ca\/wp-json\/wp\/v2\/media?parent=14154"}],"wp:term":[{"taxonomy":"product_cat","embeddable":true,"href":"https:\/\/enlineabarcelona.com\/ca\/wp-json\/wp\/v2\/product_cat?post=14154"},{"taxonomy":"product_tag","embeddable":true,"href":"https:\/\/enlineabarcelona.com\/ca\/wp-json\/wp\/v2\/product_tag?post=14154"},{"taxonomy":"disenadores","embeddable":true,"href":"https:\/\/enlineabarcelona.com\/ca\/wp-json\/wp\/v2\/disenadores?post=14154"},{"taxonomy":"marca","embeddable":true,"href":"https:\/\/enlineabarcelona.com\/ca\/wp-json\/wp\/v2\/marca?post=14154"}],"curies":[{"name":"wp","href":"https:\/\/api.w.org\/{rel}","templated":true}]}}