{"id":14155,"date":"2025-10-27T11:18:56","date_gmt":"2025-10-27T11:18:56","guid":{"rendered":"https:\/\/enlineabarcelona.com\/producto\/daybed-erei\/"},"modified":"2025-10-27T11:19:06","modified_gmt":"2025-10-27T11:19:06","slug":"daybed-erei","status":"publish","type":"product","link":"https:\/\/enlineabarcelona.com\/ca\/producto\/daybed-erei\/","title":{"rendered":"Div\u00e1n Erei"},"content":{"rendered":"\n<p>Los paisajes dom\u00e9sticos de Erei est\u00e1n formados por l\u00edneas rectas y diferentes alturas que interact\u00faan entre s\u00ed. El proyecto de Elisa Ossino deb\u00eda incluir un fut\u00f3n con costuras que crean un original motivo de capiton\u00e9. Un cilindro de cuero que queda anclado por un cintur\u00f3n integrado sirve de reposacabezas. Un gran bolsillo de cuero y dos cojines \u2014cuadrados o rectangulares\u2014 completan la colecci\u00f3n.<br><\/p>\n\n\n\n<p><\/p>\n","protected":false},"excerpt":{"rendered":"<p>Los paisajes dom\u00e9sticos de Erei est\u00e1n formados por l\u00edneas rectas y diferentes alturas que interact\u00faan entre s\u00ed. El proyecto de Elisa Ossino deb\u00eda incluir un fut\u00f3n con costuras que crean un original motivo de capiton\u00e9. Un cilindro de cuero que queda anclado por un cintur\u00f3n integrado sirve de reposacabezas. Un gran bolsillo de cuero y &#8230; <a title=\"Div\u00e1n Erei\" class=\"read-more\" href=\"https:\/\/enlineabarcelona.com\/ca\/producto\/daybed-erei\/\" aria-label=\"M\u00e9s informaci\u00f3 sobre Div\u00e1n Erei\">Llegiu m\u00e9s<\/a><\/p>\n","protected":false},"featured_media":10721,"comment_status":"closed","ping_status":"open","template":"","meta":{"_acf_changed":false},"product_cat":[298],"product_tag":[],"disenadores":[748],"marca":[51],"class_list":{"0":"post-14155","1":"product","2":"type-product","3":"status-publish","4":"has-post-thumbnail","6":"product_cat-mobiliario","7":"disenadores-elisa-ossino","8":"marca-de-padova","9":"sales-flash-overlay","10":"woocommerce-text-align-center","11":"woocommerce-image-align-center","12":"do-quantity-buttons","13":"wc-has-gallery","15":"first","16":"instock","17":"purchasable","18":"product-type-simple"},"acf":[],"_links":{"self":[{"href":"https:\/\/enlineabarcelona.com\/ca\/wp-json\/wp\/v2\/product\/14155","targetHints":{"allow":["GET"]}}],"collection":[{"href":"https:\/\/enlineabarcelona.com\/ca\/wp-json\/wp\/v2\/product"}],"about":[{"href":"https:\/\/enlineabarcelona.com\/ca\/wp-json\/wp\/v2\/types\/product"}],"replies":[{"embeddable":true,"href":"https:\/\/enlineabarcelona.com\/ca\/wp-json\/wp\/v2\/comments?post=14155"}],"wp:featuredmedia":[{"embeddable":true,"href":"https:\/\/enlineabarcelona.com\/ca\/wp-json\/wp\/v2\/media\/10721"}],"wp:attachment":[{"href":"https:\/\/enlineabarcelona.com\/ca\/wp-json\/wp\/v2\/media?parent=14155"}],"wp:term":[{"taxonomy":"product_cat","embeddable":true,"href":"https:\/\/enlineabarcelona.com\/ca\/wp-json\/wp\/v2\/product_cat?post=14155"},{"taxonomy":"product_tag","embeddable":true,"href":"https:\/\/enlineabarcelona.com\/ca\/wp-json\/wp\/v2\/product_tag?post=14155"},{"taxonomy":"disenadores","embeddable":true,"href":"https:\/\/enlineabarcelona.com\/ca\/wp-json\/wp\/v2\/disenadores?post=14155"},{"taxonomy":"marca","embeddable":true,"href":"https:\/\/enlineabarcelona.com\/ca\/wp-json\/wp\/v2\/marca?post=14155"}],"curies":[{"name":"wp","href":"https:\/\/api.w.org\/{rel}","templated":true}]}}