{"id":14160,"date":"2025-10-27T11:19:12","date_gmt":"2025-10-27T11:19:12","guid":{"rendered":"https:\/\/enlineabarcelona.com\/producto\/mayday-negra\/"},"modified":"2025-10-27T11:19:12","modified_gmt":"2025-10-27T11:19:12","slug":"mayday-negra","status":"publish","type":"product","link":"https:\/\/enlineabarcelona.com\/ca\/producto\/mayday-negra\/","title":{"rendered":"L\u00e1mpara Mayday"},"content":{"rendered":"<p>Dispositivo de iluminaci\u00f3n multiusos para instalar en exteriores. Gancho\/asa con funci\u00f3n de enrollador de cable y difusor c\u00f3nico opalino&nbsp;sostenible, hehco de residuos industriales. Interruptor de bot\u00f3n colocado en el asa.<\/p>\n\n\n<p><\/p>\n","protected":false},"excerpt":{"rendered":"<p>Dispositivo de iluminaci\u00f3n multiusos para instalar en exteriores. Gancho\/asa con funci\u00f3n de enrollador de cable y difusor c\u00f3nico opalino&nbsp;sostenible, hehco de residuos industriales. Interruptor de bot\u00f3n colocado en el asa.<\/p>\n","protected":false},"featured_media":7510,"comment_status":"closed","ping_status":"open","template":"","meta":{"_acf_changed":false},"product_cat":[251,296],"product_tag":[],"disenadores":[849],"marca":[],"class_list":{"0":"post-14160","1":"product","2":"type-product","3":"status-publish","4":"has-post-thumbnail","6":"product_cat-exterior","7":"product_cat-iluminacion-exterior","8":"disenadores-konstantin-grcic","9":"sales-flash-overlay","10":"woocommerce-text-align-center","11":"woocommerce-image-align-center","12":"do-quantity-buttons","13":"wc-has-gallery","15":"first","16":"instock","17":"purchasable","18":"product-type-simple"},"acf":[],"_links":{"self":[{"href":"https:\/\/enlineabarcelona.com\/ca\/wp-json\/wp\/v2\/product\/14160","targetHints":{"allow":["GET"]}}],"collection":[{"href":"https:\/\/enlineabarcelona.com\/ca\/wp-json\/wp\/v2\/product"}],"about":[{"href":"https:\/\/enlineabarcelona.com\/ca\/wp-json\/wp\/v2\/types\/product"}],"replies":[{"embeddable":true,"href":"https:\/\/enlineabarcelona.com\/ca\/wp-json\/wp\/v2\/comments?post=14160"}],"wp:featuredmedia":[{"embeddable":true,"href":"https:\/\/enlineabarcelona.com\/ca\/wp-json\/wp\/v2\/media\/7510"}],"wp:attachment":[{"href":"https:\/\/enlineabarcelona.com\/ca\/wp-json\/wp\/v2\/media?parent=14160"}],"wp:term":[{"taxonomy":"product_cat","embeddable":true,"href":"https:\/\/enlineabarcelona.com\/ca\/wp-json\/wp\/v2\/product_cat?post=14160"},{"taxonomy":"product_tag","embeddable":true,"href":"https:\/\/enlineabarcelona.com\/ca\/wp-json\/wp\/v2\/product_tag?post=14160"},{"taxonomy":"disenadores","embeddable":true,"href":"https:\/\/enlineabarcelona.com\/ca\/wp-json\/wp\/v2\/disenadores?post=14160"},{"taxonomy":"marca","embeddable":true,"href":"https:\/\/enlineabarcelona.com\/ca\/wp-json\/wp\/v2\/marca?post=14160"}],"curies":[{"name":"wp","href":"https:\/\/api.w.org\/{rel}","templated":true}]}}