{"id":14161,"date":"2025-10-27T11:19:12","date_gmt":"2025-10-27T11:19:12","guid":{"rendered":"https:\/\/enlineabarcelona.com\/producto\/botella-sowden-0-50-l\/"},"modified":"2025-10-27T11:19:13","modified_gmt":"2025-10-27T11:19:13","slug":"botella-sowden-0-50-l","status":"publish","type":"product","link":"https:\/\/enlineabarcelona.com\/ca\/producto\/botella-sowden-0-50-l\/","title":{"rendered":"Botella Sowden 0.50 L"},"content":{"rendered":"\n<p>El contraste de colores da un toque l\u00fadico a la serie de botellas de George Sowden. <\/p>\n\n\n\n<p>L\u00edneas suaves y redondeadas para esta maravillosa botella isot\u00e9rmica creada por el famoso dise\u00f1ador George Sowden, uno de los miembros fundadores del legendario grupo Memphis creado en Italia en los a\u00f1os 80.Soluci\u00f3n eficaz para mantener sus bebidas calientes o fr\u00edas, la Sowden est\u00e1 fabricada en acero inoxidable para conservar su bebida a la temperatura ideal. Muy pr\u00e1ctica, esta botella es herm\u00e9tica gracias a su tap\u00f3n de rosca y, gracias a su tama\u00f1o compacto, es f\u00e1cil de llevar a todas partes. Con sus bonitos colores y su elegante dise\u00f1o, la Sowden ser\u00e1 tu compa\u00f1era inseparable.<\/p>\n","protected":false},"excerpt":{"rendered":"<p>El contraste de colores da un toque l\u00fadico a la serie de botellas de George Sowden. L\u00edneas suaves y redondeadas para esta maravillosa botella isot\u00e9rmica creada por el famoso dise\u00f1ador George Sowden, uno de los miembros fundadores del legendario grupo Memphis creado en Italia en los a\u00f1os 80.Soluci\u00f3n eficaz para mantener sus bebidas calientes o &#8230; <a title=\"Botella Sowden 0.50 L\" class=\"read-more\" href=\"https:\/\/enlineabarcelona.com\/ca\/producto\/botella-sowden-0-50-l\/\" aria-label=\"M\u00e9s informaci\u00f3 sobre Botella Sowden 0.50 L\">Llegiu m\u00e9s<\/a><\/p>\n","protected":false},"featured_media":10805,"comment_status":"closed","ping_status":"open","template":"","meta":{"_acf_changed":false},"product_cat":[1223],"product_tag":[],"disenadores":[1049],"marca":[35],"class_list":{"0":"post-14161","1":"product","2":"type-product","3":"status-publish","4":"has-post-thumbnail","6":"product_cat-complementos-y-acccesoriosoutlet","7":"disenadores-george-sowden-en","8":"marca-hay","9":"sales-flash-overlay","10":"woocommerce-text-align-center","11":"woocommerce-image-align-center","12":"do-quantity-buttons","13":"wc-has-gallery","15":"first","16":"instock","17":"sale","18":"purchasable","19":"product-type-simple"},"acf":[],"_links":{"self":[{"href":"https:\/\/enlineabarcelona.com\/ca\/wp-json\/wp\/v2\/product\/14161","targetHints":{"allow":["GET"]}}],"collection":[{"href":"https:\/\/enlineabarcelona.com\/ca\/wp-json\/wp\/v2\/product"}],"about":[{"href":"https:\/\/enlineabarcelona.com\/ca\/wp-json\/wp\/v2\/types\/product"}],"replies":[{"embeddable":true,"href":"https:\/\/enlineabarcelona.com\/ca\/wp-json\/wp\/v2\/comments?post=14161"}],"wp:featuredmedia":[{"embeddable":true,"href":"https:\/\/enlineabarcelona.com\/ca\/wp-json\/wp\/v2\/media\/10805"}],"wp:attachment":[{"href":"https:\/\/enlineabarcelona.com\/ca\/wp-json\/wp\/v2\/media?parent=14161"}],"wp:term":[{"taxonomy":"product_cat","embeddable":true,"href":"https:\/\/enlineabarcelona.com\/ca\/wp-json\/wp\/v2\/product_cat?post=14161"},{"taxonomy":"product_tag","embeddable":true,"href":"https:\/\/enlineabarcelona.com\/ca\/wp-json\/wp\/v2\/product_tag?post=14161"},{"taxonomy":"disenadores","embeddable":true,"href":"https:\/\/enlineabarcelona.com\/ca\/wp-json\/wp\/v2\/disenadores?post=14161"},{"taxonomy":"marca","embeddable":true,"href":"https:\/\/enlineabarcelona.com\/ca\/wp-json\/wp\/v2\/marca?post=14161"}],"curies":[{"name":"wp","href":"https:\/\/api.w.org\/{rel}","templated":true}]}}