{"id":14163,"date":"2025-10-27T11:19:12","date_gmt":"2025-10-27T11:19:12","guid":{"rendered":"https:\/\/enlineabarcelona.com\/producto\/lampara-petit-potence-granate\/"},"modified":"2025-10-27T11:19:14","modified_gmt":"2025-10-27T11:19:14","slug":"lampara-petit-potence-granate","status":"publish","type":"product","link":"https:\/\/enlineabarcelona.com\/ca\/producto\/lampara-petit-potence-granate\/","title":{"rendered":"L\u00e1mpara Petit Potence &#8211; Granate"},"content":{"rendered":"\n<p>Jean Prouv\u00e9 dise\u00f1\u00f3 la primera versi\u00f3n de la l\u00e1mpara de pared Potence en la d\u00e9cada de 1940 para su casa de Nancy: una simple bombilla al final de un largo brazo de acero pivotante sujeto por un cable de acero. Este dise\u00f1o puro y funcional pronto se fabric\u00f3 en diversos tama\u00f1os, con un mango a\u00f1adido en los modelos m\u00e1s grandes para facilitar el movimiento pivotante. <\/p>\n\n\n\n<p>Las proporciones de Petite Potence son similares a las del modelo Potence de mayor tama\u00f1o, aunque sus compactas dimensiones son ideales para interiores reducidos. El brazo pivotante de esta ic\u00f3nica l\u00e1mpara mide 103 cm de largo, con revestimiento en polvo en los colores obtenidos de las tonalidades originales utilizadas por Prouv\u00e9. El cable est\u00e1 forrado de tela de alta calidad y la bombilla LED es de intensidad regulable. Gracias a su discreto dise\u00f1o, Petite Potence es una opci\u00f3n de iluminaci\u00f3n ideal para una amplia variedad de entornos, desde el comedor y el sal\u00f3n hasta la oficina o una cafeter\u00eda.<\/p>\n\n\n\n<p><\/p>\n","protected":false},"excerpt":{"rendered":"<p>Jean Prouv\u00e9 dise\u00f1\u00f3 la primera versi\u00f3n de la l\u00e1mpara de pared Potence en la d\u00e9cada de 1940 para su casa de Nancy: una simple bombilla al final de un largo brazo de acero pivotante sujeto por un cable de acero. Este dise\u00f1o puro y funcional pronto se fabric\u00f3 en diversos tama\u00f1os, con un mango a\u00f1adido &#8230; <a title=\"L\u00e1mpara Petit Potence &#8211; Granate\" class=\"read-more\" href=\"https:\/\/enlineabarcelona.com\/ca\/producto\/lampara-petit-potence-granate\/\" aria-label=\"M\u00e9s informaci\u00f3 sobre L\u00e1mpara Petit Potence &#8211; Granate\">Llegiu m\u00e9s<\/a><\/p>\n","protected":false},"featured_media":10843,"comment_status":"closed","ping_status":"open","template":"","meta":{"_acf_changed":false},"product_cat":[1222],"product_tag":[],"disenadores":[772],"marca":[26],"class_list":{"0":"post-14163","1":"product","2":"type-product","3":"status-publish","4":"has-post-thumbnail","6":"product_cat-iluminacionoutlet","7":"disenadores-jean-prouve","8":"marca-vitra","9":"sales-flash-overlay","10":"woocommerce-text-align-center","11":"woocommerce-image-align-center","12":"do-quantity-buttons","13":"wc-has-gallery","15":"first","16":"instock","17":"sale","18":"purchasable","19":"product-type-simple"},"acf":[],"_links":{"self":[{"href":"https:\/\/enlineabarcelona.com\/ca\/wp-json\/wp\/v2\/product\/14163","targetHints":{"allow":["GET"]}}],"collection":[{"href":"https:\/\/enlineabarcelona.com\/ca\/wp-json\/wp\/v2\/product"}],"about":[{"href":"https:\/\/enlineabarcelona.com\/ca\/wp-json\/wp\/v2\/types\/product"}],"replies":[{"embeddable":true,"href":"https:\/\/enlineabarcelona.com\/ca\/wp-json\/wp\/v2\/comments?post=14163"}],"wp:featuredmedia":[{"embeddable":true,"href":"https:\/\/enlineabarcelona.com\/ca\/wp-json\/wp\/v2\/media\/10843"}],"wp:attachment":[{"href":"https:\/\/enlineabarcelona.com\/ca\/wp-json\/wp\/v2\/media?parent=14163"}],"wp:term":[{"taxonomy":"product_cat","embeddable":true,"href":"https:\/\/enlineabarcelona.com\/ca\/wp-json\/wp\/v2\/product_cat?post=14163"},{"taxonomy":"product_tag","embeddable":true,"href":"https:\/\/enlineabarcelona.com\/ca\/wp-json\/wp\/v2\/product_tag?post=14163"},{"taxonomy":"disenadores","embeddable":true,"href":"https:\/\/enlineabarcelona.com\/ca\/wp-json\/wp\/v2\/disenadores?post=14163"},{"taxonomy":"marca","embeddable":true,"href":"https:\/\/enlineabarcelona.com\/ca\/wp-json\/wp\/v2\/marca?post=14163"}],"curies":[{"name":"wp","href":"https:\/\/api.w.org\/{rel}","templated":true}]}}