{"id":14165,"date":"2025-10-27T11:19:12","date_gmt":"2025-10-27T11:19:12","guid":{"rendered":"https:\/\/enlineabarcelona.com\/producto\/paper-shade-pantalla\/"},"modified":"2025-10-27T11:19:15","modified_gmt":"2025-10-27T11:19:15","slug":"paper-shade-pantalla","status":"publish","type":"product","link":"https:\/\/enlineabarcelona.com\/ca\/producto\/paper-shade-pantalla\/","title":{"rendered":"Paper Shade &#8211; Pantalla"},"content":{"rendered":"\n<p>La pantalla de l\u00e1mpara de papel de arroz \u00d875 cm de la marca danesa HAY tiene un dise\u00f1o en forma de bola y est\u00e1 fabricada con papel estirado sobre una estructura de bamb\u00fa. La forma de la pantalla recuerda a una cl\u00e1sica linterna de arroz y gracias al material de papel fino, proporciona una luz suave. Combina la pantalla con un soporte de l\u00e1mpara y una fuente de luz para obtener una l\u00e1mpara de techo completa y cu\u00e9lgala sobre la cama o la mesa de centro, por ejemplo.<\/p>\n\n\n\n<p><\/p>\n","protected":false},"excerpt":{"rendered":"<p>La pantalla de l\u00e1mpara de papel de arroz \u00d875 cm de la marca danesa HAY tiene un dise\u00f1o en forma de bola y est\u00e1 fabricada con papel estirado sobre una estructura de bamb\u00fa. La forma de la pantalla recuerda a una cl\u00e1sica linterna de arroz y gracias al material de papel fino, proporciona una luz &#8230; <a title=\"Paper Shade &#8211; Pantalla\" class=\"read-more\" href=\"https:\/\/enlineabarcelona.com\/ca\/producto\/paper-shade-pantalla\/\" aria-label=\"M\u00e9s informaci\u00f3 sobre Paper Shade &#8211; Pantalla\">Llegiu m\u00e9s<\/a><\/p>\n","protected":false},"featured_media":10863,"comment_status":"closed","ping_status":"open","template":"","meta":{"_acf_changed":false},"product_cat":[1227,1226],"product_tag":[],"disenadores":[],"marca":[35],"class_list":{"0":"post-14165","1":"product","2":"type-product","3":"status-publish","4":"has-post-thumbnail","6":"product_cat-lamparas-de-suspension","7":"product_cat-outletiluminacion","8":"marca-hay","9":"sales-flash-overlay","10":"woocommerce-text-align-center","11":"woocommerce-image-align-center","12":"do-quantity-buttons","13":"wc-has-gallery","15":"first","16":"instock","17":"sale","18":"purchasable","19":"product-type-simple"},"acf":[],"_links":{"self":[{"href":"https:\/\/enlineabarcelona.com\/ca\/wp-json\/wp\/v2\/product\/14165","targetHints":{"allow":["GET"]}}],"collection":[{"href":"https:\/\/enlineabarcelona.com\/ca\/wp-json\/wp\/v2\/product"}],"about":[{"href":"https:\/\/enlineabarcelona.com\/ca\/wp-json\/wp\/v2\/types\/product"}],"replies":[{"embeddable":true,"href":"https:\/\/enlineabarcelona.com\/ca\/wp-json\/wp\/v2\/comments?post=14165"}],"wp:featuredmedia":[{"embeddable":true,"href":"https:\/\/enlineabarcelona.com\/ca\/wp-json\/wp\/v2\/media\/10863"}],"wp:attachment":[{"href":"https:\/\/enlineabarcelona.com\/ca\/wp-json\/wp\/v2\/media?parent=14165"}],"wp:term":[{"taxonomy":"product_cat","embeddable":true,"href":"https:\/\/enlineabarcelona.com\/ca\/wp-json\/wp\/v2\/product_cat?post=14165"},{"taxonomy":"product_tag","embeddable":true,"href":"https:\/\/enlineabarcelona.com\/ca\/wp-json\/wp\/v2\/product_tag?post=14165"},{"taxonomy":"disenadores","embeddable":true,"href":"https:\/\/enlineabarcelona.com\/ca\/wp-json\/wp\/v2\/disenadores?post=14165"},{"taxonomy":"marca","embeddable":true,"href":"https:\/\/enlineabarcelona.com\/ca\/wp-json\/wp\/v2\/marca?post=14165"}],"curies":[{"name":"wp","href":"https:\/\/api.w.org\/{rel}","templated":true}]}}