{"id":14167,"date":"2025-10-27T11:19:12","date_gmt":"2025-10-27T11:19:12","guid":{"rendered":"https:\/\/enlineabarcelona.com\/producto\/jarron-nugage\/"},"modified":"2025-10-27T11:19:16","modified_gmt":"2025-10-27T11:19:16","slug":"jarron-nugage","status":"publish","type":"product","link":"https:\/\/enlineabarcelona.com\/ca\/producto\/jarron-nugage\/","title":{"rendered":"Jarr\u00f3n Nuage"},"content":{"rendered":"\n<p>Los jarrones Nuage producen un interesante juego de luces y sombras con su forma ondulada y su acabado en aluminio anodizado de varios colores. En cada grupo de ocho tubos individuales pueden colocarse flores y plantas y, gracias a la precisi\u00f3n de sus contornos exteriores, los jarrones tambi\u00e9n pueden unirse para crear grandes \u00abformaciones de nubes\u00bb.<\/p>\n\n\n\n<p><\/p>\n","protected":false},"excerpt":{"rendered":"<p>Los jarrones Nuage producen un interesante juego de luces y sombras con su forma ondulada y su acabado en aluminio anodizado de varios colores. En cada grupo de ocho tubos individuales pueden colocarse flores y plantas y, gracias a la precisi\u00f3n de sus contornos exteriores, los jarrones tambi\u00e9n pueden unirse para crear grandes \u00abformaciones de &#8230; <a title=\"Jarr\u00f3n Nuage\" class=\"read-more\" href=\"https:\/\/enlineabarcelona.com\/ca\/producto\/jarron-nugage\/\" aria-label=\"M\u00e9s informaci\u00f3 sobre Jarr\u00f3n Nuage\">Llegiu m\u00e9s<\/a><\/p>\n","protected":false},"featured_media":10901,"comment_status":"closed","ping_status":"open","template":"","meta":{"_acf_changed":false},"product_cat":[1225,251],"product_tag":[],"disenadores":[783],"marca":[26],"class_list":{"0":"post-14167","1":"product","2":"type-product","3":"status-publish","4":"has-post-thumbnail","6":"product_cat-accesorios-y-complementosoutlet","7":"product_cat-exterior","8":"disenadores-ronan-erwan-bouroullec","9":"marca-vitra","10":"sales-flash-overlay","11":"woocommerce-text-align-center","12":"woocommerce-image-align-center","13":"do-quantity-buttons","14":"wc-has-gallery","16":"first","17":"instock","18":"sale","19":"purchasable","20":"product-type-simple"},"acf":[],"_links":{"self":[{"href":"https:\/\/enlineabarcelona.com\/ca\/wp-json\/wp\/v2\/product\/14167","targetHints":{"allow":["GET"]}}],"collection":[{"href":"https:\/\/enlineabarcelona.com\/ca\/wp-json\/wp\/v2\/product"}],"about":[{"href":"https:\/\/enlineabarcelona.com\/ca\/wp-json\/wp\/v2\/types\/product"}],"replies":[{"embeddable":true,"href":"https:\/\/enlineabarcelona.com\/ca\/wp-json\/wp\/v2\/comments?post=14167"}],"wp:featuredmedia":[{"embeddable":true,"href":"https:\/\/enlineabarcelona.com\/ca\/wp-json\/wp\/v2\/media\/10901"}],"wp:attachment":[{"href":"https:\/\/enlineabarcelona.com\/ca\/wp-json\/wp\/v2\/media?parent=14167"}],"wp:term":[{"taxonomy":"product_cat","embeddable":true,"href":"https:\/\/enlineabarcelona.com\/ca\/wp-json\/wp\/v2\/product_cat?post=14167"},{"taxonomy":"product_tag","embeddable":true,"href":"https:\/\/enlineabarcelona.com\/ca\/wp-json\/wp\/v2\/product_tag?post=14167"},{"taxonomy":"disenadores","embeddable":true,"href":"https:\/\/enlineabarcelona.com\/ca\/wp-json\/wp\/v2\/disenadores?post=14167"},{"taxonomy":"marca","embeddable":true,"href":"https:\/\/enlineabarcelona.com\/ca\/wp-json\/wp\/v2\/marca?post=14167"}],"curies":[{"name":"wp","href":"https:\/\/api.w.org\/{rel}","templated":true}]}}