{"id":14171,"date":"2025-10-27T11:19:12","date_gmt":"2025-10-27T11:19:12","guid":{"rendered":"https:\/\/enlineabarcelona.com\/producto\/lampara-de-sobremesa-yuh\/"},"modified":"2025-10-27T11:19:19","modified_gmt":"2025-10-27T11:19:19","slug":"lampara-de-sobremesa-yuh","status":"publish","type":"product","link":"https:\/\/enlineabarcelona.com\/ca\/producto\/lampara-de-sobremesa-yuh\/","title":{"rendered":"L\u00e1mpara De Sobremesa Yuh &#8211; Negra"},"content":{"rendered":"\n<p>El d\u00fao de dise\u00f1adores italiano-dan\u00e9s GamFratesi dise\u00f1\u00f3 Yuh para Louis Poulsen en 2017. Introducida inicialmente en blanco y negro, la familia se ampli\u00f3 con nuevas incorporaciones mediante ediciones de lat\u00f3n y m\u00e1rmol. Uno de los rasgos esenciales de la l\u00e1mpara es su personalidad. La luz es flexible y ocupa poco espacio. Se puede girar, subir o bajar, iluminando y creando un ambiente en el espacio deseado. La forma de la pantalla viene determinada geom\u00e9tricamente por el movimiento realizado sobre su v\u00e1stago. Su aspecto minimalista viene dado por la forma circular de su parte inferior, que se torna lineal al alcanzar la abertura situada en la parte superior de la pantalla. Yuh es la transcripci\u00f3n fon\u00e9tica de \u201cyou\u201d representando estas letras el sonido producido por la voz al pronunciar el t\u00e9rmino.<\/p>\n","protected":false},"excerpt":{"rendered":"<p>El d\u00fao de dise\u00f1adores italiano-dan\u00e9s GamFratesi dise\u00f1\u00f3 Yuh para Louis Poulsen en 2017. Introducida inicialmente en blanco y negro, la familia se ampli\u00f3 con nuevas incorporaciones mediante ediciones de lat\u00f3n y m\u00e1rmol. Uno de los rasgos esenciales de la l\u00e1mpara es su personalidad. La luz es flexible y ocupa poco espacio. Se puede girar, subir &#8230; <a title=\"L\u00e1mpara De Sobremesa Yuh &#8211; Negra\" class=\"read-more\" href=\"https:\/\/enlineabarcelona.com\/ca\/producto\/lampara-de-sobremesa-yuh\/\" aria-label=\"M\u00e9s informaci\u00f3 sobre L\u00e1mpara De Sobremesa Yuh &#8211; Negra\">Llegiu m\u00e9s<\/a><\/p>\n","protected":false},"featured_media":10950,"comment_status":"closed","ping_status":"open","template":"","meta":{"_acf_changed":false},"product_cat":[1228,1226],"product_tag":[],"disenadores":[],"marca":[67],"class_list":{"0":"post-14171","1":"product","2":"type-product","3":"status-publish","4":"has-post-thumbnail","6":"product_cat-lamparas-de-sobremesa","7":"product_cat-outletiluminacion","8":"marca-louis-poulsen","9":"sales-flash-overlay","10":"woocommerce-text-align-center","11":"woocommerce-image-align-center","12":"do-quantity-buttons","13":"wc-has-gallery","15":"first","16":"instock","17":"sale","18":"purchasable","19":"product-type-simple"},"acf":[],"_links":{"self":[{"href":"https:\/\/enlineabarcelona.com\/ca\/wp-json\/wp\/v2\/product\/14171","targetHints":{"allow":["GET"]}}],"collection":[{"href":"https:\/\/enlineabarcelona.com\/ca\/wp-json\/wp\/v2\/product"}],"about":[{"href":"https:\/\/enlineabarcelona.com\/ca\/wp-json\/wp\/v2\/types\/product"}],"replies":[{"embeddable":true,"href":"https:\/\/enlineabarcelona.com\/ca\/wp-json\/wp\/v2\/comments?post=14171"}],"wp:featuredmedia":[{"embeddable":true,"href":"https:\/\/enlineabarcelona.com\/ca\/wp-json\/wp\/v2\/media\/10950"}],"wp:attachment":[{"href":"https:\/\/enlineabarcelona.com\/ca\/wp-json\/wp\/v2\/media?parent=14171"}],"wp:term":[{"taxonomy":"product_cat","embeddable":true,"href":"https:\/\/enlineabarcelona.com\/ca\/wp-json\/wp\/v2\/product_cat?post=14171"},{"taxonomy":"product_tag","embeddable":true,"href":"https:\/\/enlineabarcelona.com\/ca\/wp-json\/wp\/v2\/product_tag?post=14171"},{"taxonomy":"disenadores","embeddable":true,"href":"https:\/\/enlineabarcelona.com\/ca\/wp-json\/wp\/v2\/disenadores?post=14171"},{"taxonomy":"marca","embeddable":true,"href":"https:\/\/enlineabarcelona.com\/ca\/wp-json\/wp\/v2\/marca?post=14171"}],"curies":[{"name":"wp","href":"https:\/\/api.w.org\/{rel}","templated":true}]}}