{"id":14172,"date":"2025-10-27T11:19:12","date_gmt":"2025-10-27T11:19:12","guid":{"rendered":"https:\/\/enlineabarcelona.com\/producto\/lampara-cirque-gris\/"},"modified":"2025-10-27T11:19:20","modified_gmt":"2025-10-27T11:19:20","slug":"lampara-cirque-gris","status":"publish","type":"product","link":"https:\/\/enlineabarcelona.com\/ca\/producto\/lampara-cirque-gris\/","title":{"rendered":"L\u00e1mpara Cirque"},"content":{"rendered":"\n<p>La presentaci\u00f3n tuvo lugar en TIVOLI. CIRQUE es un juego entre colores y formas inspirado en los globos, los carruseles, los colores y la luz. La idea de los rangos de color procede de la experiencia de los colores en movimientos circulares, donde a menudo se perciben como l\u00edneas continuas. La forma se inspira en las conocidas c\u00fapulas en forma de cebolla de varios de los edificios del jard\u00edn TIVOLI.<\/p>\n","protected":false},"excerpt":{"rendered":"<p>La presentaci\u00f3n tuvo lugar en TIVOLI. CIRQUE es un juego entre colores y formas inspirado en los globos, los carruseles, los colores y la luz. La idea de los rangos de color procede de la experiencia de los colores en movimientos circulares, donde a menudo se perciben como l\u00edneas continuas. La forma se inspira en &#8230; <a title=\"L\u00e1mpara Cirque\" class=\"read-more\" href=\"https:\/\/enlineabarcelona.com\/ca\/producto\/lampara-cirque-gris\/\" aria-label=\"M\u00e9s informaci\u00f3 sobre L\u00e1mpara Cirque\">Llegiu m\u00e9s<\/a><\/p>\n","protected":false},"featured_media":10966,"comment_status":"closed","ping_status":"open","template":"","meta":{"_acf_changed":false},"product_cat":[1156,1197],"product_tag":[],"disenadores":[880],"marca":[67],"class_list":{"0":"post-14172","1":"product","2":"type-product","3":"status-publish","4":"has-post-thumbnail","6":"product_cat-iluminacion","7":"product_cat-lamparas-de-suspension","8":"disenadores-clara-von-zweigbergk","9":"marca-louis-poulsen","10":"sales-flash-overlay","11":"woocommerce-text-align-center","12":"woocommerce-image-align-center","13":"do-quantity-buttons","14":"wc-has-gallery","16":"first","17":"instock","18":"purchasable","19":"product-type-simple"},"acf":[],"_links":{"self":[{"href":"https:\/\/enlineabarcelona.com\/ca\/wp-json\/wp\/v2\/product\/14172","targetHints":{"allow":["GET"]}}],"collection":[{"href":"https:\/\/enlineabarcelona.com\/ca\/wp-json\/wp\/v2\/product"}],"about":[{"href":"https:\/\/enlineabarcelona.com\/ca\/wp-json\/wp\/v2\/types\/product"}],"replies":[{"embeddable":true,"href":"https:\/\/enlineabarcelona.com\/ca\/wp-json\/wp\/v2\/comments?post=14172"}],"wp:featuredmedia":[{"embeddable":true,"href":"https:\/\/enlineabarcelona.com\/ca\/wp-json\/wp\/v2\/media\/10966"}],"wp:attachment":[{"href":"https:\/\/enlineabarcelona.com\/ca\/wp-json\/wp\/v2\/media?parent=14172"}],"wp:term":[{"taxonomy":"product_cat","embeddable":true,"href":"https:\/\/enlineabarcelona.com\/ca\/wp-json\/wp\/v2\/product_cat?post=14172"},{"taxonomy":"product_tag","embeddable":true,"href":"https:\/\/enlineabarcelona.com\/ca\/wp-json\/wp\/v2\/product_tag?post=14172"},{"taxonomy":"disenadores","embeddable":true,"href":"https:\/\/enlineabarcelona.com\/ca\/wp-json\/wp\/v2\/disenadores?post=14172"},{"taxonomy":"marca","embeddable":true,"href":"https:\/\/enlineabarcelona.com\/ca\/wp-json\/wp\/v2\/marca?post=14172"}],"curies":[{"name":"wp","href":"https:\/\/api.w.org\/{rel}","templated":true}]}}