{"id":14173,"date":"2025-10-27T11:19:12","date_gmt":"2025-10-27T11:19:12","guid":{"rendered":"https:\/\/enlineabarcelona.com\/producto\/lampara-de-mesa-ph-3%c2%bd-2%c2%bd-verde\/"},"modified":"2025-10-27T11:19:20","modified_gmt":"2025-10-27T11:19:20","slug":"lampara-de-mesa-ph-3%c2%bd-2%c2%bd-verde","status":"publish","type":"product","link":"https:\/\/enlineabarcelona.com\/ca\/producto\/lampara-de-mesa-ph-3%c2%bd-2%c2%bd-verde\/","title":{"rendered":"L\u00e1mpara de mesa PH 3\u00bd-2\u00bd \u00a0"},"content":{"rendered":"\n<p>PH 3 \u00bd-2 \u00bd Table fue dise\u00f1ada en 1928 y es uno de los muchos proyectos de desarrollo emprendidos por PH en relaci\u00f3n con el desarrollo de su mundialmente famoso sistema de tres pantallas. La l\u00e1mpara de sobremesa se basa en los dibujos originales de PH, y viene con el primer tipo de soporte de pantalla, con tornillos de ajuste. La pantalla met\u00e1lica superior tiene un borde enrollado, una caracter\u00edstica decorativa y estabilizadora que hace que la pantalla parezca m\u00e1s gruesa que el material real. Las dos pantallas inferiores son de cristal opalino soplado. PH ha descubierto que esta combinaci\u00f3n aprovecha mejor la fuente de luz, dirigi\u00e9ndola hacia abajo gracias al reflejo de la superficie interior blanca de la pantalla superior. El marco es de lat\u00f3n pintado de marr\u00f3n, lo que da a la l\u00e1mpara el mismo aspecto que las l\u00e1mparas de lat\u00f3n bru\u00f1ido de la \u00e9poca, un proceso que ya no se recomienda por motivos medioambientales.<\/p>\n","protected":false},"excerpt":{"rendered":"<p>PH 3 \u00bd-2 \u00bd Table fue dise\u00f1ada en 1928 y es uno de los muchos proyectos de desarrollo emprendidos por PH en relaci\u00f3n con el desarrollo de su mundialmente famoso sistema de tres pantallas. La l\u00e1mpara de sobremesa se basa en los dibujos originales de PH, y viene con el primer tipo de soporte de &#8230; <a title=\"L\u00e1mpara de mesa PH 3\u00bd-2\u00bd \u00a0\" class=\"read-more\" href=\"https:\/\/enlineabarcelona.com\/ca\/producto\/lampara-de-mesa-ph-3%c2%bd-2%c2%bd-verde\/\" aria-label=\"M\u00e9s informaci\u00f3 sobre L\u00e1mpara de mesa PH 3\u00bd-2\u00bd \u00a0\">Llegiu m\u00e9s<\/a><\/p>\n","protected":false},"featured_media":10982,"comment_status":"closed","ping_status":"open","template":"","meta":{"_acf_changed":false},"product_cat":[1156,1198],"product_tag":[],"disenadores":[946],"marca":[67],"class_list":{"0":"post-14173","1":"product","2":"type-product","3":"status-publish","4":"has-post-thumbnail","6":"product_cat-iluminacion","7":"product_cat-lamparas-de-sobremesa","8":"disenadores-poul-henningsen-ca","9":"marca-louis-poulsen","10":"sales-flash-overlay","11":"woocommerce-text-align-center","12":"woocommerce-image-align-center","13":"do-quantity-buttons","14":"wc-has-gallery","16":"first","17":"instock","18":"purchasable","19":"product-type-simple"},"acf":[],"_links":{"self":[{"href":"https:\/\/enlineabarcelona.com\/ca\/wp-json\/wp\/v2\/product\/14173","targetHints":{"allow":["GET"]}}],"collection":[{"href":"https:\/\/enlineabarcelona.com\/ca\/wp-json\/wp\/v2\/product"}],"about":[{"href":"https:\/\/enlineabarcelona.com\/ca\/wp-json\/wp\/v2\/types\/product"}],"replies":[{"embeddable":true,"href":"https:\/\/enlineabarcelona.com\/ca\/wp-json\/wp\/v2\/comments?post=14173"}],"wp:featuredmedia":[{"embeddable":true,"href":"https:\/\/enlineabarcelona.com\/ca\/wp-json\/wp\/v2\/media\/10982"}],"wp:attachment":[{"href":"https:\/\/enlineabarcelona.com\/ca\/wp-json\/wp\/v2\/media?parent=14173"}],"wp:term":[{"taxonomy":"product_cat","embeddable":true,"href":"https:\/\/enlineabarcelona.com\/ca\/wp-json\/wp\/v2\/product_cat?post=14173"},{"taxonomy":"product_tag","embeddable":true,"href":"https:\/\/enlineabarcelona.com\/ca\/wp-json\/wp\/v2\/product_tag?post=14173"},{"taxonomy":"disenadores","embeddable":true,"href":"https:\/\/enlineabarcelona.com\/ca\/wp-json\/wp\/v2\/disenadores?post=14173"},{"taxonomy":"marca","embeddable":true,"href":"https:\/\/enlineabarcelona.com\/ca\/wp-json\/wp\/v2\/marca?post=14173"}],"curies":[{"name":"wp","href":"https:\/\/api.w.org\/{rel}","templated":true}]}}