{"id":14174,"date":"2025-10-27T11:19:12","date_gmt":"2025-10-27T11:19:12","guid":{"rendered":"https:\/\/enlineabarcelona.com\/producto\/reloj-diamond-markers-blanco\/"},"modified":"2025-10-27T11:19:21","modified_gmt":"2025-10-27T11:19:21","slug":"reloj-diamond-markers-blanco","status":"publish","type":"product","link":"https:\/\/enlineabarcelona.com\/ca\/producto\/reloj-diamond-markers-blanco\/","title":{"rendered":"Reloj Diamond Markers &#8211; Blanco"},"content":{"rendered":"\n<p>En 1947, el dise\u00f1ador americano George Nelson recibi\u00f3 el encargo de crear una colecci\u00f3n de relojes. Despu\u00e9s de estudiar la forma en que la gente utilizaba los relojes, Nelson lleg\u00f3 a la conclusi\u00f3n de que la hora se pod\u00eda leer seg\u00fan la posici\u00f3n relativa de las agujas, lo que permit\u00eda prescindir de los n\u00fameros. Adem\u00e1s, como la mayor\u00eda utilizaba relojes de pulsera, supuso que los relojes de pared hab\u00edan pasado a ser elementos decorativos de los interiores.<\/p>\n\n\n\n<p>Con su colecci\u00f3n de Wall Clocks (1949-1960), George Nelson cre\u00f3 una amplia gama de relojes, algunos de los cuales se han convertido en aut\u00e9nticos iconos de los a\u00f1os cincuenta.<\/p>\n\n\n\n<p><\/p>\n","protected":false},"excerpt":{"rendered":"<p>En 1947, el dise\u00f1ador americano George Nelson recibi\u00f3 el encargo de crear una colecci\u00f3n de relojes. Despu\u00e9s de estudiar la forma en que la gente utilizaba los relojes, Nelson lleg\u00f3 a la conclusi\u00f3n de que la hora se pod\u00eda leer seg\u00fan la posici\u00f3n relativa de las agujas, lo que permit\u00eda prescindir de los n\u00fameros. Adem\u00e1s, &#8230; <a title=\"Reloj Diamond Markers &#8211; Blanco\" class=\"read-more\" href=\"https:\/\/enlineabarcelona.com\/ca\/producto\/reloj-diamond-markers-blanco\/\" aria-label=\"M\u00e9s informaci\u00f3 sobre Reloj Diamond Markers &#8211; Blanco\">Llegiu m\u00e9s<\/a><\/p>\n","protected":false},"featured_media":10992,"comment_status":"closed","ping_status":"open","template":"","meta":{"_acf_changed":false},"product_cat":[1230,1229],"product_tag":[],"disenadores":[830],"marca":[26],"class_list":{"0":"post-14174","1":"product","2":"type-product","3":"status-publish","4":"has-post-thumbnail","6":"product_cat-accesoriosoutlet","7":"product_cat-complementos-y-acccesoriosmobiliario","8":"disenadores-george-nelson","9":"marca-vitra","10":"sales-flash-overlay","11":"woocommerce-text-align-center","12":"woocommerce-image-align-center","13":"do-quantity-buttons","14":"wc-has-gallery","16":"first","17":"instock","18":"sale","19":"purchasable","20":"product-type-simple"},"acf":[],"_links":{"self":[{"href":"https:\/\/enlineabarcelona.com\/ca\/wp-json\/wp\/v2\/product\/14174","targetHints":{"allow":["GET"]}}],"collection":[{"href":"https:\/\/enlineabarcelona.com\/ca\/wp-json\/wp\/v2\/product"}],"about":[{"href":"https:\/\/enlineabarcelona.com\/ca\/wp-json\/wp\/v2\/types\/product"}],"replies":[{"embeddable":true,"href":"https:\/\/enlineabarcelona.com\/ca\/wp-json\/wp\/v2\/comments?post=14174"}],"wp:featuredmedia":[{"embeddable":true,"href":"https:\/\/enlineabarcelona.com\/ca\/wp-json\/wp\/v2\/media\/10992"}],"wp:attachment":[{"href":"https:\/\/enlineabarcelona.com\/ca\/wp-json\/wp\/v2\/media?parent=14174"}],"wp:term":[{"taxonomy":"product_cat","embeddable":true,"href":"https:\/\/enlineabarcelona.com\/ca\/wp-json\/wp\/v2\/product_cat?post=14174"},{"taxonomy":"product_tag","embeddable":true,"href":"https:\/\/enlineabarcelona.com\/ca\/wp-json\/wp\/v2\/product_tag?post=14174"},{"taxonomy":"disenadores","embeddable":true,"href":"https:\/\/enlineabarcelona.com\/ca\/wp-json\/wp\/v2\/disenadores?post=14174"},{"taxonomy":"marca","embeddable":true,"href":"https:\/\/enlineabarcelona.com\/ca\/wp-json\/wp\/v2\/marca?post=14174"}],"curies":[{"name":"wp","href":"https:\/\/api.w.org\/{rel}","templated":true}]}}