{"id":14175,"date":"2025-10-27T11:19:12","date_gmt":"2025-10-27T11:19:12","guid":{"rendered":"https:\/\/enlineabarcelona.com\/producto\/lampara-pendant-light-a110\/"},"modified":"2025-10-27T11:19:21","modified_gmt":"2025-10-27T11:19:21","slug":"lampara-pendant-light-a110","status":"publish","type":"product","link":"https:\/\/enlineabarcelona.com\/ca\/producto\/lampara-pendant-light-a110\/","title":{"rendered":"L\u00e1mpara pendant light A110"},"content":{"rendered":"\n<p>Compuesta por una pantalla de acero lacado y un anillo interior, la l\u00e1mpara colgante A110 proporciona una excepcional calidad de luz de tonos c\u00e1lidos. La \u201cGranada de Mano\u201d proyecta tanto luz directa como indirecta hacia los techos, y su anillo interior perforado crea un efecto de halo alrededor de la l\u00e1mpara, al mismo tiempo que reduce el deslumbramiento. La \u201cGranada de Mano\u201d fue dise\u00f1ada para el edificio que Alvar Aalto cre\u00f3 para la Asociaci\u00f3n de Ingenieros de Finlandia.<\/p>\n","protected":false},"excerpt":{"rendered":"<p>Compuesta por una pantalla de acero lacado y un anillo interior, la l\u00e1mpara colgante A110 proporciona una excepcional calidad de luz de tonos c\u00e1lidos. La \u201cGranada de Mano\u201d proyecta tanto luz directa como indirecta hacia los techos, y su anillo interior perforado crea un efecto de halo alrededor de la l\u00e1mpara, al mismo tiempo que &#8230; <a title=\"L\u00e1mpara pendant light A110\" class=\"read-more\" href=\"https:\/\/enlineabarcelona.com\/ca\/producto\/lampara-pendant-light-a110\/\" aria-label=\"M\u00e9s informaci\u00f3 sobre L\u00e1mpara pendant light A110\">Llegiu m\u00e9s<\/a><\/p>\n","protected":false},"featured_media":11005,"comment_status":"closed","ping_status":"open","template":"","meta":{"_acf_changed":false},"product_cat":[1156,1197],"product_tag":[],"disenadores":[873],"marca":[98],"class_list":{"0":"post-14175","1":"product","2":"type-product","3":"status-publish","4":"has-post-thumbnail","6":"product_cat-iluminacion","7":"product_cat-lamparas-de-suspension","8":"disenadores-alvar-aalto","9":"marca-artek","10":"sales-flash-overlay","11":"woocommerce-text-align-center","12":"woocommerce-image-align-center","13":"do-quantity-buttons","14":"wc-has-gallery","16":"first","17":"instock","18":"purchasable","19":"product-type-simple"},"acf":[],"_links":{"self":[{"href":"https:\/\/enlineabarcelona.com\/ca\/wp-json\/wp\/v2\/product\/14175","targetHints":{"allow":["GET"]}}],"collection":[{"href":"https:\/\/enlineabarcelona.com\/ca\/wp-json\/wp\/v2\/product"}],"about":[{"href":"https:\/\/enlineabarcelona.com\/ca\/wp-json\/wp\/v2\/types\/product"}],"replies":[{"embeddable":true,"href":"https:\/\/enlineabarcelona.com\/ca\/wp-json\/wp\/v2\/comments?post=14175"}],"wp:featuredmedia":[{"embeddable":true,"href":"https:\/\/enlineabarcelona.com\/ca\/wp-json\/wp\/v2\/media\/11005"}],"wp:attachment":[{"href":"https:\/\/enlineabarcelona.com\/ca\/wp-json\/wp\/v2\/media?parent=14175"}],"wp:term":[{"taxonomy":"product_cat","embeddable":true,"href":"https:\/\/enlineabarcelona.com\/ca\/wp-json\/wp\/v2\/product_cat?post=14175"},{"taxonomy":"product_tag","embeddable":true,"href":"https:\/\/enlineabarcelona.com\/ca\/wp-json\/wp\/v2\/product_tag?post=14175"},{"taxonomy":"disenadores","embeddable":true,"href":"https:\/\/enlineabarcelona.com\/ca\/wp-json\/wp\/v2\/disenadores?post=14175"},{"taxonomy":"marca","embeddable":true,"href":"https:\/\/enlineabarcelona.com\/ca\/wp-json\/wp\/v2\/marca?post=14175"}],"curies":[{"name":"wp","href":"https:\/\/api.w.org\/{rel}","templated":true}]}}